{"id":8468,"date":"2025-03-18T13:30:16","date_gmt":"2025-03-18T12:30:16","guid":{"rendered":"https:\/\/lpkamrat.se\/wordpress\/?page_id=8468"},"modified":"2025-10-18T22:39:40","modified_gmt":"2025-10-18T20:39:40","slug":"nyhetsbrev-mars-2025","status":"publish","type":"page","link":"https:\/\/lpkamrat.se\/wordpress\/nyhetsbrev-mars-2025\/","title":{"rendered":"Nyhetsbrev Mars 2025"},"content":{"rendered":"\t\t<div data-elementor-type=\"wp-page\" data-elementor-id=\"8468\" class=\"elementor elementor-8468\" data-elementor-post-type=\"page\">\n\t\t\t\t<div class=\"elementor-element elementor-element-9fbc10c e-flex e-con-boxed e-con e-parent\" data-id=\"9fbc10c\" data-element_type=\"container\" data-e-type=\"container\">\n\t\t\t\t\t<div class=\"e-con-inner\">\n\t\t\t\t<div class=\"elementor-element elementor-element-b415991 elementor-widget elementor-widget-spacer\" data-id=\"b415991\" data-element_type=\"widget\" data-e-type=\"widget\" data-widget_type=\"spacer.default\">\n\t\t\t\t<div class=\"elementor-widget-container\">\n\t\t\t\t\t\t\t<div class=\"elementor-spacer\">\n\t\t\t<div class=\"elementor-spacer-inner\"><\/div>\n\t\t<\/div>\n\t\t\t\t\t\t<\/div>\n\t\t\t\t<\/div>\n\t\t\t\t\t<\/div>\n\t\t\t\t<\/div>\n\t\t<div class=\"elementor-element elementor-element-3e73c27 e-flex e-con-boxed e-con e-parent\" data-id=\"3e73c27\" data-element_type=\"container\" data-e-type=\"container\">\n\t\t\t\t\t<div class=\"e-con-inner\">\n\t\t\t\t<div class=\"elementor-element elementor-element-c9664f7 elementor-widget__width-initial elementor-widget-tablet__width-initial elementor-widget-mobile__width-initial elementor-widget elementor-widget-heading\" data-id=\"c9664f7\" data-element_type=\"widget\" data-e-type=\"widget\" data-widget_type=\"heading.default\">\n\t\t\t\t<div class=\"elementor-widget-container\">\n\t\t\t\t\t<h2 class=\"elementor-heading-title elementor-size-default\">Mars 2025<\/h2>\t\t\t\t<\/div>\n\t\t\t\t<\/div>\n\t\t\t\t\t<\/div>\n\t\t\t\t<\/div>\n\t\t<div class=\"elementor-element elementor-element-da4c014 e-con-full e-flex e-con e-parent\" data-id=\"da4c014\" data-element_type=\"container\" data-e-type=\"container\">\n\t\t\t\t<div class=\"elementor-element elementor-element-4d173ee elementor-widget__width-initial elementor-widget-mobile__width-initial elementor-widget elementor-widget-text-editor\" data-id=\"4d173ee\" data-element_type=\"widget\" data-e-type=\"widget\" data-widget_type=\"text-editor.default\">\n\t\t\t\t<div class=\"elementor-widget-container\">\n\t\t\t\t\t\t\t\t\t<p class=\"western\"><span style=\"font-family: Times New Roman, serif;\"><span style=\"font-size: large;\"><b>Medlemsbrev <\/b><\/span><\/span><\/p><p class=\"western\"><span style=\"font-family: Times New Roman, serif;\"><span style=\"font-size: large;\">Nytt \u00e5r med mycket som h\u00e4nder i v\u00e5r omv\u00e4rld. Oro, ekonomiska sv\u00e5righeter, ensamhet och isolering breder ut sig. F\u00f6r LP Kamrat \u00e4r det angel\u00e4get att forts\u00e4tta det uppdrag vi har, att vara till st\u00f6d och hj\u00e4lp f\u00f6r varandra. Men det \u00e4r inte bara sv\u00e5righeter vi m\u00f6ter. Det finns s\u00e5 mycket hopp, roliga aktiviteter och stunder och s\u00e5 m\u00e5nga som i gemenskapen f\u00e5r ny livsgnista. <\/span><\/span><\/p><p class=\"western\"><span style=\"font-family: Times New Roman, serif;\"><span style=\"font-size: large;\">Nedan ser ni kallelse till \u00e5rsm\u00f6te f\u00f6r LP Kamrat, information om medlemsavgift f\u00f6r 2025 och tid och plats f\u00f6r sommarens l\u00e4ger.<\/span><\/span><\/p><h2 class=\"western\"><span style=\"font-family: Times New Roman, serif;\"><span style=\"font-size: large;\">Kallelse till \u00c5rsm\u00f6te<\/span><\/span><\/h2><p class=\"western\"><span style=\"font-family: Times New Roman, serif;\"><span style=\"font-size: large;\"><b>Tid:<\/b> L\u00f6rdagen den 26 april kl. 12.00. <\/span><\/span><\/p><p class=\"western\"><span style=\"font-family: Times New Roman, serif;\"><span style=\"font-size: large;\"><b>Plats:<\/b> Salemkyrkan i Sigtuna<\/span><\/span><\/p><p class=\"western\"><span style=\"font-family: Times New Roman, serif;\"><span style=\"font-size: large;\">Vi f\u00e5r tillf\u00e4lle att l\u00e4gga ett h\u00e4ndelserikt, sp\u00e4nnande \u00e5r bakom oss och se fram mot 2025. <\/span><\/span><\/p><p class=\"western\"><span style=\"font-family: Times New Roman, serif;\"><span style=\"font-size: large;\">Vi bjuder p\u00e5 en enkel lunch och g\u00e5r sedan \u00f6ver till \u00e5rsm\u00f6tesf\u00f6rhandlingarna.<\/span><\/span><\/p><p class=\"western\"><span style=\"font-family: Times New Roman, serif;\"><span style=\"font-size: large;\">Alla \u00e4r varmt v\u00e4lkomna men det \u00e4r viktigt att du anm\u00e4ler dig till <\/span><\/span><span style=\"color: #0000ff;\"><u><a href=\"mailto:info@lp-kamrat.se\"><span style=\"font-family: Times New Roman, serif;\"><span style=\"font-size: large;\">info@lpkamrat.se<\/span><\/span><\/a><\/u><\/span><\/p><p class=\"western\"><span style=\"font-family: Times New Roman, serif;\"><span style=\"font-size: large;\">s\u00e5 att vi kan ber\u00e4kna maten. <\/span><\/span><\/p><h2 class=\"western\"><span style=\"font-family: Times New Roman, serif;\"><span style=\"font-size: large;\">Medlemsavgift<\/span><\/span><\/h2><p class=\"western\"><span style=\"font-family: Times New Roman, serif;\"><span style=\"font-size: large;\">Medlemsavgiften f\u00f6r 2025 \u00e4r 150 kronor. Den som inte har m\u00f6jlighet att just nu vara med och bidra f\u00e5r vara medlem \u00e4nd\u00e5. Vi \u00f6nskar och hoppas naturligtvis att det finns m\u00e5nga som har m\u00f6jlighet att skicka in medlemsavgift och g\u00e4rna en g\u00e5va. Det hj\u00e4lper oss att n\u00e5 ut till fler som beh\u00f6ver kontakt, st\u00f6d och gemenskap. Tack f\u00f6r att du vill hj\u00e4lpa till. <b>Plusgiro 30 93 60-6<\/b>, eller <b>Swish: 123\u00a0051 65 91<\/b>. <span style=\"color: #ff0000;\">L\u00e4gga in QR??<\/span><\/span><\/span><\/p><h2 class=\"western\"><span style=\"font-family: Times New Roman, serif;\"><span style=\"font-size: large;\">Sommarl\u00e4ger<\/span><\/span><\/h2><p class=\"western\"><span style=\"font-family: Times New Roman, serif;\"><span style=\"font-size: large;\">Inom LP Kamrat anordnas 2025 tre sommarl\u00e4ger. Helt fantastiskt! Mer information om sommarl\u00e4ger kommer senare. Nu vill vi bara informera om plats och datum. <\/span><\/span><\/p><h3 class=\"western\"><span style=\"font-family: Calibri, serif;\"><span style=\"font-size: medium;\">Drakudden 9 &#8211; 12 juli<\/span><\/span><\/h3><h3 class=\"western\"><span style=\"font-family: Calibri, serif;\"><span style=\"font-size: medium;\">Gultebo 4-7 augusti<\/span><\/span><\/h3><h3 class=\"western\"><span style=\"font-family: Calibri, serif;\"><span style=\"font-size: medium;\">Flatebyn T\u00e4ltvecka 23\u201327 Juli<\/span><\/span><\/h3><p class=\"western\"><span style=\"font-family: Times New Roman, serif;\"><span style=\"font-size: large;\">Gud v\u00e4lsigne er alla, k\u00e4ra LP Kamratv\u00e4nner. Vi kan bara hoppas att vi snart f\u00e5r m\u00f6jlighet att tr\u00e4ffas. Under tiden f\u00e5r vi forts\u00e4tta att g\u00f6ra vad vi kan f\u00f6r varandra. Det \u00e4r v\u00e5rt uppdrag och i dessa tider viktigare \u00e4n n\u00e5gonsin.<\/span><\/span><\/p><p class=\"western\"><span style=\"font-family: Times New Roman, serif;\"><span style=\"font-size: large;\">M\u00e4rsta 2025-03-10 <\/span><\/span><\/p><p class=\"western\"><span style=\"font-family: Times New Roman, serif;\"><span style=\"font-size: large;\">Varma H\u00e4lsningar, <\/span><\/span><\/p><p class=\"western\"><span style=\"font-family: Times New Roman, serif;\"><span style=\"font-size: large;\"><i><b>Kerstin Eriksson<\/b><\/i><\/span><\/span><\/p><p><img decoding=\"async\" class=\"aligncenter\" src=\"https:\/\/st2.depositphotos.com\/1036429\/10759\/i\/450\/depositphotos_107591256-stock-photo-flowers-of-foalfoot-tussilago-farfara.jpg\" width=\"10%\" \/><\/p>\t\t\t\t\t\t\t\t<\/div>\n\t\t\t\t<\/div>\n\t\t\t\t<\/div>\n\t\t\t\t<\/div>\n\t\t","protected":false},"excerpt":{"rendered":"<p>Mars 2025 Medlemsbrev Nytt \u00e5r med mycket som h\u00e4nder i v\u00e5r omv\u00e4rld. Oro, ekonomiska sv\u00e5righeter, ensamhet och isolering breder ut sig. F\u00f6r LP Kamrat \u00e4r det angel\u00e4get att forts\u00e4tta det uppdrag vi har, att vara till st\u00f6d och hj\u00e4lp f\u00f6r varandra. Men det \u00e4r inte bara sv\u00e5righeter vi m\u00f6ter. Det finns s\u00e5 mycket hopp, roliga&hellip;<\/p>\n","protected":false},"author":5,"featured_media":0,"parent":0,"menu_order":0,"comment_status":"closed","ping_status":"closed","template":"","meta":{"footnotes":""},"class_list":["post-8468","page","type-page","status-publish","hentry"],"aioseo_notices":[],"_links":{"self":[{"href":"https:\/\/lpkamrat.se\/wordpress\/wp-json\/wp\/v2\/pages\/8468","targetHints":{"allow":["GET"]}}],"collection":[{"href":"https:\/\/lpkamrat.se\/wordpress\/wp-json\/wp\/v2\/pages"}],"about":[{"href":"https:\/\/lpkamrat.se\/wordpress\/wp-json\/wp\/v2\/types\/page"}],"author":[{"embeddable":true,"href":"https:\/\/lpkamrat.se\/wordpress\/wp-json\/wp\/v2\/users\/5"}],"replies":[{"embeddable":true,"href":"https:\/\/lpkamrat.se\/wordpress\/wp-json\/wp\/v2\/comments?post=8468"}],"version-history":[{"count":0,"href":"https:\/\/lpkamrat.se\/wordpress\/wp-json\/wp\/v2\/pages\/8468\/revisions"}],"wp:attachment":[{"href":"https:\/\/lpkamrat.se\/wordpress\/wp-json\/wp\/v2\/media?parent=8468"}],"curies":[{"name":"wp","href":"https:\/\/api.w.org\/{rel}","templated":true}]}}