{"id":7762,"date":"2025-03-03T21:41:11","date_gmt":"2025-03-03T20:41:11","guid":{"rendered":"https:\/\/lpkamrat.se\/wordpress\/?page_id=7762"},"modified":"2025-10-18T22:54:01","modified_gmt":"2025-10-18T20:54:01","slug":"oktober-2024","status":"publish","type":"page","link":"https:\/\/lpkamrat.se\/wordpress\/oktober-2024\/","title":{"rendered":"Oktober 2024"},"content":{"rendered":"\t\t<div data-elementor-type=\"wp-page\" data-elementor-id=\"7762\" class=\"elementor elementor-7762\" data-elementor-post-type=\"page\">\n\t\t\t\t<div class=\"elementor-element elementor-element-9782b26 e-flex e-con-boxed e-con e-parent\" data-id=\"9782b26\" data-element_type=\"container\" data-e-type=\"container\">\n\t\t\t\t\t<div class=\"e-con-inner\">\n\t\t\t\t<div class=\"elementor-element elementor-element-fb63c8f elementor-widget__width-initial elementor-widget-tablet__width-initial elementor-widget elementor-widget-heading\" data-id=\"fb63c8f\" data-element_type=\"widget\" data-e-type=\"widget\" data-widget_type=\"heading.default\">\n\t\t\t\t<div class=\"elementor-widget-container\">\n\t\t\t\t\t<h2 class=\"elementor-heading-title elementor-size-default\">Oktober 2024<\/h2>\t\t\t\t<\/div>\n\t\t\t\t<\/div>\n\t\t\t\t<div class=\"elementor-element elementor-element-8bfa235 elementor-widget__width-initial elementor-widget-tablet__width-initial elementor-widget elementor-widget-image\" data-id=\"8bfa235\" data-element_type=\"widget\" data-e-type=\"widget\" data-widget_type=\"image.default\">\n\t\t\t\t<div class=\"elementor-widget-container\">\n\t\t\t\t\t\t\t\t\t\t\t\t\t\t\t<img decoding=\"async\" src=\"https:\/\/lpkamrat.se\/wordpress\/wp-content\/uploads\/2025\/03\/leaves.jpg\" title=\"leaves\" alt=\"leaves\" loading=\"lazy\" \/>\t\t\t\t\t\t\t\t\t\t\t\t\t\t\t<\/div>\n\t\t\t\t<\/div>\n\t\t\t\t<div class=\"elementor-element elementor-element-ba0d802 elementor-widget elementor-widget-spacer\" data-id=\"ba0d802\" data-element_type=\"widget\" data-e-type=\"widget\" data-widget_type=\"spacer.default\">\n\t\t\t\t<div class=\"elementor-widget-container\">\n\t\t\t\t\t\t\t<div class=\"elementor-spacer\">\n\t\t\t<div class=\"elementor-spacer-inner\"><\/div>\n\t\t<\/div>\n\t\t\t\t\t\t<\/div>\n\t\t\t\t<\/div>\n\t\t\t\t<div class=\"elementor-element elementor-element-446f123 elementor-widget__width-initial elementor-widget-tablet__width-initial elementor-widget elementor-widget-text-editor\" data-id=\"446f123\" data-element_type=\"widget\" data-e-type=\"widget\" data-widget_type=\"text-editor.default\">\n\t\t\t\t<div class=\"elementor-widget-container\">\n\t\t\t\t\t\t\t\t\t<p>K\u00e4ra LP Kamratv\u00e4nner,<\/p><p>Hoppas att ni har haft en fin sommar och f\u00e5tt m\u00f6jlighetatt njuta av b\u00e5de vila och \u00e5terh\u00e4mtning! Vi \u00e4r s\u00e5 tacksamma f\u00f6r alla rapporter fr\u00e5n sommarl\u00e4ger och andra aktiviteter under sommaren.<br \/>Gemenskapen med varandra har betytt mycket. M\u00e5nga har ocks\u00e5 f\u00e5tt uppleva Gudsm\u00f6ten p\u00e5 ett alldeles s\u00e4rskilt s\u00e4tt.<br \/>Men nu st\u00e5r vi mitt i en h\u00e4rlig h\u00f6st, fylld med nya m\u00f6jligheter, aktiviteter och sp\u00e4nnande utmaningar.<\/p><p>Vi hade en visionsdag den 21 september d\u00e5 flera fr\u00e5gor lyftes. Man efterfr\u00e5gade bland annat mer arbete f\u00f6r kvinnor och unga anh\u00f6riga. H\u00e4r beh\u00f6ver vi st\u00e4rka arbetet och n\u00e5gra initiativ \u00e4r p\u00e5 g\u00e5ng.<\/p><p>Viplanerar f\u00f6r en digital tr\u00e4ff f\u00f6r dem som s\u00e4rskilt vill engagera sig i att st\u00f6dja kvinnor som lever iutsatthet. Sedan f\u00e5r vi se vad som v\u00e4xer fram efter den tr\u00e4ffen. Information och inbjudan till tr\u00e4ffen kommer via mail eller sms.<\/p><p>N\u00e4r det g\u00e4ller unga anh\u00f6riga finns n\u00e5gra initiativ p\u00e5 g\u00e5ng, motortr\u00e4ffar \u2013meka i garage och plan f\u00f6r grupper som vill l\u00e4ra sig mer om foto och film. Det v\u00e4xer fram andra id\u00e9er ocks\u00e5 men vi beh\u00f6ver fler f\u00f6rslag p\u00e5 initiativ.<\/p><p>Jag vill passa p\u00e5 att informera om n\u00e5gra datum som \u00e4r inplanerade. Mer information kommer p\u00e5 sms och Facebook.<\/p><p>&#8211; Samling i pingstkyrkan i Skultuna onsdagar kl. 19.00<br \/>&#8211; Kvinnok\u00e4llan, pingstkyrkan i Skultuna en g\u00e5ng per m\u00e5nad n\u00e4sta tr\u00e4ff den 23 november.<br \/>&#8211; Samtalsgrupp med matgemenskap, LP kontakten i Finsp\u00e5ng onsdagar kl. 12.15<br \/>&#8211; Gemenskapstr\u00e4ff, LP kontakten i Finsp\u00e5ng den 30 november kl. 11.30.<br \/>&#8211; Julfest i Missionskyrkan i Finsp\u00e5ng den 10 december.<br \/>&#8211; \u00d6rebro, tr\u00e4ffar 1 g\u00e5ng per m\u00e5nad, tid och plats annonseras p\u00e5 facebook.<br \/>&#8211; Julfest i Odensala bygdeg\u00e5rd, M\u00e4rsta (d\u00e4r vi var f\u00f6rra \u00e5ret) den 7 december kl. 16.00.<\/p><p>Tillsammans kan vi forts\u00e4tta att utveckla f\u00f6reningen och st\u00e4rka v\u00e5r gemenskap. Vi f\u00e5r st\u00e5 tillsammansi tro, b\u00f6n och handling. Framf\u00f6rallt k\u00e4ra LP Kamratv\u00e4nner beh\u00f6vs fler h\u00e4nder och f\u00f6tter, fler som lyssnar och st\u00f6ttar, ekonomiska resurser och f\u00f6rebedjare.<\/p><p>Varma H\u00e4lsningar,<br \/><b>Kerstin Eriksson<\/b><\/p>\t\t\t\t\t\t\t\t<\/div>\n\t\t\t\t<\/div>\n\t\t\t\t\t<\/div>\n\t\t\t\t<\/div>\n\t\t\t\t<\/div>\n\t\t","protected":false},"excerpt":{"rendered":"<p>Oktober 2024 K\u00e4ra LP Kamratv\u00e4nner, Hoppas att ni har haft en fin sommar och f\u00e5tt m\u00f6jlighetatt njuta av b\u00e5de vila och \u00e5terh\u00e4mtning! Vi \u00e4r s\u00e5 tacksamma f\u00f6r alla rapporter fr\u00e5n sommarl\u00e4ger och andra aktiviteter under sommaren.Gemenskapen med varandra har betytt mycket. M\u00e5nga har ocks\u00e5 f\u00e5tt uppleva Gudsm\u00f6ten p\u00e5 ett alldeles s\u00e4rskilt s\u00e4tt.Men nu st\u00e5r vi&hellip;<\/p>\n","protected":false},"author":5,"featured_media":0,"parent":0,"menu_order":0,"comment_status":"closed","ping_status":"closed","template":"","meta":{"footnotes":""},"class_list":["post-7762","page","type-page","status-publish","hentry"],"aioseo_notices":[],"_links":{"self":[{"href":"https:\/\/lpkamrat.se\/wordpress\/wp-json\/wp\/v2\/pages\/7762","targetHints":{"allow":["GET"]}}],"collection":[{"href":"https:\/\/lpkamrat.se\/wordpress\/wp-json\/wp\/v2\/pages"}],"about":[{"href":"https:\/\/lpkamrat.se\/wordpress\/wp-json\/wp\/v2\/types\/page"}],"author":[{"embeddable":true,"href":"https:\/\/lpkamrat.se\/wordpress\/wp-json\/wp\/v2\/users\/5"}],"replies":[{"embeddable":true,"href":"https:\/\/lpkamrat.se\/wordpress\/wp-json\/wp\/v2\/comments?post=7762"}],"version-history":[{"count":0,"href":"https:\/\/lpkamrat.se\/wordpress\/wp-json\/wp\/v2\/pages\/7762\/revisions"}],"wp:attachment":[{"href":"https:\/\/lpkamrat.se\/wordpress\/wp-json\/wp\/v2\/media?parent=7762"}],"curies":[{"name":"wp","href":"https:\/\/api.w.org\/{rel}","templated":true}]}}