{"id":7721,"date":"2025-03-03T15:47:55","date_gmt":"2025-03-03T14:47:55","guid":{"rendered":"https:\/\/lpkamrat.se\/wordpress\/?page_id=7721"},"modified":"2025-05-04T16:07:14","modified_gmt":"2025-05-04T14:07:14","slug":"maj-2024","status":"publish","type":"page","link":"https:\/\/lpkamrat.se\/wordpress\/maj-2024\/","title":{"rendered":"Maj 2024"},"content":{"rendered":"\t\t<div data-elementor-type=\"wp-page\" data-elementor-id=\"7721\" class=\"elementor elementor-7721\" data-elementor-post-type=\"page\">\n\t\t\t\t<div class=\"elementor-element elementor-element-afd77de e-flex e-con-boxed e-con e-parent\" data-id=\"afd77de\" data-element_type=\"container\" data-e-type=\"container\">\n\t\t\t\t\t<div class=\"e-con-inner\">\n\t\t\t\t<div class=\"elementor-element elementor-element-8b00dd0 elementor-widget elementor-widget-heading\" data-id=\"8b00dd0\" data-element_type=\"widget\" data-e-type=\"widget\" data-widget_type=\"heading.default\">\n\t\t\t\t<div class=\"elementor-widget-container\">\n\t\t\t\t\t<h2 class=\"elementor-heading-title elementor-size-default\">Maj 2024<\/h2>\t\t\t\t<\/div>\n\t\t\t\t<\/div>\n\t\t\t\t\t<\/div>\n\t\t\t\t<\/div>\n\t\t<div class=\"elementor-element elementor-element-52b8b71 e-flex e-con-boxed e-con e-parent\" data-id=\"52b8b71\" data-element_type=\"container\" data-e-type=\"container\" data-settings=\"{&quot;background_background&quot;:&quot;gradient&quot;}\">\n\t\t\t\t\t<div class=\"e-con-inner\">\n\t\t\t\t<div class=\"elementor-element elementor-element-a12b46d elementor-widget__width-initial elementor-widget-mobile__width-initial elementor-widget elementor-widget-text-editor\" data-id=\"a12b46d\" data-element_type=\"widget\" data-e-type=\"widget\" data-widget_type=\"text-editor.default\">\n\t\t\t\t<div class=\"elementor-widget-container\">\n\t\t\t\t\t\t\t\t\t<h1 class=\"has-text-align-left has-black-color has-white-background-color has-text-color has-background has-link-color has-medium-font-size wp-elements-d2e0b293939d5a55feb8909bd9bfd125\"><strong>Medlemsbrev<\/strong><\/h1><p>S\u00e5 h\u00e4r i slutet av maj m\u00e5nad \u00e4r det ju som allra finast.<br \/>En tung vinter \u00e4r slut och vi g\u00e5r mot sommar med ledighet och semesteraktiviteter.<br \/>Samtidigt vet vi att sommaren inte bara \u00e4r gl\u00e4dje. Ensamheten g\u00f6r sig p\u00e5mind n\u00e4r alla andra<br \/>verkar ha det s\u00e5 trevligt, semesteraktiviteter finns inte p\u00e5 kartan n\u00e4r ekonomin knappt r\u00e4cker<br \/>till det mest n\u00f6dv\u00e4ndiga.<br \/>D\u00e4rf\u00f6r beh\u00f6vs LP Kamrat d\u00e4r vi finns till f\u00f6r varandra och vi tar inte ledigt under sommaren.<\/p><h4><strong>Sommarl\u00e4ger<\/strong><\/h4><p>LP Kamrat arrangerar tv\u00e5 l\u00e4ger under sommaren 2024.<br \/>Drakudden i Bro kommun den 1-4 juli och Gultebo i Finsp\u00e5ngs kommun 12-15 augusti.<br \/>Anm\u00e4lan till Drakudden g\u00f6rs p\u00e5 hemsidan www.lpkamrat.se eller via annonser p\u00e5 Facebook. St\u00f6ter du p\u00e5 problem s\u00e5 h\u00f6r av dig till 08 408 00 600 eller till info@lp-kamrat.se.<br \/>F\u00f6r information om l\u00e4gret i Gultebo kontakta Maritha Wallh, 0768-955570.<\/p><p class=\"has-text-align-left has-black-color has-white-background-color has-text-color has-background has-link-color has-medium-font-size wp-elements-f7b36b4a59c562543af05c11c1b185c7\"><strong>\u00c5rsm\u00f6tet<\/strong><\/p><p>Den 20 april hade LP Kamrat sitt \u00e5rsm\u00f6te i den nya verksamheten i Skultuna.<br \/>Vi fick ta del av de insatser som gjorts under det g\u00e5ngna \u00e5ret och kunde med stor tacksamhet l\u00e4gga \u00e5r 2023 till handlingarna.<br \/>\u00c5rsm\u00f6tet beslutade ocks\u00e5 om verksamhetsplaner fram\u00e5t med flera nya initiativ.<br \/>Mer information om detta kommer i kommande medlemsbrev.<br \/>\u00c5rsm\u00f6tet innebar ocks\u00e5 val till styrelsen. N\u00e5gra nya och n\u00e5gra kvar sedan tidigare.<br \/>Med styrelsen \u00e4r Lotta Armanios, Jan \u00c5str\u00f6m, Maritha Wallh, Dan Mossberg samt Jimmy Linn\u00e9r. Kerstin Eriksson omvaldes till ordf\u00f6rande f\u00f6r LP Kamrat.<\/p><p class=\"has-text-align-left has-black-color has-white-background-color has-text-color has-background has-link-color has-medium-font-size wp-elements-80e1b34788924a6fdc3c7e9d2458d032\"><strong>B\u00e4rarlag<\/strong><\/p><p>En tid n\u00e4r vi startade upp LP Kamrat hade vi ett b\u00e4rarlag<br \/>som var med och st\u00f6ttade arbetet. Det var enskilda personer som<br \/>var med och bidrog p\u00e5 olika s\u00e4tt med volont\u00e4r insatser, g\u00e5vor,<br \/>b\u00f6n eller att sprida information om verksamheten.<br \/>Utan det b\u00e4rarlaget hade det varit sv\u00e5rt.<br \/>Vi st\u00e5r nu inf\u00f6r nya stora utmaningar och d\u00e5 beh\u00f6vs ett b\u00e4rarlag igen<br \/>som \u00e4r med och b\u00e4r verksamheten i b\u00f6n, b\u00e4r genom att ber\u00e4tta och dela information, b\u00e4r genom att vara volont\u00e4r och naturligtvis \u00e4ven b\u00e4ra genom att bidra med g\u00e5vor.<br \/>S\u00e4rskilt behov finns att fylla p\u00e5 v\u00e5r hj\u00e4lpkassa.<br \/>Vi ser allt st\u00f6rre behov av att st\u00f6dja personer som lever i ekonomisk utsatthet. Den sv\u00e5ra samh\u00e4llsutvecklingen har gjort att fler drabbats och kommer till oss med basala behov.<br \/>P\u00e5 flera platser st\u00f6ttar vi enskilda och familjer att klara vardagens behov.<br \/>Vill du vara med? H\u00f6r d\u00e5 av dig till kerstin.eriksson@crossmail.se.<br \/>Kanske ses vi n\u00e5gonstans under sommaren, om inte s\u00e5 \u00f6nskar jag er alla i LP Kamrat en fin och h\u00e4rlig sommar.<\/p><p><strong>Kerstin Eriksson<\/strong><\/p>\t\t\t\t\t\t\t\t<\/div>\n\t\t\t\t<\/div>\n\t\t\t\t\t<\/div>\n\t\t\t\t<\/div>\n\t\t<div class=\"elementor-element elementor-element-afd91e1 e-flex e-con-boxed e-con e-parent\" data-id=\"afd91e1\" data-element_type=\"container\" data-e-type=\"container\">\n\t\t\t\t\t<div class=\"e-con-inner\">\n\t\t\t\t<div class=\"elementor-element elementor-element-aa07642 elementor-widget-divider--view-line elementor-widget elementor-widget-divider\" data-id=\"aa07642\" data-element_type=\"widget\" data-e-type=\"widget\" data-widget_type=\"divider.default\">\n\t\t\t\t<div class=\"elementor-widget-container\">\n\t\t\t\t\t\t\t<div class=\"elementor-divider\">\n\t\t\t<span class=\"elementor-divider-separator\">\n\t\t\t\t\t\t<\/span>\n\t\t<\/div>\n\t\t\t\t\t\t<\/div>\n\t\t\t\t<\/div>\n\t\t\t\t\t<\/div>\n\t\t\t\t<\/div>\n\t\t\t\t<\/div>\n\t\t","protected":false},"excerpt":{"rendered":"<p>Maj 2024 Medlemsbrev S\u00e5 h\u00e4r i slutet av maj m\u00e5nad \u00e4r det ju som allra finast.En tung vinter \u00e4r slut och vi g\u00e5r mot sommar med ledighet och semesteraktiviteter.Samtidigt vet vi att sommaren inte bara \u00e4r gl\u00e4dje. Ensamheten g\u00f6r sig p\u00e5mind n\u00e4r alla andraverkar ha det s\u00e5 trevligt, semesteraktiviteter finns inte p\u00e5 kartan n\u00e4r ekonomin&hellip;<\/p>\n","protected":false},"author":5,"featured_media":787,"parent":0,"menu_order":0,"comment_status":"closed","ping_status":"closed","template":"elementor_header_footer","meta":{"footnotes":""},"class_list":["post-7721","page","type-page","status-publish","has-post-thumbnail","hentry"],"aioseo_notices":[],"_links":{"self":[{"href":"https:\/\/lpkamrat.se\/wordpress\/wp-json\/wp\/v2\/pages\/7721","targetHints":{"allow":["GET"]}}],"collection":[{"href":"https:\/\/lpkamrat.se\/wordpress\/wp-json\/wp\/v2\/pages"}],"about":[{"href":"https:\/\/lpkamrat.se\/wordpress\/wp-json\/wp\/v2\/types\/page"}],"author":[{"embeddable":true,"href":"https:\/\/lpkamrat.se\/wordpress\/wp-json\/wp\/v2\/users\/5"}],"replies":[{"embeddable":true,"href":"https:\/\/lpkamrat.se\/wordpress\/wp-json\/wp\/v2\/comments?post=7721"}],"version-history":[{"count":0,"href":"https:\/\/lpkamrat.se\/wordpress\/wp-json\/wp\/v2\/pages\/7721\/revisions"}],"wp:featuredmedia":[{"embeddable":true,"href":"https:\/\/lpkamrat.se\/wordpress\/wp-json\/wp\/v2\/media\/787"}],"wp:attachment":[{"href":"https:\/\/lpkamrat.se\/wordpress\/wp-json\/wp\/v2\/media?parent=7721"}],"curies":[{"name":"wp","href":"https:\/\/api.w.org\/{rel}","templated":true}]}}