{"id":7714,"date":"2025-03-10T14:56:29","date_gmt":"2025-03-10T13:56:29","guid":{"rendered":"https:\/\/lpkamrat.se\/wordpress\/?page_id=7714"},"modified":"2025-10-18T22:51:45","modified_gmt":"2025-10-18T20:51:45","slug":"julhalsning-2024","status":"publish","type":"page","link":"https:\/\/lpkamrat.se\/wordpress\/julhalsning-2024\/","title":{"rendered":"Julh\u00e4lsning 2024"},"content":{"rendered":"\t\t<div data-elementor-type=\"wp-page\" data-elementor-id=\"7714\" class=\"elementor elementor-7714\" data-elementor-post-type=\"page\">\n\t\t\t\t<div class=\"elementor-element elementor-element-c92ea35 e-flex e-con-boxed e-con e-parent\" data-id=\"c92ea35\" data-element_type=\"container\" data-e-type=\"container\">\n\t\t\t\t\t<div class=\"e-con-inner\">\n\t\t\t\t<div class=\"elementor-element elementor-element-f7f9c03 elementor-widget elementor-widget-heading\" data-id=\"f7f9c03\" data-element_type=\"widget\" data-e-type=\"widget\" data-widget_type=\"heading.default\">\n\t\t\t\t<div class=\"elementor-widget-container\">\n\t\t\t\t\t<h2 class=\"elementor-heading-title elementor-size-default\">Julh\u00e4lsning 2024<\/h2>\t\t\t\t<\/div>\n\t\t\t\t<\/div>\n\t\t\t\t\t<\/div>\n\t\t\t\t<\/div>\n\t\t<div class=\"elementor-element elementor-element-d7be07a e-flex e-con-boxed e-con e-parent\" data-id=\"d7be07a\" data-element_type=\"container\" data-e-type=\"container\">\n\t\t\t\t\t<div class=\"e-con-inner\">\n\t\t\t\t<div class=\"elementor-element elementor-element-d751196 elementor-widget elementor-widget-spacer\" data-id=\"d751196\" data-element_type=\"widget\" data-e-type=\"widget\" data-widget_type=\"spacer.default\">\n\t\t\t\t<div class=\"elementor-widget-container\">\n\t\t\t\t\t\t\t<div class=\"elementor-spacer\">\n\t\t\t<div class=\"elementor-spacer-inner\"><\/div>\n\t\t<\/div>\n\t\t\t\t\t\t<\/div>\n\t\t\t\t<\/div>\n\t\t\t\t\t<\/div>\n\t\t\t\t<\/div>\n\t\t<div class=\"elementor-element elementor-element-0d121b1 e-grid e-con-boxed e-con e-parent\" data-id=\"0d121b1\" data-element_type=\"container\" data-e-type=\"container\">\n\t\t\t\t\t<div class=\"e-con-inner\">\n\t\t\t\t<div class=\"elementor-element elementor-element-114b692 elementor-widget-mobile__width-initial elementor-widget elementor-widget-image\" data-id=\"114b692\" data-element_type=\"widget\" data-e-type=\"widget\" data-widget_type=\"image.default\">\n\t\t\t\t<div class=\"elementor-widget-container\">\n\t\t\t\t\t\t\t\t\t\t\t\t\t\t\t<img fetchpriority=\"high\" decoding=\"async\" width=\"640\" height=\"453\" src=\"https:\/\/lpkamrat.se\/wordpress\/wp-content\/uploads\/2025\/03\/julis-24.jpg\" class=\"attachment-medium_large size-medium_large wp-image-7944\" alt=\"\" srcset=\"https:\/\/lpkamrat.se\/wordpress\/wp-content\/uploads\/2025\/03\/julis-24.jpg 640w, https:\/\/lpkamrat.se\/wordpress\/wp-content\/uploads\/2025\/03\/julis-24-300x212.jpg 300w\" sizes=\"(max-width: 640px) 100vw, 640px\" \/>\t\t\t\t\t\t\t\t\t\t\t\t\t\t\t<\/div>\n\t\t\t\t<\/div>\n\t\t\t\t<div class=\"elementor-element elementor-element-d96c504 elementor-widget-mobile__width-initial elementor-widget elementor-widget-text-editor\" data-id=\"d96c504\" data-element_type=\"widget\" data-e-type=\"widget\" data-widget_type=\"text-editor.default\">\n\t\t\t\t<div class=\"elementor-widget-container\">\n\t\t\t\t\t\t\t\t\t<p>\u00a0<\/p><p>K\u00e4ra LP Kamrat v\u00e4nner.<\/p><p>Vi vill s\u00e5 h\u00e4r i slutet utav 2024 skicka en h\u00e4lsning och en \u00f6nskan om en God Jul och ett riktigt gott nytt \u00e5r.<\/p><p class=\"dark:text-text-dark font-regular text-15 font-aktiv-grotesk leading-loose text-gray-50\"><em>Ty ett barn har f\u00f6tts, en son \u00e4r oss given. V\u00e4ldet \u00e4r lagt p\u00e5 hans axlar, och detta \u00e4r hans namn: Allvis h\u00e4rskare, Gudomlig hj\u00e4lte, Evig fader, Fredsfurste.<\/em><\/p><div class=\"flex flex-wrap items-center justify-end mbs-1\">Jesaja 9:6<\/div><div>\u00a0<\/div><div>\u00a0<\/div><div>\u00a0<\/div><p align=\"center\">Vill ni st\u00f6dja v\u00e5rt arbete s\u00e5 kan ni skanna denna kod.<\/p><center><img decoding=\"async\" class=\"\" src=\"https:\/\/lpkamrat.se\/wordpress\/wp-content\/uploads\/2019\/11\/getswish_qr.png\" width=\"93\" height=\"110\" \/><\/center>\t\t\t\t\t\t\t\t<\/div>\n\t\t\t\t<\/div>\n\t\t\t\t\t<\/div>\n\t\t\t\t<\/div>\n\t\t<div class=\"elementor-element elementor-element-d2fc35d e-flex e-con-boxed e-con e-parent\" data-id=\"d2fc35d\" data-element_type=\"container\" data-e-type=\"container\">\n\t\t\t\t\t<div class=\"e-con-inner\">\n\t\t\t\t<div class=\"elementor-element elementor-element-3f1ee1a elementor-widget elementor-widget-spacer\" data-id=\"3f1ee1a\" data-element_type=\"widget\" data-e-type=\"widget\" data-widget_type=\"spacer.default\">\n\t\t\t\t<div class=\"elementor-widget-container\">\n\t\t\t\t\t\t\t<div class=\"elementor-spacer\">\n\t\t\t<div class=\"elementor-spacer-inner\"><\/div>\n\t\t<\/div>\n\t\t\t\t\t\t<\/div>\n\t\t\t\t<\/div>\n\t\t\t\t\t<\/div>\n\t\t\t\t<\/div>\n\t\t\t\t<\/div>\n\t\t","protected":false},"excerpt":{"rendered":"<p>Julh\u00e4lsning 2024 \u00a0 K\u00e4ra LP Kamrat v\u00e4nner. Vi vill s\u00e5 h\u00e4r i slutet utav 2024 skicka en h\u00e4lsning och en \u00f6nskan om en God Jul och ett riktigt gott nytt \u00e5r. Ty ett barn har f\u00f6tts, en son \u00e4r oss given. V\u00e4ldet \u00e4r lagt p\u00e5 hans axlar, och detta \u00e4r hans namn: Allvis h\u00e4rskare, Gudomlig&hellip;<\/p>\n","protected":false},"author":5,"featured_media":0,"parent":0,"menu_order":0,"comment_status":"closed","ping_status":"closed","template":"","meta":{"footnotes":""},"class_list":["post-7714","page","type-page","status-publish","hentry"],"aioseo_notices":[],"_links":{"self":[{"href":"https:\/\/lpkamrat.se\/wordpress\/wp-json\/wp\/v2\/pages\/7714","targetHints":{"allow":["GET"]}}],"collection":[{"href":"https:\/\/lpkamrat.se\/wordpress\/wp-json\/wp\/v2\/pages"}],"about":[{"href":"https:\/\/lpkamrat.se\/wordpress\/wp-json\/wp\/v2\/types\/page"}],"author":[{"embeddable":true,"href":"https:\/\/lpkamrat.se\/wordpress\/wp-json\/wp\/v2\/users\/5"}],"replies":[{"embeddable":true,"href":"https:\/\/lpkamrat.se\/wordpress\/wp-json\/wp\/v2\/comments?post=7714"}],"version-history":[{"count":0,"href":"https:\/\/lpkamrat.se\/wordpress\/wp-json\/wp\/v2\/pages\/7714\/revisions"}],"wp:attachment":[{"href":"https:\/\/lpkamrat.se\/wordpress\/wp-json\/wp\/v2\/media?parent=7714"}],"curies":[{"name":"wp","href":"https:\/\/api.w.org\/{rel}","templated":true}]}}