{"id":7654,"date":"2025-03-02T13:10:03","date_gmt":"2025-03-02T12:10:03","guid":{"rendered":"https:\/\/lpkamrat.se\/wordpress\/?page_id=7654"},"modified":"2025-04-08T13:47:00","modified_gmt":"2025-04-08T11:47:00","slug":"vision","status":"publish","type":"page","link":"https:\/\/lpkamrat.se\/wordpress\/vision\/","title":{"rendered":"Vision"},"content":{"rendered":"\t\t<div data-elementor-type=\"wp-page\" data-elementor-id=\"7654\" class=\"elementor elementor-7654\" data-elementor-post-type=\"page\">\n\t\t\t\t<div class=\"elementor-element elementor-element-f4a4136 elementor-hidden-mobile e-flex e-con-boxed e-con e-parent\" data-id=\"f4a4136\" data-element_type=\"container\" data-e-type=\"container\">\n\t\t\t\t\t<div class=\"e-con-inner\">\n\t\t\t\t<div class=\"elementor-element elementor-element-babd8cc elementor-widget elementor-widget-heading\" data-id=\"babd8cc\" data-element_type=\"widget\" data-e-type=\"widget\" data-widget_type=\"heading.default\">\n\t\t\t\t<div class=\"elementor-widget-container\">\n\t\t\t\t\t<h2 class=\"elementor-heading-title elementor-size-default\">Grundl\u00e4ggande principer<\/h2>\t\t\t\t<\/div>\n\t\t\t\t<\/div>\n\t\t\t\t\t<\/div>\n\t\t\t\t<\/div>\n\t\t<div class=\"elementor-element elementor-element-5ee27a3 e-flex e-con-boxed e-con e-parent\" data-id=\"5ee27a3\" data-element_type=\"container\" data-e-type=\"container\">\n\t\t\t\t\t<div class=\"e-con-inner\">\n\t\t\t\t<div class=\"elementor-element elementor-element-d56ccd5 elementor-widget elementor-widget-spacer\" data-id=\"d56ccd5\" data-element_type=\"widget\" data-e-type=\"widget\" data-widget_type=\"spacer.default\">\n\t\t\t\t<div class=\"elementor-widget-container\">\n\t\t\t\t\t\t\t<div class=\"elementor-spacer\">\n\t\t\t<div class=\"elementor-spacer-inner\"><\/div>\n\t\t<\/div>\n\t\t\t\t\t\t<\/div>\n\t\t\t\t<\/div>\n\t\t\t\t<div class=\"elementor-element elementor-element-10ddd0a elementor-widget elementor-widget-text-editor\" data-id=\"10ddd0a\" data-element_type=\"widget\" data-e-type=\"widget\" data-widget_type=\"text-editor.default\">\n\t\t\t\t<div class=\"elementor-widget-container\">\n\t\t\t\t\t\t\t\t\t<h3>Grundl\u00e4ggande principer<\/h3>\t\t\t\t\t\t\t\t<\/div>\n\t\t\t\t<\/div>\n\t\t\t\t\t<\/div>\n\t\t\t\t<\/div>\n\t\t<div class=\"elementor-element elementor-element-cedf87b e-grid e-con-boxed e-con e-parent\" data-id=\"cedf87b\" data-element_type=\"container\" data-e-type=\"container\">\n\t\t\t\t\t<div class=\"e-con-inner\">\n\t\t\t\t<div class=\"elementor-element elementor-element-27f9cef elementor-widget elementor-widget-text-editor\" data-id=\"27f9cef\" data-element_type=\"widget\" data-e-type=\"widget\" data-widget_type=\"text-editor.default\">\n\t\t\t\t<div class=\"elementor-widget-container\">\n\t\t\t\t\t\t\t\t\t<ul class=\"wp-block-list\"><li>Verksamheten arbetar utifr\u00e5n en kristen v\u00e4rdegrund. Centralt \u00e4r alla m\u00e4nniskors lika v\u00e4rde.<\/li><li>Vi ser m\u00e4nniskan som en helhet av ande, kropp och sj\u00e4l och erbjuder d\u00e4rf\u00f6r insatser som m\u00f6ter hela m\u00e4nniskan.<\/li><li>Verksamhetens prim\u00e4ra drivkraft och m\u00e5l h\u00e4mtas ur dess v\u00e4rdegrund.<\/li><li>Verksamheten \u00e4gs och\/eller drivs av personer ur m\u00e5lgrupperna.<\/li><li>Verksamheten till\u00e4mpar \u00f6ppenhet vad g\u00e4ller ekonomi och verkar enligt demokratins id\u00e9er.<\/li><li>Verksamhetens finansiella resurser och andra tillg\u00e5ngar \u00e4r ett medel och inte ett m\u00e5l f\u00f6r att f\u00f6rverkliga id\u00e9en.<\/li><li>All vinst eller \u00f6verskott \u00e5terinvesteras i verksamheten.<\/li><\/ul>\t\t\t\t\t\t\t\t<\/div>\n\t\t\t\t<\/div>\n\t\t\t\t<div class=\"elementor-element elementor-element-57993dd elementor-widget elementor-widget-image\" data-id=\"57993dd\" data-element_type=\"widget\" data-e-type=\"widget\" data-widget_type=\"image.default\">\n\t\t\t\t<div class=\"elementor-widget-container\">\n\t\t\t\t\t\t\t\t\t\t\t\t\t\t\t<img fetchpriority=\"high\" decoding=\"async\" width=\"640\" height=\"426\" src=\"https:\/\/lpkamrat.se\/wordpress\/wp-content\/uploads\/2019\/11\/target-3535310_640.jpg\" class=\"attachment-large size-large wp-image-2081\" alt=\"\" srcset=\"https:\/\/lpkamrat.se\/wordpress\/wp-content\/uploads\/2019\/11\/target-3535310_640.jpg 640w, https:\/\/lpkamrat.se\/wordpress\/wp-content\/uploads\/2019\/11\/target-3535310_640-600x399.jpg 600w, https:\/\/lpkamrat.se\/wordpress\/wp-content\/uploads\/2019\/11\/target-3535310_640-300x200.jpg 300w\" sizes=\"(max-width: 640px) 100vw, 640px\" \/>\t\t\t\t\t\t\t\t\t\t\t\t\t\t\t<\/div>\n\t\t\t\t<\/div>\n\t\t\t\t\t<\/div>\n\t\t\t\t<\/div>\n\t\t\t\t<\/div>\n\t\t","protected":false},"excerpt":{"rendered":"<p>Grundl\u00e4ggande principer Grundl\u00e4ggande principer Verksamheten arbetar utifr\u00e5n en kristen v\u00e4rdegrund. Centralt \u00e4r alla m\u00e4nniskors lika v\u00e4rde. Vi ser m\u00e4nniskan som en helhet av ande, kropp och sj\u00e4l och erbjuder d\u00e4rf\u00f6r insatser som m\u00f6ter hela m\u00e4nniskan. Verksamhetens prim\u00e4ra drivkraft och m\u00e5l h\u00e4mtas ur dess v\u00e4rdegrund. Verksamheten \u00e4gs och\/eller drivs av personer ur m\u00e5lgrupperna. Verksamheten till\u00e4mpar \u00f6ppenhet&hellip;<\/p>\n","protected":false},"author":5,"featured_media":0,"parent":0,"menu_order":0,"comment_status":"closed","ping_status":"closed","template":"","meta":{"footnotes":""},"class_list":["post-7654","page","type-page","status-publish","hentry"],"aioseo_notices":[],"_links":{"self":[{"href":"https:\/\/lpkamrat.se\/wordpress\/wp-json\/wp\/v2\/pages\/7654","targetHints":{"allow":["GET"]}}],"collection":[{"href":"https:\/\/lpkamrat.se\/wordpress\/wp-json\/wp\/v2\/pages"}],"about":[{"href":"https:\/\/lpkamrat.se\/wordpress\/wp-json\/wp\/v2\/types\/page"}],"author":[{"embeddable":true,"href":"https:\/\/lpkamrat.se\/wordpress\/wp-json\/wp\/v2\/users\/5"}],"replies":[{"embeddable":true,"href":"https:\/\/lpkamrat.se\/wordpress\/wp-json\/wp\/v2\/comments?post=7654"}],"version-history":[{"count":0,"href":"https:\/\/lpkamrat.se\/wordpress\/wp-json\/wp\/v2\/pages\/7654\/revisions"}],"wp:attachment":[{"href":"https:\/\/lpkamrat.se\/wordpress\/wp-json\/wp\/v2\/media?parent=7654"}],"curies":[{"name":"wp","href":"https:\/\/api.w.org\/{rel}","templated":true}]}}