{"id":7180,"date":"2024-05-07T16:59:41","date_gmt":"2024-05-07T14:59:41","guid":{"rendered":"https:\/\/lpkamrat.se\/wordpress\/?page_id=7180"},"modified":"2025-10-17T14:01:43","modified_gmt":"2025-10-17T12:01:43","slug":"qa","status":"publish","type":"page","link":"https:\/\/lpkamrat.se\/wordpress\/qa\/","title":{"rendered":"Q&#038;A"},"content":{"rendered":"\t\t<div data-elementor-type=\"wp-page\" data-elementor-id=\"7180\" class=\"elementor elementor-7180\" data-elementor-post-type=\"page\">\n\t\t\t\t<div class=\"elementor-element elementor-element-b37fee6 e-flex e-con-boxed e-con e-parent\" data-id=\"b37fee6\" data-element_type=\"container\" data-e-type=\"container\">\n\t\t\t\t\t<div class=\"e-con-inner\">\n\t\t\t\t<div class=\"elementor-element elementor-element-4be510a elementor-widget__width-initial elementor-widget elementor-widget-heading\" data-id=\"4be510a\" data-element_type=\"widget\" data-e-type=\"widget\" data-widget_type=\"heading.default\">\n\t\t\t\t<div class=\"elementor-widget-container\">\n\t\t\t\t\t<h2 class=\"elementor-heading-title elementor-size-default\">Fr\u00e5gor och Svar (Q&amp;A)<\/h2>\t\t\t\t<\/div>\n\t\t\t\t<\/div>\n\t\t\t\t\t<\/div>\n\t\t\t\t<\/div>\n\t\t<div class=\"elementor-element elementor-element-73dfb68 e-con-full e-flex e-con e-parent\" data-id=\"73dfb68\" data-element_type=\"container\" data-e-type=\"container\">\n\t\t\t\t<div class=\"elementor-element elementor-element-60304ed elementor-widget__width-initial elementor-widget-tablet__width-initial elementor-widget elementor-widget-image\" data-id=\"60304ed\" data-element_type=\"widget\" data-e-type=\"widget\" data-widget_type=\"image.default\">\n\t\t\t\t<div class=\"elementor-widget-container\">\n\t\t\t\t\t\t\t\t\t\t\t\t\t\t\t<img fetchpriority=\"high\" decoding=\"async\" width=\"400\" height=\"348\" src=\"https:\/\/lpkamrat.se\/wordpress\/wp-content\/uploads\/2025\/05\/fragetecknen-2.jpg\" class=\"attachment-full size-full wp-image-12135\" alt=\"\" srcset=\"https:\/\/lpkamrat.se\/wordpress\/wp-content\/uploads\/2025\/05\/fragetecknen-2.jpg 400w, https:\/\/lpkamrat.se\/wordpress\/wp-content\/uploads\/2025\/05\/fragetecknen-2-300x261.jpg 300w\" sizes=\"(max-width: 400px) 100vw, 400px\" \/>\t\t\t\t\t\t\t\t\t\t\t\t\t\t\t<\/div>\n\t\t\t\t<\/div>\n\t\t\t\t<\/div>\n\t\t<div class=\"elementor-element elementor-element-586f4736 e-flex e-con-boxed e-con e-parent\" data-id=\"586f4736\" data-element_type=\"container\" data-e-type=\"container\">\n\t\t\t\t\t<div class=\"e-con-inner\">\n\t\t<div class=\"elementor-element elementor-element-55449c13 e-con-full e-flex e-con e-child\" data-id=\"55449c13\" data-element_type=\"container\" data-e-type=\"container\">\n\t\t\t\t<div class=\"elementor-element elementor-element-57122d59 elementor-widget__width-initial elementor-widget-mobile__width-initial elementor-widget-tablet__width-initial elementor-invisible elementor-widget elementor-widget-elementskit-faq\" data-id=\"57122d59\" data-element_type=\"widget\" data-e-type=\"widget\" data-settings=\"{&quot;_animation&quot;:&quot;rotateInUpRight&quot;}\" data-widget_type=\"elementskit-faq.default\">\n\t\t\t\t<div class=\"elementor-widget-container\">\n\t\t\t\t\t<div class=\"ekit-wid-con\" >\n                <div class=\"elementskit-single-faq elementor-repeater-item-b4559bd\">\n            <div class=\"elementskit-faq-header\">\n                <h2 class=\"elementskit-faq-title\">Vem \u00e4r grundaren av LP V\u00e4nnernas Kamratf\u00f6rening, hur startade den?<\/h2>\n            <\/div>\n            <div class=\"elementskit-faq-body\">\n                LP-v\u00e4nnernas Kamratf\u00f6rening startades 2006 utifr\u00e5n LP-verksamhetens ideella riksf\u00f6rening.LP-Kamrat \u00e4r en egen ideell f\u00f6rening men har allt sedan starten verkat n\u00e4ra LP-Riks p\u00e5 olika\nplatser i landet.            <\/div>\n        <\/div>\n                <div class=\"elementskit-single-faq elementor-repeater-item-fac0227\">\n            <div class=\"elementskit-faq-header\">\n                <h2 class=\"elementskit-faq-title\">Vilka \u00e4r LP V\u00e4nnernas kamratf\u00f6rening till f\u00f6r?<\/h2>\n            <\/div>\n            <div class=\"elementskit-faq-body\">\n                Syftet med LP-v\u00e4nnernas Kamratf\u00f6rening \u00e4r att st\u00f6dja dem som tagit sig ur ett missbruk att\nleva ett drogfritt liv. Anh\u00f6riga \u00e4r naturligtvis ocks\u00e5 v\u00e4lkomna liksom den som aktivt ville g\u00e5 in\nf\u00f6r att dela gemenskap och vara en kamratst\u00f6djare.            <\/div>\n        <\/div>\n                <div class=\"elementskit-single-faq elementor-repeater-item-77ad3a7\">\n            <div class=\"elementskit-faq-header\">\n                <h2 class=\"elementskit-faq-title\">Vad f\u00e5r man om man g\u00e5r med i LP V\u00e4nnernas Kamratf\u00f6rening?<\/h2>\n            <\/div>\n            <div class=\"elementskit-faq-body\">\n                Syftet med Kamratf\u00f6reningen \u00e4r att man delar gemenskap. Man f\u00e5r och ger en gemenskap\nav v\u00e4nner som berikar och st\u00f6djer n\u00e4r man beh\u00f6ver det. P\u00e5 samlingar, mindre tr\u00e4ffar eller\ngenom ett telefonsamtal. \u201dDu \u00e4r v\u00e4rdefull\u201d \u00e4r ett budskap som inte nog kan betonas.            <\/div>\n        <\/div>\n                <div class=\"elementskit-single-faq elementor-repeater-item-fd6d415\">\n            <div class=\"elementskit-faq-header\">\n                <h2 class=\"elementskit-faq-title\">Vilka aktiviteter kan LP V\u00e4nnernas kamratf\u00f6rening erbjuda?<\/h2>\n            <\/div>\n            <div class=\"elementskit-faq-body\">\n                Tanken \u00e4r att medlemmar aktivt medverkar f\u00f6r att arrangera olika aktiviteter som\ngemenskapstr\u00e4ffar, l\u00e4ger och utflykter, vilket g\u00f6r att det ser olika ut lokalt\/regionalt. Vi\nf\u00f6rs\u00f6ker ocks\u00e5 att m\u00f6tas digitalt.            <\/div>\n        <\/div>\n                <div class=\"elementskit-single-faq elementor-repeater-item-7550a4d\">\n            <div class=\"elementskit-faq-header\">\n                <h2 class=\"elementskit-faq-title\">Vad kr\u00e4vs f\u00f6r att g\u00e5 med i LP V\u00e4nnernas kamratf\u00f6rening?<\/h2>\n            <\/div>\n            <div class=\"elementskit-faq-body\">\n                Som alla f\u00f6reningar skall man ans\u00f6ka om medlemskap. Man skall naturligtvis dela\nf\u00f6reningens m\u00e5ls\u00e4ttning. Det finns en frivillig medlemsavgift 150kr\/\u00e5r. Ans\u00f6kan om\nmedlemskap g\u00f6r man genom att ta kontakt med lokal ansvarig f\u00f6r att f\u00e5 en\nanm\u00e4lansblankett. Man skall vara kontaktbar d\u00e5 vi jobbar mycket med SMS och mailutskick.            <\/div>\n        <\/div>\n                <div class=\"elementskit-single-faq elementor-repeater-item-6532f7e\">\n            <div class=\"elementskit-faq-header\">\n                <h2 class=\"elementskit-faq-title\">Beh\u00f6ver man vara aktivt Kristen f\u00f6r att vara med i LP V\u00e4nnernas kamratf\u00f6rening?<\/h2>\n            <\/div>\n            <div class=\"elementskit-faq-body\">\n                F\u00f6reningen ska arbeta utifr\u00e5n en kristen v\u00e4rdegrund men finns inga krav p\u00e5 en kristen tro.            <\/div>\n        <\/div>\n                <div class=\"elementskit-single-faq elementor-repeater-item-798341f\">\n            <div class=\"elementskit-faq-header\">\n                <h2 class=\"elementskit-faq-title\">Vilka orter finns LP V\u00e4nnernas kamratf\u00f6rening p\u00e5?<\/h2>\n            <\/div>\n            <div class=\"elementskit-faq-body\">\n                D\u00e4r det finns medlemmar som \u00e4r aktiva s\u00e5 finns LP Kamrat p\u00e5 dessa orter. Vi \u00e4r drygt 320\nmedlemmar i landet. Administrationen ligger i M\u00e4rsta dit man kan v\u00e4nda sig f\u00f6r att veta vilka\nansvariga som finns i aktuellt omr\u00e5de. Se, M\u00f6tesplats.            <\/div>\n        <\/div>\n                <div class=\"elementskit-single-faq elementor-repeater-item-063597e\">\n            <div class=\"elementskit-faq-header\">\n                <h2 class=\"elementskit-faq-title\">Hur f\u00e5r jag information om vad som \u00e4r p\u00e5 g\u00e5ng?<\/h2>\n            <\/div>\n            <div class=\"elementskit-faq-body\">\n                Lokalt\/regionalt finns ansvariga som k\u00e4nner till det som \u00e4r p\u00e5 g\u00e5ng i deras omr\u00e5de. Det\nuppdateras nyheter p\u00e5 hemsidan. Det g\u00e5r ut nyhetsbrev p\u00e5 mejl och kortare info p\u00e5 SMS.            <\/div>\n        <\/div>\n                <div class=\"elementskit-single-faq elementor-repeater-item-8f00fbe\">\n            <div class=\"elementskit-faq-header\">\n                <h2 class=\"elementskit-faq-title\">Det finns en hemsida Hornstenen.org och en som \u00e4r LP Kamrat.se hur h\u00e4nger det ihop?<\/h2>\n            <\/div>\n            <div class=\"elementskit-faq-body\">\n                LP v\u00e4nnernas kamratf\u00f6rening driver H\u00f6rnstenens st\u00f6d och motivationsboende d\u00e5\nH\u00f6rnstenen \u00e4r ett boende med avtal med kommuner s\u00e5 finns det en egen hemsida som\nheter Hornstenen.org och \u00e4r mera riktad till placerare.            <\/div>\n        <\/div>\n                <div class=\"elementskit-single-faq elementor-repeater-item-9bd3642\">\n            <div class=\"elementskit-faq-header\">\n                <h2 class=\"elementskit-faq-title\">Hur f\u00e5r man kontakt?<\/h2>\n            <\/div>\n            <div class=\"elementskit-faq-body\">\n                info@lpkamrat.se | 08-40 800 600\u00a0 I Se ocks\u00e5 M\u00f6tesplats            <\/div>\n        <\/div>\n                                <script type=\"application\/ld+json\">{\"@context\":\"https:\/\/schema.org\",\"@type\":\"FAQPage\",\"mainEntity\":[{\"@type\":\"Question\",\"name\":\"Vem \u00e4r grundaren av LP V\u00e4nnernas Kamratf\u00f6rening, hur startade den?\",\"acceptedAnswer\":{\"@type\":\"Answer\",\"text\":\"LP-v\u00e4nnernas Kamratf\u00f6rening startades 2006 utifr\u00e5n LP-verksamhetens ideella riksf\u00f6rening.LP-Kamrat \u00e4r en egen ideell f\u00f6rening men har allt sedan starten verkat n\u00e4ra LP-Riks p\u00e5 olika\\nplatser i landet.\"}},{\"@type\":\"Question\",\"name\":\"Vilka \u00e4r LP V\u00e4nnernas kamratf\u00f6rening till f\u00f6r?\",\"acceptedAnswer\":{\"@type\":\"Answer\",\"text\":\"Syftet med LP-v\u00e4nnernas Kamratf\u00f6rening \u00e4r att st\u00f6dja dem som tagit sig ur ett missbruk att\\nleva ett drogfritt liv. Anh\u00f6riga \u00e4r naturligtvis ocks\u00e5 v\u00e4lkomna liksom den som aktivt ville g\u00e5 in\\nf\u00f6r att dela gemenskap och vara en kamratst\u00f6djare.\"}},{\"@type\":\"Question\",\"name\":\"Vad f\u00e5r man om man g\u00e5r med i LP V\u00e4nnernas Kamratf\u00f6rening?\",\"acceptedAnswer\":{\"@type\":\"Answer\",\"text\":\"Syftet med Kamratf\u00f6reningen \u00e4r att man delar gemenskap. Man f\u00e5r och ger en gemenskap\\nav v\u00e4nner som berikar och st\u00f6djer n\u00e4r man beh\u00f6ver det. P\u00e5 samlingar, mindre tr\u00e4ffar eller\\ngenom ett telefonsamtal. \u201dDu \u00e4r v\u00e4rdefull\u201d \u00e4r ett budskap som inte nog kan betonas.\"}},{\"@type\":\"Question\",\"name\":\"Vilka aktiviteter kan LP V\u00e4nnernas kamratf\u00f6rening erbjuda?\",\"acceptedAnswer\":{\"@type\":\"Answer\",\"text\":\"Tanken \u00e4r att medlemmar aktivt medverkar f\u00f6r att arrangera olika aktiviteter som\\ngemenskapstr\u00e4ffar, l\u00e4ger och utflykter, vilket g\u00f6r att det ser olika ut lokalt\/regionalt. Vi\\nf\u00f6rs\u00f6ker ocks\u00e5 att m\u00f6tas digitalt.\"}},{\"@type\":\"Question\",\"name\":\"Vad kr\u00e4vs f\u00f6r att g\u00e5 med i LP V\u00e4nnernas kamratf\u00f6rening?\",\"acceptedAnswer\":{\"@type\":\"Answer\",\"text\":\"Som alla f\u00f6reningar skall man ans\u00f6ka om medlemskap. Man skall naturligtvis dela\\nf\u00f6reningens m\u00e5ls\u00e4ttning. Det finns en frivillig medlemsavgift 150kr\/\u00e5r. Ans\u00f6kan om\\nmedlemskap g\u00f6r man genom att ta kontakt med lokal ansvarig f\u00f6r att f\u00e5 en\\nanm\u00e4lansblankett. Man skall vara kontaktbar d\u00e5 vi jobbar mycket med SMS och mailutskick.\"}},{\"@type\":\"Question\",\"name\":\"Beh\u00f6ver man vara aktivt Kristen f\u00f6r att vara med i LP V\u00e4nnernas kamratf\u00f6rening?\",\"acceptedAnswer\":{\"@type\":\"Answer\",\"text\":\"F\u00f6reningen ska arbeta utifr\u00e5n en kristen v\u00e4rdegrund men finns inga krav p\u00e5 en kristen tro.\"}},{\"@type\":\"Question\",\"name\":\"Vilka orter finns LP V\u00e4nnernas kamratf\u00f6rening p\u00e5?\",\"acceptedAnswer\":{\"@type\":\"Answer\",\"text\":\"D\u00e4r det finns medlemmar som \u00e4r aktiva s\u00e5 finns LP Kamrat p\u00e5 dessa orter. Vi \u00e4r drygt 320\\nmedlemmar i landet. Administrationen ligger i M\u00e4rsta dit man kan v\u00e4nda sig f\u00f6r att veta vilka\\nansvariga som finns i aktuellt omr\u00e5de. Se, M\u00f6tesplats.\"}},{\"@type\":\"Question\",\"name\":\"Hur f\u00e5r jag information om vad som \u00e4r p\u00e5 g\u00e5ng?\",\"acceptedAnswer\":{\"@type\":\"Answer\",\"text\":\"Lokalt\/regionalt finns ansvariga som k\u00e4nner till det som \u00e4r p\u00e5 g\u00e5ng i deras omr\u00e5de. Det\\nuppdateras nyheter p\u00e5 hemsidan. Det g\u00e5r ut nyhetsbrev p\u00e5 mejl och kortare info p\u00e5 SMS.\"}},{\"@type\":\"Question\",\"name\":\"Det finns en hemsida Hornstenen.org och en som \u00e4r LP Kamrat.se hur h\u00e4nger det ihop?\",\"acceptedAnswer\":{\"@type\":\"Answer\",\"text\":\"LP v\u00e4nnernas kamratf\u00f6rening driver H\u00f6rnstenens st\u00f6d och motivationsboende d\u00e5\\nH\u00f6rnstenen \u00e4r ett boende med avtal med kommuner s\u00e5 finns det en egen hemsida som\\nheter Hornstenen.org och \u00e4r mera riktad till placerare.\"}},{\"@type\":\"Question\",\"name\":\"Hur f\u00e5r man kontakt?\",\"acceptedAnswer\":{\"@type\":\"Answer\",\"text\":\"info@lpkamrat.se | 08-40 800 600\u00a0 I Se ocks\u00e5 M\u00f6tesplats\"}}]}<\/script>\n                \n    <\/div>\t\t\t\t<\/div>\n\t\t\t\t<\/div>\n\t\t\t\t<\/div>\n\t\t\t\t\t<\/div>\n\t\t\t\t<\/div>\n\t\t\t\t<\/div>\n\t\t","protected":false},"excerpt":{"rendered":"<p>Fr\u00e5gor och Svar (Q&amp;A) Vem \u00e4r grundaren av LP V\u00e4nnernas Kamratf\u00f6rening, hur startade den? LP-v\u00e4nnernas Kamratf\u00f6rening startades 2006 utifr\u00e5n LP-verksamhetens ideella riksf\u00f6rening.LP-Kamrat \u00e4r en egen ideell f\u00f6rening men har allt sedan starten verkat n\u00e4ra LP-Riks p\u00e5 olika platser i landet. Vilka \u00e4r LP V\u00e4nnernas kamratf\u00f6rening till f\u00f6r? Syftet med LP-v\u00e4nnernas Kamratf\u00f6rening \u00e4r att st\u00f6dja dem&hellip;<\/p>\n","protected":false},"author":4,"featured_media":0,"parent":0,"menu_order":0,"comment_status":"closed","ping_status":"closed","template":"","meta":{"footnotes":""},"class_list":["post-7180","page","type-page","status-publish","hentry"],"aioseo_notices":[],"_links":{"self":[{"href":"https:\/\/lpkamrat.se\/wordpress\/wp-json\/wp\/v2\/pages\/7180","targetHints":{"allow":["GET"]}}],"collection":[{"href":"https:\/\/lpkamrat.se\/wordpress\/wp-json\/wp\/v2\/pages"}],"about":[{"href":"https:\/\/lpkamrat.se\/wordpress\/wp-json\/wp\/v2\/types\/page"}],"author":[{"embeddable":true,"href":"https:\/\/lpkamrat.se\/wordpress\/wp-json\/wp\/v2\/users\/4"}],"replies":[{"embeddable":true,"href":"https:\/\/lpkamrat.se\/wordpress\/wp-json\/wp\/v2\/comments?post=7180"}],"version-history":[{"count":0,"href":"https:\/\/lpkamrat.se\/wordpress\/wp-json\/wp\/v2\/pages\/7180\/revisions"}],"wp:attachment":[{"href":"https:\/\/lpkamrat.se\/wordpress\/wp-json\/wp\/v2\/media?parent=7180"}],"curies":[{"name":"wp","href":"https:\/\/api.w.org\/{rel}","templated":true}]}}