{"id":7176,"date":"2024-05-07T16:58:44","date_gmt":"2024-05-07T14:58:44","guid":{"rendered":"https:\/\/lpkamrat.se\/wordpress\/?page_id=7176"},"modified":"2026-02-09T14:04:32","modified_gmt":"2026-02-09T13:04:32","slug":"levnadsberattelser","status":"publish","type":"page","link":"https:\/\/lpkamrat.se\/wordpress\/levnadsberattelser\/","title":{"rendered":"Levnadsber\u00e4ttelser"},"content":{"rendered":"\t\t<div data-elementor-type=\"wp-page\" data-elementor-id=\"7176\" class=\"elementor elementor-7176\" data-elementor-post-type=\"page\">\n\t\t\t\t<div class=\"elementor-element elementor-element-f4645ff e-flex e-con-boxed e-con e-parent\" data-id=\"f4645ff\" data-element_type=\"container\" data-e-type=\"container\">\n\t\t\t\t\t<div class=\"e-con-inner\">\n\t\t\t\t<div class=\"elementor-element elementor-element-43449e8 elementor-widget elementor-widget-spacer\" data-id=\"43449e8\" data-element_type=\"widget\" data-e-type=\"widget\" data-widget_type=\"spacer.default\">\n\t\t\t\t<div class=\"elementor-widget-container\">\n\t\t\t\t\t\t\t<div class=\"elementor-spacer\">\n\t\t\t<div class=\"elementor-spacer-inner\"><\/div>\n\t\t<\/div>\n\t\t\t\t\t\t<\/div>\n\t\t\t\t<\/div>\n\t\t\t\t\t<\/div>\n\t\t\t\t<\/div>\n\t\t<div class=\"elementor-element elementor-element-e552a03 e-con-full e-flex e-con e-parent\" data-id=\"e552a03\" data-element_type=\"container\" data-e-type=\"container\">\n\t\t\t\t<div class=\"elementor-element elementor-element-6616d96 elementor-widget elementor-widget-text-editor\" data-id=\"6616d96\" data-element_type=\"widget\" data-e-type=\"widget\" data-widget_type=\"text-editor.default\">\n\t\t\t\t<div class=\"elementor-widget-container\">\n\t\t\t\t\t\t\t\t\t<h2><strong>Levnadsber\u00e4ttelser.<\/strong><\/h2>\t\t\t\t\t\t\t\t<\/div>\n\t\t\t\t<\/div>\n\t\t\t\t<\/div>\n\t\t<div class=\"elementor-element elementor-element-4edf78e e-grid e-con-boxed e-con e-parent\" data-id=\"4edf78e\" data-element_type=\"container\" data-e-type=\"container\">\n\t\t\t\t\t<div class=\"e-con-inner\">\n\t\t\t\t<div class=\"elementor-element elementor-element-80a5a20 elementor-widget elementor-widget-image\" data-id=\"80a5a20\" data-element_type=\"widget\" data-e-type=\"widget\" data-widget_type=\"image.default\">\n\t\t\t\t<div class=\"elementor-widget-container\">\n\t\t\t\t\t\t\t\t\t\t\t\t\t\t\t<img fetchpriority=\"high\" decoding=\"async\" width=\"768\" height=\"388\" src=\"https:\/\/lpkamrat.se\/wordpress\/wp-content\/uploads\/2024\/04\/Mot-ett-nytt-liv-Tavla-768x388.png\" class=\"attachment-medium_large size-medium_large wp-image-7018\" alt=\"\" srcset=\"https:\/\/lpkamrat.se\/wordpress\/wp-content\/uploads\/2024\/04\/Mot-ett-nytt-liv-Tavla-768x388.png 768w, https:\/\/lpkamrat.se\/wordpress\/wp-content\/uploads\/2024\/04\/Mot-ett-nytt-liv-Tavla-300x152.png 300w, https:\/\/lpkamrat.se\/wordpress\/wp-content\/uploads\/2024\/04\/Mot-ett-nytt-liv-Tavla.png 1000w\" sizes=\"(max-width: 768px) 100vw, 768px\" \/>\t\t\t\t\t\t\t\t\t\t\t\t\t\t\t<\/div>\n\t\t\t\t<\/div>\n\t\t\t\t<div class=\"elementor-element elementor-element-3fcc53b elementor-widget elementor-widget-image\" data-id=\"3fcc53b\" data-element_type=\"widget\" data-e-type=\"widget\" data-widget_type=\"image.default\">\n\t\t\t\t<div class=\"elementor-widget-container\">\n\t\t\t\t\t\t\t\t\t\t\t\t\t\t\t<img decoding=\"async\" width=\"600\" height=\"400\" src=\"https:\/\/lpkamrat.se\/wordpress\/wp-content\/uploads\/2025\/05\/hav.jpg\" class=\"attachment-medium_large size-medium_large wp-image-13241\" alt=\"\" srcset=\"https:\/\/lpkamrat.se\/wordpress\/wp-content\/uploads\/2025\/05\/hav.jpg 600w, https:\/\/lpkamrat.se\/wordpress\/wp-content\/uploads\/2025\/05\/hav-300x200.jpg 300w\" sizes=\"(max-width: 600px) 100vw, 600px\" \/>\t\t\t\t\t\t\t\t\t\t\t\t\t\t\t<\/div>\n\t\t\t\t<\/div>\n\t\t\t\t<div class=\"elementor-element elementor-element-dc6386e elementor-widget elementor-widget-image\" data-id=\"dc6386e\" data-element_type=\"widget\" data-e-type=\"widget\" data-widget_type=\"image.default\">\n\t\t\t\t<div class=\"elementor-widget-container\">\n\t\t\t\t\t\t\t\t\t\t\t\t\t\t\t<img decoding=\"async\" width=\"640\" height=\"360\" src=\"https:\/\/lpkamrat.se\/wordpress\/wp-content\/uploads\/2025\/05\/skog.jpg\" class=\"attachment-medium_large size-medium_large wp-image-13234\" alt=\"\" srcset=\"https:\/\/lpkamrat.se\/wordpress\/wp-content\/uploads\/2025\/05\/skog.jpg 640w, https:\/\/lpkamrat.se\/wordpress\/wp-content\/uploads\/2025\/05\/skog-300x169.jpg 300w\" sizes=\"(max-width: 640px) 100vw, 640px\" \/>\t\t\t\t\t\t\t\t\t\t\t\t\t\t\t<\/div>\n\t\t\t\t<\/div>\n\t\t\t\t<div class=\"elementor-element elementor-element-6d487a6 elementor-widget elementor-widget-text-editor\" data-id=\"6d487a6\" data-element_type=\"widget\" data-e-type=\"widget\" data-widget_type=\"text-editor.default\">\n\t\t\t\t<div class=\"elementor-widget-container\">\n\t\t\t\t\t\t\t\t\t<h3 style=\"text-align: center;\">V\u00e4gen ur det m\u00f6rka<\/h3><p>V\u00e4gen ut ur det m\u00f6rka, var som en skog jag hade irrat mig in i.<\/p><p>Stigen som jag fann och b\u00f6rjade g\u00e5 p\u00e5 var smal och stenig, r\u00f6tter som stack upp fick mig att snubbla och n\u00e5gra g\u00e5nger ocks\u00e5 falla.<\/p><p>Med tiden blev stigen v\u00e4lbekant och jag f\u00f6rstod att det fanns en v\u00e4g som ledde fram\u00e5t.<\/p><p>F\u00f6ljde jag bara den v\u00e4gen s\u00e5 skulle jag hitta hem till slut, t\u00e4nkte jag.<\/p>\t\t\t\t\t\t\t\t<\/div>\n\t\t\t\t<\/div>\n\t\t\t\t<div class=\"elementor-element elementor-element-d83fd0f elementor-widget elementor-widget-text-editor\" data-id=\"d83fd0f\" data-element_type=\"widget\" data-e-type=\"widget\" data-widget_type=\"text-editor.default\">\n\t\t\t\t<div class=\"elementor-widget-container\">\n\t\t\t\t\t\t\t\t\t<h3 style=\"text-align: center;\">F\u00f6rsta m\u00f6tet med Kjell<\/h3><p>Mitt f\u00f6rsta m\u00f6te med Kjell var ljudligt. Var \u00e4r den d\u00e4r.. halleluja pr\u00e4sten? Ni skall ge.. i min tjej- skrek han innan han hade hunnit innanf\u00f6r d\u00f6rren. Det var naturligtvis kryddat med s\u00e5 m\u00e5nga svordomar han kunde f\u00e5 ur sig p\u00e5 de korta meningarna.<\/p>\t\t\t\t\t\t\t\t<\/div>\n\t\t\t\t<\/div>\n\t\t\t\t<div class=\"elementor-element elementor-element-f513363 elementor-widget elementor-widget-text-editor\" data-id=\"f513363\" data-element_type=\"widget\" data-e-type=\"widget\" data-widget_type=\"text-editor.default\">\n\t\t\t\t<div class=\"elementor-widget-container\">\n\t\t\t\t\t\t\t\t\t<h3 style=\"text-align: center;\">Det \u00e4r v\u00e4l inget f\u00e4ngelse eller<\/h3><p>\u201dNu skiter jag i det h\u00e4r, nu \u00e5ker jag, ni \u00e4r ju helt dumma i huvudet\u201d.<\/p><p>Dag ett som Eva kom s\u00e5 fick vi h\u00f6ra, \u201dEtt fantastiskt st\u00e4lle h\u00e4r vill jag alltid vara\u201d.<br \/>Dag 2 l\u00e4t det annorlunda&#8230;<\/p>\t\t\t\t\t\t\t\t<\/div>\n\t\t\t\t<\/div>\n\t\t\t\t<div class=\"elementor-element elementor-element-d5201b7 elementor-widget-divider--view-line elementor-widget elementor-widget-divider\" data-id=\"d5201b7\" data-element_type=\"widget\" data-e-type=\"widget\" data-widget_type=\"divider.default\">\n\t\t\t\t<div class=\"elementor-widget-container\">\n\t\t\t\t\t\t\t<div class=\"elementor-divider\">\n\t\t\t<span class=\"elementor-divider-separator\">\n\t\t\t\t\t\t<\/span>\n\t\t<\/div>\n\t\t\t\t\t\t<\/div>\n\t\t\t\t<\/div>\n\t\t\t\t<div class=\"elementor-element elementor-element-c27b7f9 elementor-align-justify elementor-widget__width-initial elementor-widget elementor-widget-button\" data-id=\"c27b7f9\" data-element_type=\"widget\" data-e-type=\"widget\" data-widget_type=\"button.default\">\n\t\t\t\t<div class=\"elementor-widget-container\">\n\t\t\t\t\t\t\t\t\t<div class=\"elementor-button-wrapper\">\n\t\t\t\t\t<a class=\"elementor-button elementor-button-link elementor-size-sm\" href=\"https:\/\/lpkamrat.se\/wordpress\/forsta-motet-med-kjell\">\n\t\t\t\t\t\t<span class=\"elementor-button-content-wrapper\">\n\t\t\t\t\t\t\t\t\t<span class=\"elementor-button-text\">L\u00e4s mera<\/span>\n\t\t\t\t\t<\/span>\n\t\t\t\t\t<\/a>\n\t\t\t\t<\/div>\n\t\t\t\t\t\t\t\t<\/div>\n\t\t\t\t<\/div>\n\t\t\t\t<div class=\"elementor-element elementor-element-abf5971 elementor-align-justify elementor-widget__width-initial elementor-widget elementor-widget-button\" data-id=\"abf5971\" data-element_type=\"widget\" data-e-type=\"widget\" data-widget_type=\"button.default\">\n\t\t\t\t<div class=\"elementor-widget-container\">\n\t\t\t\t\t\t\t\t\t<div class=\"elementor-button-wrapper\">\n\t\t\t\t\t<a class=\"elementor-button elementor-button-link elementor-size-sm\" href=\"https:\/\/lpkamrat.se\/wordpress\/det-ar-val-inget-fangelse-eller\/\">\n\t\t\t\t\t\t<span class=\"elementor-button-content-wrapper\">\n\t\t\t\t\t\t\t\t\t<span class=\"elementor-button-text\">L\u00e4s mera<\/span>\n\t\t\t\t\t<\/span>\n\t\t\t\t\t<\/a>\n\t\t\t\t<\/div>\n\t\t\t\t\t\t\t\t<\/div>\n\t\t\t\t<\/div>\n\t\t\t\t\t<\/div>\n\t\t\t\t<\/div>\n\t\t<div class=\"elementor-element elementor-element-b87faca e-grid e-con-boxed e-con e-parent\" data-id=\"b87faca\" data-element_type=\"container\" data-e-type=\"container\">\n\t\t\t\t\t<div class=\"e-con-inner\">\n\t\t\t\t<div class=\"elementor-element elementor-element-3c34c63 elementor-widget elementor-widget-text-editor\" data-id=\"3c34c63\" data-element_type=\"widget\" data-e-type=\"widget\" data-widget_type=\"text-editor.default\">\n\t\t\t\t<div class=\"elementor-widget-container\">\n\t\t\t\t\t\t\t\t\t<p>\u00a0<\/p><p><img loading=\"lazy\" decoding=\"async\" class=\"wp-image-18317 aligncenter\" src=\"https:\/\/lpkamrat.se\/wordpress\/wp-content\/uploads\/2026\/02\/ChatGPT-Image-3-feb.-2026-15_12_54-300x200.png\" alt=\"\" width=\"394\" height=\"262\" srcset=\"https:\/\/lpkamrat.se\/wordpress\/wp-content\/uploads\/2026\/02\/ChatGPT-Image-3-feb.-2026-15_12_54-300x200.png 300w, https:\/\/lpkamrat.se\/wordpress\/wp-content\/uploads\/2026\/02\/ChatGPT-Image-3-feb.-2026-15_12_54-1024x683.png 1024w, https:\/\/lpkamrat.se\/wordpress\/wp-content\/uploads\/2026\/02\/ChatGPT-Image-3-feb.-2026-15_12_54-768x512.png 768w, https:\/\/lpkamrat.se\/wordpress\/wp-content\/uploads\/2026\/02\/ChatGPT-Image-3-feb.-2026-15_12_54.png 1536w\" sizes=\"(max-width: 394px) 100vw, 394px\" \/><\/p><p><span style=\"font-size: large;\"><b>Fyra \u00e5rstider utifr\u00e5n en missbrukande kriminell m\u00e4nniskas liv.<\/b><\/span><\/p><p><span style=\"font-size: large;\">Ny\u00e5rsafton och avslut p\u00e5 det gamla \u00e5ret. B\u00e4sta med den \u00e4r att det \u00e4r OK att dricka och r\u00f6ka p\u00e5 f\u00f6r det ing\u00e5r ju i firandet. S\u00e5 naturligtvis b\u00f6rjar det nya \u00e5ret med en sk\u00e5l, och lite till OCH \u201dlite\u201d till. S\u00e5, ribban \u00e4r satt f\u00f6r hela \u00e5ret.<\/span><\/p><p><span style=\"font-size: large;\">F\u00f6r mig s\u00e5 var det ett liv med en blandning av, \u00e5 ena sidan familjeliv, fru och barn som gick n\u00e5got s\u00e5n\u00e4r bra. Och den andra sidan blev d\u00e5 med mig i fokus och vad jag sj\u00e4lv ville g\u00f6ra.<\/span><\/p><p><span style=\"font-size: large;\">I familjelivet fanns det utrymme f\u00f6r att dra n\u00e5gra \u00f6l och r\u00f6ka marijuana d\u00e5 det var en liberal syn som g\u00e4llde i hemmet. Mitt andra liv var tonvikt p\u00e5 fr\u00e4mst amfetamin och att umg\u00e5s med andra som pundade. <\/span><\/p><p><span style=\"font-size: large;\">Man kan beskriva det utifr\u00e5n ett \u00c5rs-hjul&#8230;.<\/span><\/p>\t\t\t\t\t\t\t\t<\/div>\n\t\t\t\t<\/div>\n\t\t\t\t<div class=\"elementor-element elementor-element-0ffda0a elementor-align-justify elementor-hidden-desktop elementor-hidden-tablet elementor-widget elementor-widget-button\" data-id=\"0ffda0a\" data-element_type=\"widget\" data-e-type=\"widget\" data-widget_type=\"button.default\">\n\t\t\t\t<div class=\"elementor-widget-container\">\n\t\t\t\t\t\t\t\t\t<div class=\"elementor-button-wrapper\">\n\t\t\t\t\t<a class=\"elementor-button elementor-button-link elementor-size-sm\" href=\"https:\/\/lpkamrat.se\/wordpress\/de-fyra-arstiderna\/\">\n\t\t\t\t\t\t<span class=\"elementor-button-content-wrapper\">\n\t\t\t\t\t\t\t\t\t<span class=\"elementor-button-text\">L\u00e4s Mera<\/span>\n\t\t\t\t\t<\/span>\n\t\t\t\t\t<\/a>\n\t\t\t\t<\/div>\n\t\t\t\t\t\t\t\t<\/div>\n\t\t\t\t<\/div>\n\t\t<div class=\"elementor-element elementor-element-54aa49b e-con-full e-flex e-con e-child\" data-id=\"54aa49b\" data-element_type=\"container\" data-e-type=\"container\">\n\t\t\t\t<\/div>\n\t\t<div class=\"elementor-element elementor-element-631d098 e-con-full e-flex e-con e-child\" data-id=\"631d098\" data-element_type=\"container\" data-e-type=\"container\">\n\t\t\t\t<div class=\"elementor-element elementor-element-a137f25 elementor-align-justify elementor-hidden-desktop elementor-hidden-tablet elementor-hidden-mobile elementor-widget elementor-widget-button\" data-id=\"a137f25\" data-element_type=\"widget\" data-e-type=\"widget\" data-widget_type=\"button.default\">\n\t\t\t\t<div class=\"elementor-widget-container\">\n\t\t\t\t\t\t\t\t\t<div class=\"elementor-button-wrapper\">\n\t\t\t\t\t<a class=\"elementor-button elementor-button-link elementor-size-sm\" href=\"https:\/\/lpkamrat.se\/wordpress\/de-fyra-arstiderna\/\">\n\t\t\t\t\t\t<span class=\"elementor-button-content-wrapper\">\n\t\t\t\t\t\t\t\t\t<span class=\"elementor-button-text\">L\u00e4s Mera<\/span>\n\t\t\t\t\t<\/span>\n\t\t\t\t\t<\/a>\n\t\t\t\t<\/div>\n\t\t\t\t\t\t\t\t<\/div>\n\t\t\t\t<\/div>\n\t\t\t\t<\/div>\n\t\t<div class=\"elementor-element elementor-element-c7b31e2 e-con-full e-flex e-con e-child\" data-id=\"c7b31e2\" data-element_type=\"container\" data-e-type=\"container\">\n\t\t\t\t<div class=\"elementor-element elementor-element-60c71b6 elementor-align-justify elementor-hidden-mobile elementor-widget elementor-widget-button\" data-id=\"60c71b6\" data-element_type=\"widget\" data-e-type=\"widget\" data-widget_type=\"button.default\">\n\t\t\t\t<div class=\"elementor-widget-container\">\n\t\t\t\t\t\t\t\t\t<div class=\"elementor-button-wrapper\">\n\t\t\t\t\t<a class=\"elementor-button elementor-button-link elementor-size-sm\" href=\"https:\/\/lpkamrat.se\/wordpress\/de-fyra-arstiderna\/\">\n\t\t\t\t\t\t<span class=\"elementor-button-content-wrapper\">\n\t\t\t\t\t\t\t\t\t<span class=\"elementor-button-text\">L\u00e4s Mera<\/span>\n\t\t\t\t\t<\/span>\n\t\t\t\t\t<\/a>\n\t\t\t\t<\/div>\n\t\t\t\t\t\t\t\t<\/div>\n\t\t\t\t<\/div>\n\t\t\t\t<\/div>\n\t\t\t\t\t<\/div>\n\t\t\t\t<\/div>\n\t\t\t\t<\/div>\n\t\t","protected":false},"excerpt":{"rendered":"<p>Levnadsber\u00e4ttelser. V\u00e4gen ur det m\u00f6rka V\u00e4gen ut ur det m\u00f6rka, var som en skog jag hade irrat mig in i. Stigen som jag fann och b\u00f6rjade g\u00e5 p\u00e5 var smal och stenig, r\u00f6tter som stack upp fick mig att snubbla och n\u00e5gra g\u00e5nger ocks\u00e5 falla. Med tiden blev stigen v\u00e4lbekant och jag f\u00f6rstod att det&hellip;<\/p>\n","protected":false},"author":4,"featured_media":7059,"parent":0,"menu_order":1,"comment_status":"open","ping_status":"closed","template":"","meta":{"footnotes":""},"class_list":["post-7176","page","type-page","status-publish","has-post-thumbnail","hentry"],"aioseo_notices":[],"_links":{"self":[{"href":"https:\/\/lpkamrat.se\/wordpress\/wp-json\/wp\/v2\/pages\/7176","targetHints":{"allow":["GET"]}}],"collection":[{"href":"https:\/\/lpkamrat.se\/wordpress\/wp-json\/wp\/v2\/pages"}],"about":[{"href":"https:\/\/lpkamrat.se\/wordpress\/wp-json\/wp\/v2\/types\/page"}],"author":[{"embeddable":true,"href":"https:\/\/lpkamrat.se\/wordpress\/wp-json\/wp\/v2\/users\/4"}],"replies":[{"embeddable":true,"href":"https:\/\/lpkamrat.se\/wordpress\/wp-json\/wp\/v2\/comments?post=7176"}],"version-history":[{"count":0,"href":"https:\/\/lpkamrat.se\/wordpress\/wp-json\/wp\/v2\/pages\/7176\/revisions"}],"wp:featuredmedia":[{"embeddable":true,"href":"https:\/\/lpkamrat.se\/wordpress\/wp-json\/wp\/v2\/media\/7059"}],"wp:attachment":[{"href":"https:\/\/lpkamrat.se\/wordpress\/wp-json\/wp\/v2\/media?parent=7176"}],"curies":[{"name":"wp","href":"https:\/\/api.w.org\/{rel}","templated":true}]}}