{"id":7174,"date":"2024-05-07T16:57:56","date_gmt":"2024-05-07T14:57:56","guid":{"rendered":"https:\/\/lpkamrat.se\/wordpress\/?page_id=7174"},"modified":"2025-11-03T22:59:25","modified_gmt":"2025-11-03T21:59:25","slug":"radgivning","status":"publish","type":"page","link":"https:\/\/lpkamrat.se\/wordpress\/radgivning\/","title":{"rendered":"R\u00e5d och st\u00f6d"},"content":{"rendered":"\t\t<div data-elementor-type=\"wp-page\" data-elementor-id=\"7174\" class=\"elementor elementor-7174\" data-elementor-post-type=\"page\">\n\t\t\t\t<div class=\"elementor-element elementor-element-da01075 e-con-full elementor-hidden-tablet e-flex e-con e-child\" data-id=\"da01075\" data-element_type=\"container\" data-e-type=\"container\">\n\t\t\t\t<div class=\"elementor-element elementor-element-feff697 elementor-widget__width-initial e-transform elementor-widget-mobile__width-initial elementor-hidden-desktop elementor-hidden-tablet elementor-widget elementor-widget-elementskit-heading\" data-id=\"feff697\" data-element_type=\"widget\" data-e-type=\"widget\" data-settings=\"{&quot;_transform_scale_effect&quot;:{&quot;unit&quot;:&quot;px&quot;,&quot;size&quot;:&quot;&quot;,&quot;sizes&quot;:[]},&quot;_transform_scale_effect_tablet&quot;:{&quot;unit&quot;:&quot;px&quot;,&quot;size&quot;:&quot;&quot;,&quot;sizes&quot;:[]},&quot;_transform_scale_effect_mobile&quot;:{&quot;unit&quot;:&quot;px&quot;,&quot;size&quot;:&quot;&quot;,&quot;sizes&quot;:[]}}\" data-widget_type=\"elementskit-heading.default\">\n\t\t\t\t<div class=\"elementor-widget-container\">\n\t\t\t\t\t<div class=\"ekit-wid-con\" ><div class=\"ekit-heading elementskit-section-title-wraper text_left   ekit_heading_tablet-   ekit_heading_mobile-text_left\"><h2 class=\"ekit-heading--title elementskit-section-title \">R\u00e5d och st\u00f6d<\/h2>\t\t\t\t<div class='ekit-heading__description'>\n\t\t\t\t\t<p><span style=\"font-family: Calibri, sans-serif\"><span style=\"font-size: large\"><img fetchpriority=\"high\" decoding=\"async\" class=\" wp-image-9636 aligncenter\" src=\"https:\/\/lpkamrat.se\/wordpress\/wp-content\/uploads\/2025\/03\/2485f931-b859-4443-af46-7bd43dd28640-300x300.jpg\" alt=\"\" width=\"375\" height=\"375\" srcset=\"https:\/\/lpkamrat.se\/wordpress\/wp-content\/uploads\/2025\/03\/2485f931-b859-4443-af46-7bd43dd28640-300x300.jpg 300w, https:\/\/lpkamrat.se\/wordpress\/wp-content\/uploads\/2025\/03\/2485f931-b859-4443-af46-7bd43dd28640-150x150.jpg 150w, https:\/\/lpkamrat.se\/wordpress\/wp-content\/uploads\/2025\/03\/2485f931-b859-4443-af46-7bd43dd28640-768x768.jpg 768w, https:\/\/lpkamrat.se\/wordpress\/wp-content\/uploads\/2025\/03\/2485f931-b859-4443-af46-7bd43dd28640.jpg 1024w\" sizes=\"(max-width: 375px) 100vw, 375px\" \/>LP Kamrat v\u00e4nder sig till personer i socialt utsatta situationer. Personer med i huvudsak beroendeproblematik och deras anh\u00f6riga. Den h\u00e4r gruppen \u00e4r sv\u00e5r att n\u00e5. M\u00e5nga s\u00f6ker inte upp myndigheter f\u00f6r st\u00f6d. M\u00e5nga har mer eller mindre har gett upp och lever bara dag f\u00f6r dag. LP Kamrat m\u00f6ter ocks\u00e5 v\u00e5ldsutsatta kvinnor och en hel del barnfamiljer som k\u00e4mpar med ekonomi och som inte vill skylta med sin utsatthet.<\/span><\/span><\/p>\n<p><span style=\"font-family: Calibri, sans-serif\"><span style=\"font-size: large\">R\u00e5d och st\u00f6d erbjuds i olika former. Exempelvis r\u00e5dgivning i kontakt med sjukv\u00e5rd och myndigheter eller st\u00f6d i kontakt med anh\u00f6riga. St\u00f6djande motiverande samtal, enskilt eller i grupp, f\u00f6r personer i utsatthet som vill arbeta f\u00f6r f\u00f6r\u00e4ndring och f\u00e5 ett fungerande liv. <\/span><\/span><\/p>\n<p><span style=\"font-family: Calibri, sans-serif\"><span style=\"font-size: large\">Samh\u00e4llsutvecklingen med \u00f6kande kostnader har lett till att allt fler hamnar i ekonomiska sv\u00e5righeter. P\u00e5 flera platser finns d\u00e4rf\u00f6r \u00f6ppen verksamhet d\u00e4r man erbjuder st\u00f6d f\u00f6r basala behov som mat och andra f\u00f6rn\u00f6denheter. \u00c4ven st\u00f6d med akuta boendeinsatser.<\/span><\/span><\/p>\n\t\t\t\t<\/div>\n\t\t\t<\/div><\/div>\t\t\t\t<\/div>\n\t\t\t\t<\/div>\n\t\t\t\t<div class=\"elementor-element elementor-element-7c1f0eb elementor-align--mobilecenter elementor-hidden-desktop elementor-hidden-tablet elementor-align-center elementor-widget elementor-widget-elementskit-button\" data-id=\"7c1f0eb\" data-element_type=\"widget\" data-e-type=\"widget\" data-widget_type=\"elementskit-button.default\">\n\t\t\t\t<div class=\"elementor-widget-container\">\n\t\t\t\t\t<div class=\"ekit-wid-con\" >\t\t<div class=\"ekit-btn-wraper\">\n\t\t\t\t\t\t\t<a href=\"https:\/\/lpkamrat.se\/wordpress\/553-2\/\" class=\"elementskit-btn  whitespace--normal\" id=\"\">\n\t\t\t\t\tKontakta oss!\t\t\t\t<\/a>\n\t\t\t\t\t<\/div>\n        <\/div>\t\t\t\t<\/div>\n\t\t\t\t<\/div>\n\t\t\t\t<\/div>\n\t\t<div class=\"elementor-element elementor-element-57bba443 e-flex e-con-boxed e-con e-parent\" data-id=\"57bba443\" data-element_type=\"container\" data-e-type=\"container\" id=\"xs_cta_style_17\">\n\t\t\t\t\t<div class=\"e-con-inner\">\n\t\t<div class=\"elementor-element elementor-element-4ad9de51 e-con-full e-flex e-con e-child\" data-id=\"4ad9de51\" data-element_type=\"container\" data-e-type=\"container\">\n\t\t\t\t<div class=\"elementor-element elementor-element-5f5b036b elementor-widget__width-initial e-transform elementor-widget-mobile__width-initial elementor-hidden-mobile elementor-widget elementor-widget-elementskit-heading\" data-id=\"5f5b036b\" data-element_type=\"widget\" data-e-type=\"widget\" data-settings=\"{&quot;_transform_scale_effect&quot;:{&quot;unit&quot;:&quot;px&quot;,&quot;size&quot;:&quot;&quot;,&quot;sizes&quot;:[]},&quot;_transform_scale_effect_tablet&quot;:{&quot;unit&quot;:&quot;px&quot;,&quot;size&quot;:&quot;&quot;,&quot;sizes&quot;:[]},&quot;_transform_scale_effect_mobile&quot;:{&quot;unit&quot;:&quot;px&quot;,&quot;size&quot;:&quot;&quot;,&quot;sizes&quot;:[]}}\" data-widget_type=\"elementskit-heading.default\">\n\t\t\t\t<div class=\"elementor-widget-container\">\n\t\t\t\t\t<div class=\"ekit-wid-con\" ><div class=\"ekit-heading elementskit-section-title-wraper text_left   ekit_heading_tablet-   ekit_heading_mobile-text_left\"><h2 class=\"ekit-heading--title elementskit-section-title \">R\u00e5d och st\u00f6d<\/h2>\t\t\t\t<div class='ekit-heading__description'>\n\t\t\t\t\t<p><span style=\"font-family: Calibri, sans-serif\"><span style=\"font-size: large\"><img decoding=\"async\" class=\"size-medium wp-image-9636 alignleft\" src=\"https:\/\/lpkamrat.se\/wordpress\/wp-content\/uploads\/2025\/03\/2485f931-b859-4443-af46-7bd43dd28640-300x300.jpg\" alt=\"\" width=\"300\" height=\"300\" srcset=\"https:\/\/lpkamrat.se\/wordpress\/wp-content\/uploads\/2025\/03\/2485f931-b859-4443-af46-7bd43dd28640-300x300.jpg 300w, https:\/\/lpkamrat.se\/wordpress\/wp-content\/uploads\/2025\/03\/2485f931-b859-4443-af46-7bd43dd28640-150x150.jpg 150w, https:\/\/lpkamrat.se\/wordpress\/wp-content\/uploads\/2025\/03\/2485f931-b859-4443-af46-7bd43dd28640-768x768.jpg 768w, https:\/\/lpkamrat.se\/wordpress\/wp-content\/uploads\/2025\/03\/2485f931-b859-4443-af46-7bd43dd28640.jpg 1024w\" sizes=\"(max-width: 300px) 100vw, 300px\" \/>LP Kamrat v\u00e4nder sig till personer i socialt utsatta situationer. Personer med i huvudsak beroendeproblematik och deras anh\u00f6riga. Den h\u00e4r gruppen \u00e4r sv\u00e5r att n\u00e5. M\u00e5nga s\u00f6ker inte upp myndigheter f\u00f6r st\u00f6d. M\u00e5nga har mer eller mindre har gett upp och lever bara dag f\u00f6r dag. LP Kamrat m\u00f6ter ocks\u00e5 v\u00e5ldsutsatta kvinnor och en hel del barnfamiljer som k\u00e4mpar med ekonomi och som inte vill skylta med sin utsatthet.<\/span><\/span><\/p>\n<p><span style=\"font-family: Calibri, sans-serif\"><span style=\"font-size: large\">R\u00e5d och st\u00f6d erbjuds i olika former. Exempelvis r\u00e5dgivning i kontakt med sjukv\u00e5rd och myndigheter eller st\u00f6d i kontakt med anh\u00f6riga. St\u00f6djande motiverande samtal, enskilt eller i grupp, f\u00f6r personer i utsatthet som vill arbeta f\u00f6r f\u00f6r\u00e4ndring och f\u00e5 ett fungerande liv. <\/span><\/span><\/p>\n<p><span style=\"font-family: Calibri, sans-serif\"><span style=\"font-size: large\">Samh\u00e4llsutvecklingen med \u00f6kande kostnader har lett till att allt fler hamnar i ekonomiska sv\u00e5righeter. P\u00e5 flera platser finns d\u00e4rf\u00f6r \u00f6ppen verksamhet d\u00e4r man erbjuder st\u00f6d f\u00f6r basala behov som mat och andra f\u00f6rn\u00f6denheter. \u00c4ven st\u00f6d med akuta boendeinsatser.<\/span><\/span><\/p>\n\t\t\t\t<\/div>\n\t\t\t<\/div><\/div>\t\t\t\t<\/div>\n\t\t\t\t<\/div>\n\t\t\t\t<div class=\"elementor-element elementor-element-247d60d1 elementor-align--mobilecenter elementor-hidden-mobile elementor-align-center elementor-widget elementor-widget-elementskit-button\" data-id=\"247d60d1\" data-element_type=\"widget\" data-e-type=\"widget\" data-widget_type=\"elementskit-button.default\">\n\t\t\t\t<div class=\"elementor-widget-container\">\n\t\t\t\t\t<div class=\"ekit-wid-con\" >\t\t<div class=\"ekit-btn-wraper\">\n\t\t\t\t\t\t\t<a href=\"https:\/\/lpkamrat.se\/wordpress\/553-2\/\" class=\"elementskit-btn  whitespace--normal\" id=\"\">\n\t\t\t\t\tKontakta oss!\t\t\t\t<\/a>\n\t\t\t\t\t<\/div>\n        <\/div>\t\t\t\t<\/div>\n\t\t\t\t<\/div>\n\t\t\t\t<\/div>\n\t\t\t\t\t<\/div>\n\t\t\t\t<\/div>\n\t\t\t\t<\/div>\n\t\t","protected":false},"excerpt":{"rendered":"<p>R\u00e5d och st\u00f6d LP Kamrat v\u00e4nder sig till personer i socialt utsatta situationer. Personer med i huvudsak beroendeproblematik och deras anh\u00f6riga. Den h\u00e4r gruppen \u00e4r sv\u00e5r att n\u00e5. M\u00e5nga s\u00f6ker inte upp myndigheter f\u00f6r st\u00f6d. M\u00e5nga har mer eller mindre har gett upp och lever bara dag f\u00f6r dag. LP Kamrat m\u00f6ter ocks\u00e5 v\u00e5ldsutsatta kvinnor&hellip;<\/p>\n","protected":false},"author":4,"featured_media":0,"parent":0,"menu_order":0,"comment_status":"closed","ping_status":"closed","template":"","meta":{"footnotes":""},"class_list":["post-7174","page","type-page","status-publish","hentry"],"aioseo_notices":[],"_links":{"self":[{"href":"https:\/\/lpkamrat.se\/wordpress\/wp-json\/wp\/v2\/pages\/7174","targetHints":{"allow":["GET"]}}],"collection":[{"href":"https:\/\/lpkamrat.se\/wordpress\/wp-json\/wp\/v2\/pages"}],"about":[{"href":"https:\/\/lpkamrat.se\/wordpress\/wp-json\/wp\/v2\/types\/page"}],"author":[{"embeddable":true,"href":"https:\/\/lpkamrat.se\/wordpress\/wp-json\/wp\/v2\/users\/4"}],"replies":[{"embeddable":true,"href":"https:\/\/lpkamrat.se\/wordpress\/wp-json\/wp\/v2\/comments?post=7174"}],"version-history":[{"count":0,"href":"https:\/\/lpkamrat.se\/wordpress\/wp-json\/wp\/v2\/pages\/7174\/revisions"}],"wp:attachment":[{"href":"https:\/\/lpkamrat.se\/wordpress\/wp-json\/wp\/v2\/media?parent=7174"}],"curies":[{"name":"wp","href":"https:\/\/api.w.org\/{rel}","templated":true}]}}