{"id":5549,"date":"2021-04-12T20:18:03","date_gmt":"2021-04-12T18:18:03","guid":{"rendered":"https:\/\/lpkamrat.se\/wordpress\/?page_id=5549"},"modified":"2025-10-19T14:29:35","modified_gmt":"2025-10-19T12:29:35","slug":"oxford-house","status":"publish","type":"page","link":"https:\/\/lpkamrat.se\/wordpress\/oxford-house\/","title":{"rendered":"Oxford House"},"content":{"rendered":"\t\t<div data-elementor-type=\"wp-page\" data-elementor-id=\"5549\" class=\"elementor elementor-5549\" data-elementor-post-type=\"page\">\n\t\t\t\t<div class=\"elementor-element elementor-element-9591f91 e-flex e-con-boxed e-con e-parent\" data-id=\"9591f91\" data-element_type=\"container\" data-e-type=\"container\">\n\t\t\t\t\t<div class=\"e-con-inner\">\n\t\t\t\t<div class=\"elementor-element elementor-element-feb8c6b elementor-widget__width-initial elementor-widget elementor-widget-heading\" data-id=\"feb8c6b\" data-element_type=\"widget\" data-e-type=\"widget\" data-widget_type=\"heading.default\">\n\t\t\t\t<div class=\"elementor-widget-container\">\n\t\t\t\t\t<h2 class=\"elementor-heading-title elementor-size-default\">Oxford House - Sverige<\/h2>\t\t\t\t<\/div>\n\t\t\t\t<\/div>\n\t\t\t\t\t<\/div>\n\t\t\t\t<\/div>\n\t\t<div class=\"elementor-element elementor-element-4a9538a e-flex e-con-boxed e-con e-parent\" data-id=\"4a9538a\" data-element_type=\"container\" data-e-type=\"container\">\n\t\t\t\t\t<div class=\"e-con-inner\">\n\t\t\t\t<div class=\"elementor-element elementor-element-0829114 elementor-widget elementor-widget-image\" data-id=\"0829114\" data-element_type=\"widget\" data-e-type=\"widget\" data-widget_type=\"image.default\">\n\t\t\t\t<div class=\"elementor-widget-container\">\n\t\t\t\t\t\t\t\t\t\t\t\t\t\t\t<img fetchpriority=\"high\" decoding=\"async\" width=\"768\" height=\"543\" src=\"https:\/\/lpkamrat.se\/wordpress\/wp-content\/uploads\/2025\/01\/Oxford-House-Logo-768x543.jpg\" class=\"attachment-medium_large size-medium_large wp-image-7537\" alt=\"\" srcset=\"https:\/\/lpkamrat.se\/wordpress\/wp-content\/uploads\/2025\/01\/Oxford-House-Logo-768x543.jpg 768w, https:\/\/lpkamrat.se\/wordpress\/wp-content\/uploads\/2025\/01\/Oxford-House-Logo-300x212.jpg 300w, https:\/\/lpkamrat.se\/wordpress\/wp-content\/uploads\/2025\/01\/Oxford-House-Logo-1024x724.jpg 1024w, https:\/\/lpkamrat.se\/wordpress\/wp-content\/uploads\/2025\/01\/Oxford-House-Logo-1536x1086.jpg 1536w, https:\/\/lpkamrat.se\/wordpress\/wp-content\/uploads\/2025\/01\/Oxford-House-Logo-scaled.jpg 2048w\" sizes=\"(max-width: 768px) 100vw, 768px\" \/>\t\t\t\t\t\t\t\t\t\t\t\t\t\t\t<\/div>\n\t\t\t\t<\/div>\n\t\t\t\t\t<\/div>\n\t\t\t\t<\/div>\n\t\t<div class=\"elementor-element elementor-element-f8eb526 e-flex e-con-boxed e-con e-parent\" data-id=\"f8eb526\" data-element_type=\"container\" data-e-type=\"container\">\n\t\t\t\t\t<div class=\"e-con-inner\">\n\t\t\t\t<div class=\"elementor-element elementor-element-5c23a72 elementor-widget-tablet__width-initial elementor-widget elementor-widget-text-editor\" data-id=\"5c23a72\" data-element_type=\"widget\" data-e-type=\"widget\" data-widget_type=\"text-editor.default\">\n\t\t\t\t<div class=\"elementor-widget-container\">\n\t\t\t\t\t\t\t\t\t<h3><strong>USA<\/strong><\/h3><p>Det f\u00f6rsta Oxford House (OH) \u00f6ppnades i Silver Spring, Maryland 1975 av Paul Molloy som hade varit anst\u00e4lld i senatskommitt\u00e9n mellan 1967 och 1972\u00a0<a href=\"https:\/\/www.washingtonpost.com\/archive\/lifestyle\/magazine\/1989\/11\/12\/the-oxford-house-experiment\/f48142e1-877e-469e-bf1f-aa6aec605e56\/\" target=\"_blank\" rel=\"noreferrer noopener\">n\u00e4r han s\u00f6kte behandling<\/a>\u00a0f\u00f6r sin alkoholism i ett halvv\u00e4gshus 1975.<\/p><p>Senare samma \u00e5r skulle halvv\u00e4gshuset st\u00e4ngas p\u00e5 grund av ekonomiska sv\u00e5righeter och Molloy och de andra inv\u00e5narna tog \u00f6ver hyresavtalet och valde namnet Oxford House.<\/p><p>Begreppet OH syftar p\u00e5 de hus som \u00e4r verksamma under \u201dOxford House Model\u201d, ett samh\u00e4llsbaserat tillv\u00e4gag\u00e5ngss\u00e4tt f\u00f6r rehabilitering efter missbruk i en oberoende, st\u00f6djande och nykter levnadsmilj\u00f6. Idag finns det n\u00e4stan 3000 OH i USA och n\u00e5gra stycken i andra l\u00e4nder.<\/p><p><strong>De tre reglerna:<\/strong><\/p><p>\u2022 Nolltolerans mot droger eller alkohol och den boende f\u00e5r inte upptr\u00e4da st\u00f6rande<\/p><p>\u2022 Huset ska drivas demokratiskt<\/p><p>\u2022 Gemensamma kostnader betalas solidariskt. Ett visst antal AA-m\u00f6ten i veckan kan vara obligatoriska men det varierar fr\u00e5n hem till hem. Varje vecka ett obligatoriskt boendem\u00f6te f\u00f6r att diskutera eventuella gemensamma fr\u00e5gor.<\/p><h3><strong>SVERIGE<\/strong><\/h3><p><em><strong>Oxford House administrerar 2 754 hem (22 052 s\u00e4ngar) i USA. Nu har vi tagit det framg\u00e5ngsrika boendekonceptet till Europa!<\/strong><\/em><\/p><p>10 november 2020 blev H\u00f6rnstenen godk\u00e4nt som ett sk \u201dcharter\u201d inom OH. Det inneb\u00e4r att vi nu officiellt \u00e4r en del av organisationen och samarbetar f\u00f6r att hj\u00e4lpa heml\u00f6sa till ett boende, arbete och en ordnad tillvaro.<\/p><p>Det har varit en l\u00e5ng process d\u00e5 OH under ett \u00e5rs tid kvalitetss\u00e4krat H\u00f6rnstenens boende, modell och viss anpassning har skett till den amerikanska modellen.<\/p><p>OH har ett grundmurat renomm\u00e9 i USA sedan decennier. Under t.ex. president Reagan skrevs de federala lagarna om f\u00f6r att s\u00e4rskilt gynna OH i syfte att underl\u00e4tta d\u00e5 man etablerade sig i allt fler delstater.<\/p>\t\t\t\t\t\t\t\t<\/div>\n\t\t\t\t<\/div>\n\t\t\t\t\t<\/div>\n\t\t\t\t<\/div>\n\t\t<div class=\"elementor-element elementor-element-4288540 e-flex e-con-boxed e-con e-parent\" data-id=\"4288540\" data-element_type=\"container\" data-e-type=\"container\">\n\t\t\t\t\t<div class=\"e-con-inner\">\n\t\t\t\t<div class=\"elementor-element elementor-element-8e45ed7 elementor-widget elementor-widget-spacer\" data-id=\"8e45ed7\" data-element_type=\"widget\" data-e-type=\"widget\" data-widget_type=\"spacer.default\">\n\t\t\t\t<div class=\"elementor-widget-container\">\n\t\t\t\t\t\t\t<div class=\"elementor-spacer\">\n\t\t\t<div class=\"elementor-spacer-inner\"><\/div>\n\t\t<\/div>\n\t\t\t\t\t\t<\/div>\n\t\t\t\t<\/div>\n\t\t\t\t\t<\/div>\n\t\t\t\t<\/div>\n\t\t\t\t<\/div>\n\t\t","protected":false},"excerpt":{"rendered":"<p>Oxford House &#8211; Sverige USA Det f\u00f6rsta Oxford House (OH) \u00f6ppnades i Silver Spring, Maryland 1975 av Paul Molloy som hade varit anst\u00e4lld i senatskommitt\u00e9n mellan 1967 och 1972\u00a0n\u00e4r han s\u00f6kte behandling\u00a0f\u00f6r sin alkoholism i ett halvv\u00e4gshus 1975. Senare samma \u00e5r skulle halvv\u00e4gshuset st\u00e4ngas p\u00e5 grund av ekonomiska sv\u00e5righeter och Molloy och de andra inv\u00e5narna&hellip;<\/p>\n","protected":false},"author":5,"featured_media":0,"parent":0,"menu_order":0,"comment_status":"closed","ping_status":"closed","template":"","meta":{"footnotes":""},"class_list":["post-5549","page","type-page","status-publish","hentry"],"aioseo_notices":[],"_links":{"self":[{"href":"https:\/\/lpkamrat.se\/wordpress\/wp-json\/wp\/v2\/pages\/5549","targetHints":{"allow":["GET"]}}],"collection":[{"href":"https:\/\/lpkamrat.se\/wordpress\/wp-json\/wp\/v2\/pages"}],"about":[{"href":"https:\/\/lpkamrat.se\/wordpress\/wp-json\/wp\/v2\/types\/page"}],"author":[{"embeddable":true,"href":"https:\/\/lpkamrat.se\/wordpress\/wp-json\/wp\/v2\/users\/5"}],"replies":[{"embeddable":true,"href":"https:\/\/lpkamrat.se\/wordpress\/wp-json\/wp\/v2\/comments?post=5549"}],"version-history":[{"count":0,"href":"https:\/\/lpkamrat.se\/wordpress\/wp-json\/wp\/v2\/pages\/5549\/revisions"}],"wp:attachment":[{"href":"https:\/\/lpkamrat.se\/wordpress\/wp-json\/wp\/v2\/media?parent=5549"}],"curies":[{"name":"wp","href":"https:\/\/api.w.org\/{rel}","templated":true}]}}