{"id":19342,"date":"2026-04-28T15:14:44","date_gmt":"2026-04-28T13:14:44","guid":{"rendered":"https:\/\/lpkamrat.se\/wordpress\/?page_id=19342"},"modified":"2026-04-29T13:48:23","modified_gmt":"2026-04-29T11:48:23","slug":"medlemsbrev-28-april","status":"publish","type":"page","link":"https:\/\/lpkamrat.se\/wordpress\/medlemsbrev-28-april\/","title":{"rendered":"Medlemsbrev 28 april"},"content":{"rendered":"\t\t<div data-elementor-type=\"wp-page\" data-elementor-id=\"19342\" class=\"elementor elementor-19342\" data-elementor-post-type=\"page\">\n\t\t\t\t<div class=\"elementor-element elementor-element-d6ca2af e-grid e-con-boxed e-con e-parent\" data-id=\"d6ca2af\" data-element_type=\"container\" data-e-type=\"container\">\n\t\t\t\t\t<div class=\"e-con-inner\">\n\t\t\t\t\t\t\t\n\t\t<img class=\"e-image-base e-40587bd-355c32e\" \n\t\t\t\t\tdata-interaction-id=\"40587bd\" \n\t\t \n\t\t data-e-type=\"widget\" data-id=\"40587bd\" \n\t\t\t\t\t\t\t\t\tid=\"18466\"\n\t\t\t\t\t\t\t\t\t\t\t\tsrc=\"https:\/\/lpkamrat.se\/wordpress\/wp-content\/uploads\/2026\/02\/Kf20ar_webb_vitbakgrund-768x773.jpg\"\n\t\t\t\t\t\t\t\t\t\t\t\twidth=\"768\"\n\t\t\t\t\t\t\t\t\t\t\t\theight=\"773\"\n\t\t\t\t\t\t\t\t\t\t\t\tsrcset=\"https:\/\/lpkamrat.se\/wordpress\/wp-content\/uploads\/2026\/02\/Kf20ar_webb_vitbakgrund-768x773.jpg 768w, https:\/\/lpkamrat.se\/wordpress\/wp-content\/uploads\/2026\/02\/Kf20ar_webb_vitbakgrund-298x300.jpg 298w, https:\/\/lpkamrat.se\/wordpress\/wp-content\/uploads\/2026\/02\/Kf20ar_webb_vitbakgrund-150x150.jpg 150w, https:\/\/lpkamrat.se\/wordpress\/wp-content\/uploads\/2026\/02\/Kf20ar_webb_vitbakgrund.jpg 1000w\"\n\t\t\t\t\t\t\t\t\t\t\t\talt=\"\"\n\t\t\t\t\t\t\/>\n\t\t\t\t\t\t<\/div>\n\t\t\t\t<\/div>\n\t\t<div class=\"elementor-element elementor-element-8b0fb84 e-con-full e-flex e-con e-parent\" data-id=\"8b0fb84\" data-element_type=\"container\" data-e-type=\"container\">\n\t\t\t\t<div class=\"elementor-element elementor-element-31e100d elementor-widget-mobile__width-initial elementor-widget elementor-widget-text-editor\" data-id=\"31e100d\" data-element_type=\"widget\" data-e-type=\"widget\" data-widget_type=\"text-editor.default\">\n\t\t\t\t<div class=\"elementor-widget-container\">\n\t\t\t\t\t\t\t\t\t<p class=\"western\"><span style=\"font-size: large;\"><span style=\"font-family: Calibri, serif;\">B\u00e4sta LP Kamratv\u00e4nner, <\/span><\/span><\/p><p class=\"western\"><span style=\"font-size: large;\"><span style=\"font-family: Calibri, serif;\">Jag ville skriva n\u00e5gra rader som omvald ordf\u00f6rande f\u00f6r LP Kamrat. S\u00e5 tacksam f\u00f6r f\u00f6rtroendet. <\/span><\/span><\/p><p class=\"western\"><span style=\"font-size: large;\"><span style=\"font-family: Calibri, serif;\">I \u00e5r 2026 fyller LP kamrat 20 \u00e5r. Det har du v\u00e4l inte missat? Det firar vi hela \u00e5ret p\u00e5 olika s\u00e4tt. P\u00e5 gemenskapstr\u00e4ffar, \u00e5rsm\u00f6te, l\u00e4ger, t\u00e4ltvecka. Vi ser tillbaka med tacksamhet men vi ser ocks\u00e5, och kanske \u00e4nnu mer, fram\u00e5t. Vindrutan st\u00f6rre \u00e4n backspegeln st\u00e5r det i inledningen av v\u00e5r verksamhetsber\u00e4ttelse f\u00f6r 2025. Det finns anledning till att vindrutan beh\u00f6ver vara st\u00f6rre \u00e4n backspegeln \u2013 vi \u00e4r p\u00e5 v\u00e4g fram\u00e5t.<\/span><\/span><\/p><p class=\"western\"><span style=\"font-family: Calibri, serif;\"><span style=\"font-size: large;\">\u00c5rsm\u00f6tet h\u00f6lls i \u00e5r i Kumla. En fantastiskt fin dag n\u00e4r Maritha och Jerry Wallh med sina medarbetare hade ordnat det s\u00e5 bra. M\u00e5nga beslut fattades om ekonomi, verksamhet, medlemsavgift och styrelse. Vill du veta mer s\u00e5 finns Verksamhetsber\u00e4ttelsen att l\u00e4sa p\u00e5 v\u00e5r hemsida <\/span><\/span><span style=\"color: #0000ff;\"><u><a href=\"http:\/\/www.lpkamrat.se\/\"><span style=\"font-family: Calibri, serif;\"><span style=\"font-size: large;\">www.lpkamrat.se<\/span><\/span><\/a><\/u><\/span><span style=\"font-family: Calibri, serif;\"><span style=\"font-size: large;\">. Klicka p\u00e5 \u201dom oss\u201d, g\u00e5 till \u201dv\u00e5r historia\u201d och skrolla ner s\u00e5 hittar du den. <\/span><\/span><\/p><p class=\"western\"><span style=\"font-size: large;\"><span style=\"font-family: Calibri, serif;\">N\u00e4r det g\u00e4ller medlemsavgift har vi ju sedan n\u00e5gra \u00e5r tillbaka kunnat bevilja avgiftsbefrielse f\u00f6r den som har sv\u00e5rt att klara avgiften. Motivet har varit att avgiften inte skulle hindra n\u00e5gon fr\u00e5n att kunna bli medlem. Nu ser vi att alltf\u00f6r m\u00e5nga inte betalar och vill d\u00e4rf\u00f6r p\u00e5minna oss om medlemsavgiften p\u00e5 200 kronor per \u00e5r. Det g\u00e5r bra att Swisha till 123\u00a0051 65 91 eller s\u00e4tta in p\u00e5 plusgirot 30 93 60 \u2013 6. Tack f\u00f6r att ni hj\u00e4lper till.<\/span><\/span><\/p><p class=\"western\"><span style=\"font-size: large;\"><span style=\"font-family: Calibri, serif;\">Sommaren n\u00e4rmar sig med alla h\u00e4rliga l\u00e4ger och andra aktiviteter. Mer om detta i kommande medlemsbrev och p\u00e5 v\u00e5r hemsida. S\u00e5 h\u00e5ll utkik.<\/span><\/span><\/p><p class=\"western\"><span style=\"font-size: large;\"><span style=\"font-family: Calibri, serif;\">Med \u00f6nskan om Guds v\u00e4lsignelse,<\/span><\/span><\/p><p class=\"western\"><span style=\"font-size: large;\"><span style=\"font-family: Calibri, serif;\">Kerstin Eriksson<\/span><\/span><\/p><p>.<\/p>\t\t\t\t\t\t\t\t<\/div>\n\t\t\t\t<\/div>\n\t\t\t\t<\/div>\n\t\t\t\t<\/div>\n\t\t","protected":false},"excerpt":{"rendered":"<p>B\u00e4sta LP Kamratv\u00e4nner, Jag ville skriva n\u00e5gra rader som omvald ordf\u00f6rande f\u00f6r LP Kamrat. S\u00e5 tacksam f\u00f6r f\u00f6rtroendet. I \u00e5r 2026 fyller LP kamrat 20 \u00e5r. Det har du v\u00e4l inte missat? Det firar vi hela \u00e5ret p\u00e5 olika s\u00e4tt. P\u00e5 gemenskapstr\u00e4ffar, \u00e5rsm\u00f6te, l\u00e4ger, t\u00e4ltvecka. Vi ser tillbaka med tacksamhet men vi ser ocks\u00e5, och&hellip;<\/p>\n","protected":false},"author":5,"featured_media":0,"parent":0,"menu_order":0,"comment_status":"closed","ping_status":"closed","template":"","meta":{"footnotes":""},"class_list":["post-19342","page","type-page","status-publish","hentry"],"aioseo_notices":[],"_links":{"self":[{"href":"https:\/\/lpkamrat.se\/wordpress\/wp-json\/wp\/v2\/pages\/19342","targetHints":{"allow":["GET"]}}],"collection":[{"href":"https:\/\/lpkamrat.se\/wordpress\/wp-json\/wp\/v2\/pages"}],"about":[{"href":"https:\/\/lpkamrat.se\/wordpress\/wp-json\/wp\/v2\/types\/page"}],"author":[{"embeddable":true,"href":"https:\/\/lpkamrat.se\/wordpress\/wp-json\/wp\/v2\/users\/5"}],"replies":[{"embeddable":true,"href":"https:\/\/lpkamrat.se\/wordpress\/wp-json\/wp\/v2\/comments?post=19342"}],"version-history":[{"count":16,"href":"https:\/\/lpkamrat.se\/wordpress\/wp-json\/wp\/v2\/pages\/19342\/revisions"}],"predecessor-version":[{"id":19430,"href":"https:\/\/lpkamrat.se\/wordpress\/wp-json\/wp\/v2\/pages\/19342\/revisions\/19430"}],"wp:attachment":[{"href":"https:\/\/lpkamrat.se\/wordpress\/wp-json\/wp\/v2\/media?parent=19342"}],"curies":[{"name":"wp","href":"https:\/\/api.w.org\/{rel}","templated":true}]}}