{"id":18945,"date":"2026-04-09T17:06:48","date_gmt":"2026-04-09T15:06:48","guid":{"rendered":"https:\/\/lpkamrat.se\/wordpress\/?page_id=18945"},"modified":"2026-04-15T12:31:35","modified_gmt":"2026-04-15T10:31:35","slug":"anmalan-drakudden-2026","status":"publish","type":"page","link":"https:\/\/lpkamrat.se\/wordpress\/anmalan-drakudden-2026\/","title":{"rendered":"Anm\u00e4lan Drakudden 2026"},"content":{"rendered":"\t\t<div data-elementor-type=\"wp-page\" data-elementor-id=\"18945\" class=\"elementor elementor-18945\" data-elementor-post-type=\"page\">\n\t\t\t\t<div class=\"elementor-element elementor-element-62ffeac e-flex e-con-boxed e-con e-parent\" data-id=\"62ffeac\" data-element_type=\"container\" data-e-type=\"container\">\n\t\t\t\t\t<div class=\"e-con-inner\">\n\t\t\t\t<div class=\"elementor-element elementor-element-832323f elementor-widget__width-initial elementor-widget elementor-widget-text-editor\" data-id=\"832323f\" data-element_type=\"widget\" data-e-type=\"widget\" data-widget_type=\"text-editor.default\">\n\t\t\t\t<div class=\"elementor-widget-container\">\n\t\t\t\t\t\t\t\t\t<p>4 olika s\u00e4tt att anm\u00e4la sig till Drakuddenl\u00e4gret 2026.<\/p><ul><li>Anv\u00e4nd formul\u00e4ret h\u00e4r inunder.<\/li><li><a href=\"https:\/\/lpkamrat.se\/wordpress\/wp-content\/uploads\/2026\/04\/AnmalningsblankettLPKamrat-Drakudden2026-3.pdf\">Skriv ut talongen och posta den. (\u00c4ven prislista)<\/a><\/li><li>Skicka in via ett vanligt email.<\/li><li>Ring och anm\u00e4l dig via din telefon.<\/li><\/ul>\t\t\t\t\t\t\t\t<\/div>\n\t\t\t\t<\/div>\n\t\t\t\t\t<\/div>\n\t\t\t\t<\/div>\n\t\t<div class=\"elementor-element elementor-element-636511e e-grid e-con-boxed e-con e-parent\" data-id=\"636511e\" data-element_type=\"container\" data-e-type=\"container\">\n\t\t\t\t\t<div class=\"e-con-inner\">\n\t\t\t\t<div class=\"elementor-element elementor-element-dd8a3d6 elementor-widget elementor-widget-image\" data-id=\"dd8a3d6\" data-element_type=\"widget\" data-e-type=\"widget\" data-widget_type=\"image.default\">\n\t\t\t\t<div class=\"elementor-widget-container\">\n\t\t\t\t\t\t\t\t\t\t\t\t<figure class=\"wp-caption\">\n\t\t\t\t\t\t\t\t\t\t<img fetchpriority=\"high\" decoding=\"async\" width=\"268\" height=\"188\" src=\"https:\/\/lpkamrat.se\/wordpress\/wp-content\/uploads\/2025\/03\/email-2.png\" class=\"attachment-medium size-medium wp-image-8326\" alt=\"\" \/>\t\t\t\t\t\t\t\t\t\t\t<figcaption class=\"widget-image-caption wp-caption-text\">info@lpkamrat.se<\/figcaption>\n\t\t\t\t\t\t\t\t\t\t<\/figure>\n\t\t\t\t\t\t\t\t\t<\/div>\n\t\t\t\t<\/div>\n\t\t\t\t<div class=\"elementor-element elementor-element-b8695f5 elementor-widget elementor-widget-image\" data-id=\"b8695f5\" data-element_type=\"widget\" data-e-type=\"widget\" data-widget_type=\"image.default\">\n\t\t\t\t<div class=\"elementor-widget-container\">\n\t\t\t\t\t\t\t\t\t\t\t\t<figure class=\"wp-caption\">\n\t\t\t\t\t\t\t\t\t\t<img decoding=\"async\" width=\"800\" height=\"800\" src=\"https:\/\/lpkamrat.se\/wordpress\/wp-content\/uploads\/2025\/03\/tele-2.png\" class=\"attachment-large size-large wp-image-8327\" alt=\"\" srcset=\"https:\/\/lpkamrat.se\/wordpress\/wp-content\/uploads\/2025\/03\/tele-2.png 800w, https:\/\/lpkamrat.se\/wordpress\/wp-content\/uploads\/2025\/03\/tele-2-300x300.png 300w, https:\/\/lpkamrat.se\/wordpress\/wp-content\/uploads\/2025\/03\/tele-2-150x150.png 150w, https:\/\/lpkamrat.se\/wordpress\/wp-content\/uploads\/2025\/03\/tele-2-768x768.png 768w\" sizes=\"(max-width: 800px) 100vw, 800px\" \/>\t\t\t\t\t\t\t\t\t\t\t<figcaption class=\"widget-image-caption wp-caption-text\">Tel:08 408 006 00<\/figcaption>\n\t\t\t\t\t\t\t\t\t\t<\/figure>\n\t\t\t\t\t\t\t\t\t<\/div>\n\t\t\t\t<\/div>\n\t\t\t\t\t<\/div>\n\t\t\t\t<\/div>\n\t\t<div class=\"elementor-element elementor-element-fca3f0c e-con-full e-flex e-con e-parent\" data-id=\"fca3f0c\" data-element_type=\"container\" data-e-type=\"container\">\n\t\t\t\t<div class=\"elementor-element elementor-element-559d3b8 elementor-widget-mobile__width-initial elementor-widget elementor-widget-html\" data-id=\"559d3b8\" data-element_type=\"widget\" data-e-type=\"widget\" data-widget_type=\"html.default\">\n\t\t\t\t<div class=\"elementor-widget-container\">\n\t\t\t\t\t<iframe src=\"https:\/\/docs.google.com\/forms\/d\/e\/1FAIpQLScW6uy8CA5kx7S70eP7BMcq3PA42UlaAl_InC2fN2wpLulH8g\/viewform?embedded=true\" width=\"640\" height=\"3126\" frameborder=\"0\" marginheight=\"0\" marginwidth=\"0\">L\u00e4ser in\u00a0\u2026<\/iframe>\t\t\t\t<\/div>\n\t\t\t\t<\/div>\n\t\t\t\t<\/div>\n\t\t\t\t<\/div>\n\t\t","protected":false},"excerpt":{"rendered":"<p>4 olika s\u00e4tt att anm\u00e4la sig till Drakuddenl\u00e4gret 2026. Anv\u00e4nd formul\u00e4ret h\u00e4r inunder. Skriv ut talongen och posta den. (\u00c4ven prislista) Skicka in via ett vanligt email. Ring och anm\u00e4l dig via din telefon. info@lpkamrat.se Tel:08 408 006 00 L\u00e4ser in\u00a0\u2026<\/p>\n","protected":false},"author":5,"featured_media":0,"parent":0,"menu_order":0,"comment_status":"closed","ping_status":"closed","template":"","meta":{"footnotes":""},"class_list":["post-18945","page","type-page","status-publish","hentry"],"aioseo_notices":[],"_links":{"self":[{"href":"https:\/\/lpkamrat.se\/wordpress\/wp-json\/wp\/v2\/pages\/18945","targetHints":{"allow":["GET"]}}],"collection":[{"href":"https:\/\/lpkamrat.se\/wordpress\/wp-json\/wp\/v2\/pages"}],"about":[{"href":"https:\/\/lpkamrat.se\/wordpress\/wp-json\/wp\/v2\/types\/page"}],"author":[{"embeddable":true,"href":"https:\/\/lpkamrat.se\/wordpress\/wp-json\/wp\/v2\/users\/5"}],"replies":[{"embeddable":true,"href":"https:\/\/lpkamrat.se\/wordpress\/wp-json\/wp\/v2\/comments?post=18945"}],"version-history":[{"count":3,"href":"https:\/\/lpkamrat.se\/wordpress\/wp-json\/wp\/v2\/pages\/18945\/revisions"}],"predecessor-version":[{"id":19155,"href":"https:\/\/lpkamrat.se\/wordpress\/wp-json\/wp\/v2\/pages\/18945\/revisions\/19155"}],"wp:attachment":[{"href":"https:\/\/lpkamrat.se\/wordpress\/wp-json\/wp\/v2\/media?parent=18945"}],"curies":[{"name":"wp","href":"https:\/\/api.w.org\/{rel}","templated":true}]}}