{"id":18687,"date":"2026-03-06T11:48:32","date_gmt":"2026-03-06T10:48:32","guid":{"rendered":"https:\/\/lpkamrat.se\/wordpress\/?page_id=18687"},"modified":"2026-03-06T12:51:24","modified_gmt":"2026-03-06T11:51:24","slug":"medlemsbrev-mars","status":"publish","type":"page","link":"https:\/\/lpkamrat.se\/wordpress\/medlemsbrev-mars\/","title":{"rendered":"Medlemsbrev mars"},"content":{"rendered":"\t\t<div data-elementor-type=\"wp-page\" data-elementor-id=\"18687\" class=\"elementor elementor-18687\" data-elementor-post-type=\"page\">\n\t\t\t\t<div class=\"elementor-element elementor-element-2f8582a1 e-flex e-con-boxed e-con e-parent\" data-id=\"2f8582a1\" data-element_type=\"container\" data-e-type=\"container\">\n\t\t\t\t\t<div class=\"e-con-inner\">\n\t\t\t\t<div class=\"elementor-element elementor-element-12636a1b elementor-widget elementor-widget-text-editor\" data-id=\"12636a1b\" data-element_type=\"widget\" data-e-type=\"widget\" data-widget_type=\"text-editor.default\">\n\t\t\t\t<div class=\"elementor-widget-container\">\n\t\t\t\t\t\t\t\t\t\n<p><strong><em>6:e mars 2026 <\/em><\/strong><\/p>\n\t\t\t\t\t\t\t\t<\/div>\n\t\t\t\t<\/div>\n\t\t\t\t\t<\/div>\n\t\t\t\t<\/div>\n\t\t<div class=\"elementor-element elementor-element-8442001 e-flex e-con-boxed e-con e-parent\" data-id=\"8442001\" data-element_type=\"container\" data-e-type=\"container\">\n\t\t\t\t\t<div class=\"e-con-inner\">\n\t\t\t\t<div class=\"elementor-element elementor-element-f69b199 elementor-widget elementor-widget-text-editor\" data-id=\"f69b199\" data-element_type=\"widget\" data-e-type=\"widget\" data-widget_type=\"text-editor.default\">\n\t\t\t\t<div class=\"elementor-widget-container\">\n\t\t\t\t\t\t\t\t\t<p style=\"font-weight: 400;\"><strong>LP Kamrat 20 \u00e5r<\/strong><\/p>\n<p style=\"font-weight: 400;\">I ett tidigare brev s\u00e5 ber\u00e4ttade jag om hur det sett ut fram till idag.<\/p>\n<p style=\"font-weight: 400;\">Skulle i detta brev vilja ber\u00e4tta om hur dagsl\u00e4get \u00e4r.<\/p>\n<p style=\"font-weight: 400;\">N\u00e4r vi gick in i det nya \u00e5ret s\u00e5 fanns det tv\u00e5 H\u00f6rnstenen, som vi kallar v\u00e5rt st\u00f6d och motivationsboende, Ett i M\u00e4rsta med 12 platser och ett i S\u00e4ffle med 5 platser.&nbsp;<\/p>\n<p style=\"font-weight: 400;\">Dessutom Utsluss-boendet som har namnet Oxford House med 3 platser.&nbsp;<\/p>\n<p style=\"font-weight: 400;\">Flera kontaktpunkter med olika inriktningar, bemanning, \u00f6ppettider mm. Bland annat ett ungdomsarbete med tillg\u00e5ng till ett st\u00f6rre garage d\u00e4r det i nul\u00e4get samlar ca 12 ungdomar, b\u00e5de EPA och vanliga bilar mekas det p\u00e5.<\/p>\n<p style=\"font-weight: 400;\">Kvinnogrupper har kommit i g\u00e5ng med flera tr\u00e4ffar.&nbsp;&nbsp;<\/p>\n<p style=\"font-weight: 400;\">N\u00e5got vi kallar Fika med LP Kamrat har haft sin f\u00f6rsta tr\u00e4ff. Enkla samlingar d\u00e4r vi m\u00f6ts i en stund av gemenskap.&nbsp; &nbsp;<\/p>\n<p style=\"font-weight: 400;\">Vi \u00e5terkommer med mera info om dessa tv\u00e5 verksamheter.&nbsp;<\/p>\n<p style=\"font-weight: 400;\">Det finns ett behov av Volont\u00e4rer som kan ge n\u00e5gra timmar f\u00f6r att m\u00f6ta v\u00e5ra v\u00e4nner i behov av gemenskap.<\/p>\n<p style=\"font-weight: 400;\">I nul\u00e4get s\u00e5 finns verksamheten till st\u00f6rsta delen i Mellansverige.<\/p>\t\t\t\t\t\t\t\t<\/div>\n\t\t\t\t<\/div>\n\t\t\t\t<div class=\"elementor-element elementor-element-0a130d9 elementor-widget elementor-widget-spacer\" data-id=\"0a130d9\" data-element_type=\"widget\" data-e-type=\"widget\" data-widget_type=\"spacer.default\">\n\t\t\t\t<div class=\"elementor-widget-container\">\n\t\t\t\t\t\t\t<div class=\"elementor-spacer\">\n\t\t\t<div class=\"elementor-spacer-inner\"><\/div>\n\t\t<\/div>\n\t\t\t\t\t\t<\/div>\n\t\t\t\t<\/div>\n\t\t\t\t\t<\/div>\n\t\t\t\t<\/div>\n\t\t<div class=\"elementor-element elementor-element-57f47b6 e-grid e-con-boxed e-con e-parent\" data-id=\"57f47b6\" data-element_type=\"container\" data-e-type=\"container\">\n\t\t\t\t\t<div class=\"e-con-inner\">\n\t\t\t\t<div class=\"elementor-element elementor-element-42374c8 elementor-widget elementor-widget-image\" data-id=\"42374c8\" data-element_type=\"widget\" data-e-type=\"widget\" data-widget_type=\"image.default\">\n\t\t\t\t<div class=\"elementor-widget-container\">\n\t\t\t\t\t\t\t\t\t\t\t\t\t\t\t<img fetchpriority=\"high\" decoding=\"async\" width=\"1024\" height=\"559\" src=\"https:\/\/lpkamrat.se\/wordpress\/wp-content\/uploads\/2026\/03\/mec-1024x559.png\" class=\"attachment-large size-large wp-image-18691\" alt=\"\" srcset=\"https:\/\/lpkamrat.se\/wordpress\/wp-content\/uploads\/2026\/03\/mec-1024x559.png 1024w, https:\/\/lpkamrat.se\/wordpress\/wp-content\/uploads\/2026\/03\/mec-300x164.png 300w, https:\/\/lpkamrat.se\/wordpress\/wp-content\/uploads\/2026\/03\/mec-768x419.png 768w, https:\/\/lpkamrat.se\/wordpress\/wp-content\/uploads\/2026\/03\/mec.png 1408w\" sizes=\"(max-width: 1024px) 100vw, 1024px\" \/>\t\t\t\t\t\t\t\t\t\t\t\t\t\t\t<\/div>\n\t\t\t\t<\/div>\n\t\t\t\t<div class=\"elementor-element elementor-element-6c52647 elementor-widget elementor-widget-image\" data-id=\"6c52647\" data-element_type=\"widget\" data-e-type=\"widget\" data-widget_type=\"image.default\">\n\t\t\t\t<div class=\"elementor-widget-container\">\n\t\t\t\t\t\t\t\t\t\t\t\t\t\t\t<img decoding=\"async\" width=\"1024\" height=\"559\" src=\"https:\/\/lpkamrat.se\/wordpress\/wp-content\/uploads\/2026\/03\/fika-med-1024x559.png\" class=\"attachment-large size-large wp-image-18689\" alt=\"\" srcset=\"https:\/\/lpkamrat.se\/wordpress\/wp-content\/uploads\/2026\/03\/fika-med-1024x559.png 1024w, https:\/\/lpkamrat.se\/wordpress\/wp-content\/uploads\/2026\/03\/fika-med-300x164.png 300w, https:\/\/lpkamrat.se\/wordpress\/wp-content\/uploads\/2026\/03\/fika-med-768x419.png 768w, https:\/\/lpkamrat.se\/wordpress\/wp-content\/uploads\/2026\/03\/fika-med.png 1408w\" sizes=\"(max-width: 1024px) 100vw, 1024px\" \/>\t\t\t\t\t\t\t\t\t\t\t\t\t\t\t<\/div>\n\t\t\t\t<\/div>\n\t\t\t\t\t<\/div>\n\t\t\t\t<\/div>\n\t\t\t\t<\/div>\n\t\t","protected":false},"excerpt":{"rendered":"<p>6:e mars 2026 LP Kamrat 20 \u00e5r I ett tidigare brev s\u00e5 ber\u00e4ttade jag om hur det sett ut fram till idag. Skulle i detta brev vilja ber\u00e4tta om hur dagsl\u00e4get \u00e4r. N\u00e4r vi gick in i det nya \u00e5ret s\u00e5 fanns det tv\u00e5 H\u00f6rnstenen, som vi kallar v\u00e5rt st\u00f6d och motivationsboende, Ett i M\u00e4rsta&hellip;<\/p>\n","protected":false},"author":5,"featured_media":0,"parent":0,"menu_order":0,"comment_status":"closed","ping_status":"closed","template":"","meta":{"footnotes":""},"class_list":["post-18687","page","type-page","status-publish","hentry"],"aioseo_notices":[],"_links":{"self":[{"href":"https:\/\/lpkamrat.se\/wordpress\/wp-json\/wp\/v2\/pages\/18687","targetHints":{"allow":["GET"]}}],"collection":[{"href":"https:\/\/lpkamrat.se\/wordpress\/wp-json\/wp\/v2\/pages"}],"about":[{"href":"https:\/\/lpkamrat.se\/wordpress\/wp-json\/wp\/v2\/types\/page"}],"author":[{"embeddable":true,"href":"https:\/\/lpkamrat.se\/wordpress\/wp-json\/wp\/v2\/users\/5"}],"replies":[{"embeddable":true,"href":"https:\/\/lpkamrat.se\/wordpress\/wp-json\/wp\/v2\/comments?post=18687"}],"version-history":[{"count":0,"href":"https:\/\/lpkamrat.se\/wordpress\/wp-json\/wp\/v2\/pages\/18687\/revisions"}],"wp:attachment":[{"href":"https:\/\/lpkamrat.se\/wordpress\/wp-json\/wp\/v2\/media?parent=18687"}],"curies":[{"name":"wp","href":"https:\/\/api.w.org\/{rel}","templated":true}]}}