{"id":18595,"date":"2026-02-23T12:14:33","date_gmt":"2026-02-23T11:14:33","guid":{"rendered":"https:\/\/lpkamrat.se\/wordpress\/?page_id=18595"},"modified":"2026-02-23T13:01:36","modified_gmt":"2026-02-23T12:01:36","slug":"februari-2026","status":"publish","type":"page","link":"https:\/\/lpkamrat.se\/wordpress\/februari-2026\/","title":{"rendered":"Februari 2026"},"content":{"rendered":"\t\t<div data-elementor-type=\"wp-page\" data-elementor-id=\"18595\" class=\"elementor elementor-18595\" data-elementor-post-type=\"page\">\n\t\t\t\t<div class=\"elementor-element elementor-element-b607486 e-flex e-con-boxed e-con e-parent\" data-id=\"b607486\" data-element_type=\"container\" data-e-type=\"container\">\n\t\t\t\t\t<div class=\"e-con-inner\">\n\t\t\t\t<div class=\"elementor-element elementor-element-b95cfc6 elementor-widget elementor-widget-heading\" data-id=\"b95cfc6\" data-element_type=\"widget\" data-e-type=\"widget\" data-widget_type=\"heading.default\">\n\t\t\t\t<div class=\"elementor-widget-container\">\n\t\t\t\t\t<h2 class=\"elementor-heading-title elementor-size-default\">Medlemsbrev februari 2026<\/h2>\t\t\t\t<\/div>\n\t\t\t\t<\/div>\n\t\t\t\t\t<\/div>\n\t\t\t\t<\/div>\n\t\t<div class=\"elementor-element elementor-element-9eebe80 e-flex e-con-boxed e-con e-parent\" data-id=\"9eebe80\" data-element_type=\"container\" data-e-type=\"container\">\n\t\t\t\t\t<div class=\"e-con-inner\">\n\t\t\t\t<div class=\"elementor-element elementor-element-4b1d403 elementor-widget elementor-widget-text-editor\" data-id=\"4b1d403\" data-element_type=\"widget\" data-e-type=\"widget\" data-widget_type=\"text-editor.default\">\n\t\t\t\t<div class=\"elementor-widget-container\">\n\t\t\t\t\t\t\t\t\t<p align=\"center\"><span style=\"font-size: large;\"><span style=\"color: #a14d07;\"><span style=\"font-family: Calibri, sans-serif;\"><b>\u00a0<\/b><\/span><\/span><\/span><\/p><p><span style=\"font-size: large;\"><span style=\"color: #000000;\"><span style=\"font-family: Helvetica, sans-serif;\"><i><b>B\u00e4sta LP Kamratv\u00e4nner,<\/b><\/i><\/span><\/span><\/span><\/p><p><span style=\"font-size: large;\"><span style=\"color: #000000;\"><span style=\"font-family: Helvetica, sans-serif;\">I \u00e5r firar LP Kamrat 20 \u00e5r. Vilket \u00e4r v\u00e4rt att fira.<\/span><\/span><\/span><\/p><p><span style=\"font-size: large;\"><span style=\"color: #000000;\"><span style=\"font-family: Helvetica, sans-serif;\">Under \u00e5ret s\u00e5 har vi n\u00e5gra saker p\u00e5 g\u00e5ng.<\/span><\/span><\/span><\/p><p><span style=\"font-size: large;\"><span style=\"color: #000000;\"><span style=\"font-family: Helvetica, sans-serif;\">Naturligtvis fester och att lyfta LP Kamrat i olika sammanhang, en tillbakablick p\u00e5 vad som h\u00e4nt genom \u00e5ren men ocks\u00e5 lansera nya initiativ.<\/span><\/span><\/span><\/p><p><span style=\"font-size: large;\"><span style=\"color: #000000;\"><span style=\"font-family: Helvetica, sans-serif;\">I en 20-\u00e5rig tillbaka blick finns det m\u00e5nga personer som st\u00e5tt i olika uppgifter, kanske n\u00e5gra har varit mer framtr\u00e4dande\/synliga \u00e4n andra men alla har p\u00e5 olika s\u00e4tt varit med och burit arbetet fram\u00e5t.<\/span><\/span><\/span><\/p><p><span style=\"font-size: large;\"><span style=\"color: #000000;\"><span style=\"font-family: Helvetica, sans-serif;\">Det finns ocks\u00e5 h\u00e4ndelser under dessa \u00e5r som haft stor betydelse, mestadels positiva men ocks\u00e5 det som har f\u00e5tt oss att omprioritera hur vi arbetar.<\/span><\/span><\/span><\/p><p><span style=\"font-size: large;\"><span style=\"color: #000000;\"><span style=\"font-family: Helvetica, sans-serif;\">Till detta och mycket annat vill vi \u00e5terkomma mera specifikt fram\u00f6ver, s\u00e5 h\u00e5ll \u00f6gon och \u00f6ron \u00f6ppna.<\/span><\/span><\/span><\/p><p><span style=\"color: #000000;\">\u00a0<\/span><\/p><p><span style=\"font-size: large;\"><span style=\"color: #000000;\"><span style=\"font-family: Helvetica, sans-serif;\">Hoppas vi ses n\u00e5gonstans under jubileums\u00e5ret \u00a0.<\/span><\/span><\/span><\/p><p><span style=\"font-size: large;\"><span style=\"color: #000000;\"><span style=\"font-family: Helvetica, sans-serif;\">Med \u00f6nskan om Guds v\u00e4lsignelse,<\/span><\/span><\/span><\/p><p><span style=\"font-size: large;\"><span style=\"color: #000000;\"><span style=\"font-family: Helvetica, sans-serif;\">Bosse Eriksson<\/span><\/span><\/span><\/p>\t\t\t\t\t\t\t\t<\/div>\n\t\t\t\t<\/div>\n\t\t\t\t<div class=\"elementor-element elementor-element-ac5ad81 elementor-widget elementor-widget-spacer\" data-id=\"ac5ad81\" data-element_type=\"widget\" data-e-type=\"widget\" data-widget_type=\"spacer.default\">\n\t\t\t\t<div class=\"elementor-widget-container\">\n\t\t\t\t\t\t\t<div class=\"elementor-spacer\">\n\t\t\t<div class=\"elementor-spacer-inner\"><\/div>\n\t\t<\/div>\n\t\t\t\t\t\t<\/div>\n\t\t\t\t<\/div>\n\t\t\t\t<div class=\"elementor-element elementor-element-161c3d1 elementor-widget elementor-widget-image\" data-id=\"161c3d1\" data-element_type=\"widget\" data-e-type=\"widget\" data-widget_type=\"image.default\">\n\t\t\t\t<div class=\"elementor-widget-container\">\n\t\t\t\t\t\t\t\t\t\t\t\t\t\t\t<img fetchpriority=\"high\" decoding=\"async\" width=\"552\" height=\"183\" src=\"https:\/\/lpkamrat.se\/wordpress\/wp-content\/uploads\/2026\/02\/lagerbilder.png\" class=\"attachment-large size-large wp-image-18604\" alt=\"\" srcset=\"https:\/\/lpkamrat.se\/wordpress\/wp-content\/uploads\/2026\/02\/lagerbilder.png 552w, https:\/\/lpkamrat.se\/wordpress\/wp-content\/uploads\/2026\/02\/lagerbilder-300x99.png 300w\" sizes=\"(max-width: 552px) 100vw, 552px\" \/>\t\t\t\t\t\t\t\t\t\t\t\t\t\t\t<\/div>\n\t\t\t\t<\/div>\n\t\t\t\t<div class=\"elementor-element elementor-element-8ba944b elementor-widget elementor-widget-text-editor\" data-id=\"8ba944b\" data-element_type=\"widget\" data-e-type=\"widget\" data-widget_type=\"text-editor.default\">\n\t\t\t\t<div class=\"elementor-widget-container\">\n\t\t\t\t\t\t\t\t\t<p align=\"center\"><span style=\"color: #000000;\"><span style=\"font-family: Comic Sans MS, serif;\"><span style=\"font-size: large;\"><b>SAVE THE DATE<\/b><\/span><\/span><\/span><\/p><p align=\"center\"><span style=\"color: #000000;\"><span style=\"font-family: Comic Sans MS, serif;\"><span style=\"font-size: large;\">Sommarens tr\u00e4ffar bokade, notera dessa datum i almanackan<\/span><\/span><\/span><\/p><p align=\"center\"><span style=\"color: #000000;\"><span style=\"font-family: Comic Sans MS, serif;\"><span style=\"font-size: large;\">Drakuddenl\u00e4gret 6 &#8211; 9 Juli<\/span><\/span><\/span><\/p><p align=\"center\"><span style=\"color: #000000;\"><span style=\"font-family: Comic Sans MS, serif;\"><span style=\"font-size: large;\">T\u00e4ltvecka Flatebyn 23 &#8211; 26 Juli<\/span><\/span><\/span><\/p><p align=\"center\"><span style=\"color: #000000;\"><span style=\"font-family: Comic Sans MS, serif;\"><span style=\"font-size: large;\">Gultebol\u00e4gret 17 &#8211; 20 Augusti<\/span><\/span><\/span><\/p>\t\t\t\t\t\t\t\t<\/div>\n\t\t\t\t<\/div>\n\t\t\t\t\t<\/div>\n\t\t\t\t<\/div>\n\t\t<div class=\"elementor-element elementor-element-6b9db43 e-flex e-con-boxed e-con e-parent\" data-id=\"6b9db43\" data-element_type=\"container\" data-e-type=\"container\">\n\t\t\t\t\t<div class=\"e-con-inner\">\n\t\t\t\t<div class=\"elementor-element elementor-element-a114d96 elementor-widget elementor-widget-spacer\" data-id=\"a114d96\" data-element_type=\"widget\" data-e-type=\"widget\" data-widget_type=\"spacer.default\">\n\t\t\t\t<div class=\"elementor-widget-container\">\n\t\t\t\t\t\t\t<div class=\"elementor-spacer\">\n\t\t\t<div class=\"elementor-spacer-inner\"><\/div>\n\t\t<\/div>\n\t\t\t\t\t\t<\/div>\n\t\t\t\t<\/div>\n\t\t\t\t\t<\/div>\n\t\t\t\t<\/div>\n\t\t<div class=\"elementor-element elementor-element-bc3b654 e-grid e-con-boxed e-con e-parent\" data-id=\"bc3b654\" data-element_type=\"container\" data-e-type=\"container\">\n\t\t\t\t\t<div class=\"e-con-inner\">\n\t\t\t\t\t<\/div>\n\t\t\t\t<\/div>\n\t\t<div class=\"elementor-element elementor-element-47f124e e-flex e-con-boxed e-con e-parent\" data-id=\"47f124e\" data-element_type=\"container\" data-e-type=\"container\">\n\t\t\t\t\t<div class=\"e-con-inner\">\n\t\t\t\t\t<\/div>\n\t\t\t\t<\/div>\n\t\t\t\t<\/div>\n\t\t","protected":false},"excerpt":{"rendered":"<p>Medlemsbrev februari 2026 \u00a0 B\u00e4sta LP Kamratv\u00e4nner, I \u00e5r firar LP Kamrat 20 \u00e5r. Vilket \u00e4r v\u00e4rt att fira. Under \u00e5ret s\u00e5 har vi n\u00e5gra saker p\u00e5 g\u00e5ng. Naturligtvis fester och att lyfta LP Kamrat i olika sammanhang, en tillbakablick p\u00e5 vad som h\u00e4nt genom \u00e5ren men ocks\u00e5 lansera nya initiativ. I en 20-\u00e5rig tillbaka&hellip;<\/p>\n","protected":false},"author":5,"featured_media":0,"parent":0,"menu_order":0,"comment_status":"closed","ping_status":"closed","template":"","meta":{"footnotes":""},"class_list":["post-18595","page","type-page","status-publish","hentry"],"aioseo_notices":[],"_links":{"self":[{"href":"https:\/\/lpkamrat.se\/wordpress\/wp-json\/wp\/v2\/pages\/18595","targetHints":{"allow":["GET"]}}],"collection":[{"href":"https:\/\/lpkamrat.se\/wordpress\/wp-json\/wp\/v2\/pages"}],"about":[{"href":"https:\/\/lpkamrat.se\/wordpress\/wp-json\/wp\/v2\/types\/page"}],"author":[{"embeddable":true,"href":"https:\/\/lpkamrat.se\/wordpress\/wp-json\/wp\/v2\/users\/5"}],"replies":[{"embeddable":true,"href":"https:\/\/lpkamrat.se\/wordpress\/wp-json\/wp\/v2\/comments?post=18595"}],"version-history":[{"count":0,"href":"https:\/\/lpkamrat.se\/wordpress\/wp-json\/wp\/v2\/pages\/18595\/revisions"}],"wp:attachment":[{"href":"https:\/\/lpkamrat.se\/wordpress\/wp-json\/wp\/v2\/media?parent=18595"}],"curies":[{"name":"wp","href":"https:\/\/api.w.org\/{rel}","templated":true}]}}