{"id":17489,"date":"2025-12-15T19:43:18","date_gmt":"2025-12-15T18:43:18","guid":{"rendered":"https:\/\/lpkamrat.se\/wordpress\/?page_id=17489"},"modified":"2026-04-29T00:21:31","modified_gmt":"2026-04-28T22:21:31","slug":"arkiv-medlemsbrev","status":"publish","type":"page","link":"https:\/\/lpkamrat.se\/wordpress\/arkiv-medlemsbrev\/","title":{"rendered":"Arkiv medlemsbrev"},"content":{"rendered":"\t\t<div data-elementor-type=\"wp-page\" data-elementor-id=\"17489\" class=\"elementor elementor-17489\" data-elementor-post-type=\"page\">\n\t\t\t\t<div class=\"elementor-element elementor-element-b247cf0 e-flex e-con-boxed e-con e-parent\" data-id=\"b247cf0\" data-element_type=\"container\" data-e-type=\"container\">\n\t\t\t\t\t<div class=\"e-con-inner\">\n\t\t\t\t<div class=\"elementor-element elementor-element-aa3290c elementor-widget elementor-widget-heading\" data-id=\"aa3290c\" data-element_type=\"widget\" data-e-type=\"widget\" id=\"arkiv-medlemsbrev\" data-widget_type=\"heading.default\">\n\t\t\t\t<div class=\"elementor-widget-container\">\n\t\t\t\t\t<h2 class=\"elementor-heading-title elementor-size-default\">Tidigare Medlemsbrev<\/h2>\t\t\t\t<\/div>\n\t\t\t\t<\/div>\n\t\t\t\t\t<\/div>\n\t\t\t\t<\/div>\n\t\t<div class=\"elementor-element elementor-element-9a65022 ops-section e-flex e-con-boxed e-con e-parent\" data-id=\"9a65022\" data-element_type=\"container\" data-e-type=\"container\" data-settings=\"{&quot;background_background&quot;:&quot;classic&quot;,&quot;background_motion_fx_motion_fx_scrolling&quot;:&quot;yes&quot;,&quot;background_motion_fx_translateY_effect&quot;:&quot;yes&quot;,&quot;background_motion_fx_translateY_direction&quot;:&quot;negative&quot;,&quot;background_motion_fx_translateY_speed&quot;:{&quot;unit&quot;:&quot;px&quot;,&quot;size&quot;:4.70000000000000017763568394002504646778106689453125,&quot;sizes&quot;:[]},&quot;ekit_has_onepagescroll&quot;:&quot;section&quot;,&quot;sticky&quot;:&quot;top&quot;,&quot;background_motion_fx_translateY_affectedRange&quot;:{&quot;unit&quot;:&quot;%&quot;,&quot;size&quot;:&quot;&quot;,&quot;sizes&quot;:{&quot;start&quot;:0,&quot;end&quot;:100}},&quot;background_motion_fx_devices&quot;:[&quot;desktop&quot;,&quot;tablet&quot;,&quot;mobile&quot;],&quot;sticky_on&quot;:[&quot;desktop&quot;,&quot;tablet&quot;,&quot;mobile&quot;],&quot;sticky_offset&quot;:0,&quot;sticky_effects_offset&quot;:0,&quot;sticky_anchor_link_offset&quot;:0}\">\n\t\t\t\t\t<div class=\"e-con-inner\">\n\t\t\t\t<div class=\"elementor-element elementor-element-f577197 elementor-widget elementor-widget-spacer\" data-id=\"f577197\" data-element_type=\"widget\" data-e-type=\"widget\" data-widget_type=\"spacer.default\">\n\t\t\t\t<div class=\"elementor-widget-container\">\n\t\t\t\t\t\t\t<div class=\"elementor-spacer\">\n\t\t\t<div class=\"elementor-spacer-inner\"><\/div>\n\t\t<\/div>\n\t\t\t\t\t\t<\/div>\n\t\t\t\t<\/div>\n\t\t\t\t<div class=\"elementor-element elementor-element-cce3ed4 elementor-widget__width-initial content-align-mobile-left elementor-widget-mobile__width-initial elementor-widget-tablet__width-initial content-align-left icon-box-vertical-align-top icon-position-left icon-vertical-align-start elementor-widget elementor-widget-the7_icon_box_grid_widget\" data-id=\"cce3ed4\" data-element_type=\"widget\" data-e-type=\"widget\" data-widget_type=\"the7_icon_box_grid_widget.default\">\n\t\t\t\t<div class=\"elementor-widget-container\">\n\t\t\t\t\t<div class=\"the7-box-grid-wrapper the7-elementor-widget loading-effect-none the7_icon_box_grid_widget-cce3ed4 widget-divider-on\">\t\t\t<div class=\"dt-css-grid\">\n\t\t\t\t\t\t\t\t\t<div class=\"wf-cell shown\">\n\t\t\t\t\t\t<a class=\"the7-icon-box-grid box-hover\" href=\"https:\/\/lpkamrat.se\/wordpress\/medlemsbrev-28-april\/\" aria-label=\"28:e april 2026\">\t\t\t\t\t\t\t<div class=\"box-content-wrapper\">\n\t\t\t\t\t\t\t\t\t\t\t\t\t\t\t\t<div class=\"box-content\">\n\t\t\t\t\t\t\t\t\t\t\t\t\t\t\t\t\t\t\t\t\t\t\t\t\t\t\t\t\t<h4 class=\"box-heading\">\n\t\t\t\t\t\t\t\t\t\t\t\t\t\t\t\t\t\t\t\t\t\t\t28:e april 2026\t\t\t\t\t\t\t\t\t\t\t\t\t\t\t\t\t\t\t\t\t<\/h4>\n\t\t\t\t\t\t\t\t\t\t\t\t\t\t\t\t\t\t\t\t\t\t\t\t\t\t\t\t<div class=\"box-description\">B\u00e4sta LP Kamratv\u00e4nner,\n\nJag ville skriva n\u00e5gra rader som omvald ordf\u00f6rande f\u00f6r LP Kamrat. S\u00e5 tacksam f\u00f6r f\u00f6rtroendet.\n\n<\/div>\n\t\t\t\t\t\t\t\t\t\t\t\t\t\t\t\t\t\t<div class=\"box-button elementor-button elementor-size-xs\">L\u00c4S MERA<\/div>\t\t\t\t\t\t\t\t<\/div>\n\t\t\t\t\t\t\t<\/div>\n\t\t\t\t\t\t<\/a>\t\t\t\t\t<\/div>\n\t\t\t\t\t\t\t\t\t<div class=\"wf-cell shown\">\n\t\t\t\t\t\t<a class=\"the7-icon-box-grid box-hover\" href=\"https:\/\/lpkamrat.se\/wordpress\/medlemsbrev-mars\/\" aria-label=\"6:e mars 2026\">\t\t\t\t\t\t\t<div class=\"box-content-wrapper\">\n\t\t\t\t\t\t\t\t\t\t\t\t\t\t\t\t<div class=\"box-content\">\n\t\t\t\t\t\t\t\t\t\t\t\t\t\t\t\t\t\t\t\t\t\t\t\t\t\t\t\t\t<h4 class=\"box-heading\">\n\t\t\t\t\t\t\t\t\t\t\t\t\t\t\t\t\t\t\t\t\t\t\t6:e mars 2026\t\t\t\t\t\t\t\t\t\t\t\t\t\t\t\t\t\t\t\t\t<\/h4>\n\t\t\t\t\t\t\t\t\t\t\t\t\t\t\t\t\t\t\t\t\t\t\t\t\t\t\t\t<div class=\"box-description\">LP Kamrat 20 \u00e5r\n\nI ett tidigare brev s\u00e5 ber\u00e4ttade jag om hur det sett ut fram till idag.\n\nSkulle i detta brev vilja ber\u00e4tta om hur dagsl\u00e4get \u00e4r.\n\nN\u00e4r vi gick in i det nya \u00e5ret s\u00e5 fanns det tv\u00e5 H\u00f6rnstenen, som vi kalla\n\n<\/div>\n\t\t\t\t\t\t\t\t\t\t\t\t\t\t\t\t\t\t<div class=\"box-button elementor-button elementor-size-xs\">L\u00e4s Mera<\/div>\t\t\t\t\t\t\t\t<\/div>\n\t\t\t\t\t\t\t<\/div>\n\t\t\t\t\t\t<\/a>\t\t\t\t\t<\/div>\n\t\t\t\t\t\t\t\t\t<div class=\"wf-cell shown\">\n\t\t\t\t\t\t<a class=\"the7-icon-box-grid box-hover\" href=\"https:\/\/lpkamrat.se\/wordpress\/februari-2026\/\" aria-label=\"Februari 2026\">\t\t\t\t\t\t\t<div class=\"box-content-wrapper\">\n\t\t\t\t\t\t\t\t\t\t\t\t\t\t\t\t<div class=\"box-content\">\n\t\t\t\t\t\t\t\t\t\t\t\t\t\t\t\t\t\t\t\t\t\t\t\t\t\t\t\t\t<h4 class=\"box-heading\">\n\t\t\t\t\t\t\t\t\t\t\t\t\t\t\t\t\t\t\t\t\t\t\tFebruari 2026\t\t\t\t\t\t\t\t\t\t\t\t\t\t\t\t\t\t\t\t\t<\/h4>\n\t\t\t\t\t\t\t\t\t\t\t\t\t\t\t\t\t\t\t\t\t\t\t\t\t\t\t\t<div class=\"box-description\">I \u00e5r firar LP Kamrat 20 \u00e5r . Vilket \u00e4r v\u00e4rt att fira.\nUnder \u00e5ret s\u00e5 har vi n\u00e5gra saker p\u00e5 g\u00e5ng.\nNaturligtvis fester och att lyfta LP Kamrat i olika sammanhang, en tillbakablick p\u00e5 vad som h\u00e4nt genom \u00e5ren men ocks\u00e5 lansera nya initiativ.<\/div>\n\t\t\t\t\t\t\t\t\t\t\t\t\t\t\t\t\t\t<div class=\"box-button elementor-button elementor-size-xs\">L\u00c4S MERA<\/div>\t\t\t\t\t\t\t\t<\/div>\n\t\t\t\t\t\t\t<\/div>\n\t\t\t\t\t\t<\/a>\t\t\t\t\t<\/div>\n\t\t\t\t\t\t\t\t\t<div class=\"wf-cell shown\">\n\t\t\t\t\t\t<a class=\"the7-icon-box-grid box-hover\" href=\"https:\/\/lpkamrat.se\/julhalsning-2025\/\" aria-label=\"Julh\u00e4lsning dec 2025\">\t\t\t\t\t\t\t<div class=\"box-content-wrapper\">\n\t\t\t\t\t\t\t\t\t\t\t\t\t\t\t\t<div class=\"box-content\">\n\t\t\t\t\t\t\t\t\t\t\t\t\t\t\t\t\t\t\t\t\t\t\t\t\t\t\t\t\t<h4 class=\"box-heading\">\n\t\t\t\t\t\t\t\t\t\t\t\t\t\t\t\t\t\t\t\t\t\t\tJulh\u00e4lsning dec 2025\t\t\t\t\t\t\t\t\t\t\t\t\t\t\t\t\t\t\t\t\t<\/h4>\n\t\t\t\t\t\t\t\t\t\t\t\t\t\t\t\t\t\t\t\t\t\t\t\t\t\t\t\t<div class=\"box-description\">Vi g\u00e5r mot slutet av ett \u00e5r d\u00e4r vi p\u00e5 m\u00e5nga s\u00e4tt f\u00e5tt se hur Gud v\u00e4lsignat LP Kamrat. Fler medlemmar, fler som kommit till v\u00e5ra sommarl\u00e4ger, fler verksamheter som har anslutit till LP Kamrat och nya verksamheter som \u00f6ppnat. Samtidigt m\u00f6ter \nvi hela tiden allt fler som av olika sk\u00e4l hamnat i ensamhet och utanf\u00f6rskap. <\/div>\n\t\t\t\t\t\t\t\t\t\t\t\t\t\t\t\t\t\t<div class=\"box-button elementor-button elementor-size-xs\">L\u00e4s Mera<\/div>\t\t\t\t\t\t\t\t<\/div>\n\t\t\t\t\t\t\t<\/div>\n\t\t\t\t\t\t<\/a>\t\t\t\t\t<\/div>\n\t\t\t\t\t\t\t\t\t<div class=\"wf-cell shown\">\n\t\t\t\t\t\t<a class=\"the7-icon-box-grid box-hover\" href=\"https:\/\/lpkamrat.se\/wordpress\/medlemsbrev-okt-25\/\" aria-label=\"Oktober 2025\">\t\t\t\t\t\t\t<div class=\"box-content-wrapper\">\n\t\t\t\t\t\t\t\t\t\t\t\t\t\t\t\t<div class=\"box-content\">\n\t\t\t\t\t\t\t\t\t\t\t\t\t\t\t\t\t\t\t\t\t\t\t\t\t\t\t\t\t<h4 class=\"box-heading\">\n\t\t\t\t\t\t\t\t\t\t\t\t\t\t\t\t\t\t\t\t\t\t\tOktober 2025\t\t\t\t\t\t\t\t\t\t\t\t\t\t\t\t\t\t\t\t\t<\/h4>\n\t\t\t\t\t\t\t\t\t\t\t\t\t\t\t\t\t\t\t\t\t\t\t\t\t\t\t\t<div class=\"box-description\">B\u00e4sta LP Kamratv\u00e4nner,<br>\n\nHoppas att ni har haft en fin sommar och f\u00e5tt m\u00f6jlighet att njuta av b\u00e5de\nvila och \u00e5terh\u00e4mtning. Nu st\u00e5r vi mitt i h\u00f6sten, fylld med nya\nm\u00f6jligheter, aktiviteter och sp\u00e4nnande utmaningar. Tillsammans\nforts\u00e4tter vi att utveckla LP Kamrat och st\u00e4rka...<\/div>\n\t\t\t\t\t\t\t\t\t\t\t\t\t\t\t\t\t\t<div class=\"box-button elementor-button elementor-size-xs\">L\u00c4S MERA<\/div>\t\t\t\t\t\t\t\t<\/div>\n\t\t\t\t\t\t\t<\/div>\n\t\t\t\t\t\t<\/a>\t\t\t\t\t<\/div>\n\t\t\t\t\t\t\t\t\t<div class=\"wf-cell shown\">\n\t\t\t\t\t\t<a class=\"the7-icon-box-grid box-hover\" href=\"https:\/\/lpkamrat.se\/wordpress\/medlemsbrev-juli-2025\" aria-label=\"Juni 2025\">\t\t\t\t\t\t\t<div class=\"box-content-wrapper\">\n\t\t\t\t\t\t\t\t\t\t\t\t\t\t\t\t<div class=\"box-content\">\n\t\t\t\t\t\t\t\t\t\t\t\t\t\t\t\t\t\t\t\t\t\t\t\t\t\t\t\t\t<h4 class=\"box-heading\">\n\t\t\t\t\t\t\t\t\t\t\t\t\t\t\t\t\t\t\t\t\t\t\tJuni 2025\t\t\t\t\t\t\t\t\t\t\t\t\t\t\t\t\t\t\t\t\t<\/h4>\n\t\t\t\t\t\t\t\t\t\t\t\t\t\t\t\t\t\t\t\t\t\t\t\t\t\t\t\t<div class=\"box-description\">Medlemsbrev <br> \n\nEfter en kall och bl\u00f6t f\u00f6rsommar hoppas vi p\u00e5 b\u00e4ttre tider n\u00e4r nu sommaren b\u00f6rjar p\u00e5 riktigt. Vi har \nmycket att se fram emot, sommarl\u00e4ger p\u00e5 Drakudden 9-12 juli och i Gultebo 4-7 augusti. I \u00e5r \u00e4ven \nt\u00e4ltvecka i Flatebyn den 23-27 juli. <\/div>\n\t\t\t\t\t\t\t\t\t\t\t\t\t\t\t\t\t\t<div class=\"box-button elementor-button elementor-size-xs\">L\u00e4s mera<\/div>\t\t\t\t\t\t\t\t<\/div>\n\t\t\t\t\t\t\t<\/div>\n\t\t\t\t\t\t<\/a>\t\t\t\t\t<\/div>\n\t\t\t\t\t\t\t\t\t<div class=\"wf-cell shown\">\n\t\t\t\t\t\t<a class=\"the7-icon-box-grid box-hover\" href=\"https:\/\/lpkamrat.se\/wordpress\/nyhetsbrev-mars-2025\/\" aria-label=\"Mars 2025\">\t\t\t\t\t\t\t<div class=\"box-content-wrapper\">\n\t\t\t\t\t\t\t\t\t\t\t\t\t\t\t\t<div class=\"box-content\">\n\t\t\t\t\t\t\t\t\t\t\t\t\t\t\t\t\t\t\t\t\t\t\t\t\t\t\t\t\t<h4 class=\"box-heading\">\n\t\t\t\t\t\t\t\t\t\t\t\t\t\t\t\t\t\t\t\t\t\t\tMars 2025\t\t\t\t\t\t\t\t\t\t\t\t\t\t\t\t\t\t\t\t\t<\/h4>\n\t\t\t\t\t\t\t\t\t\t\t\t\t\t\t\t\t\t\t\t\t\t\t\t\t\t\t\t<div class=\"box-description\">Medlemsbrev <br> \n\nNytt \u00e5r med mycket som h\u00e4nder i v\u00e5r omv\u00e4rld. Oro, ekonomiska sv\u00e5righeter, ensamhet och isolering breder ut sig. F\u00f6r LP Kamrat \u00e4r det angel\u00e4get att forts\u00e4tta det uppdrag vi har, att vara till st\u00f6d och hj\u00e4lp f\u00f6r varandra. Men det \u00e4r inte bara sv\u00e5righeter vi m\u00f6ter..<\/div>\n\t\t\t\t\t\t\t\t\t\t\t\t\t\t\t\t\t\t<div class=\"box-button elementor-button elementor-size-xs\">L\u00e4s mera<\/div>\t\t\t\t\t\t\t\t<\/div>\n\t\t\t\t\t\t\t<\/div>\n\t\t\t\t\t\t<\/a>\t\t\t\t\t<\/div>\n\t\t\t\t\t\t\t\t\t<div class=\"wf-cell shown\">\n\t\t\t\t\t\t<a class=\"the7-icon-box-grid box-hover\" href=\"https:\/\/lpkamrat.se\/wordpress\/julhalsning-2024\" target=\"_blank\" aria-label=\"December 2024\">\t\t\t\t\t\t\t<div class=\"box-content-wrapper\">\n\t\t\t\t\t\t\t\t\t\t\t\t\t\t\t\t<div class=\"box-content\">\n\t\t\t\t\t\t\t\t\t\t\t\t\t\t\t\t\t\t\t\t\t\t\t\t\t\t\t\t\t<h4 class=\"box-heading\">\n\t\t\t\t\t\t\t\t\t\t\t\t\t\t\t\t\t\t\t\t\t\t\tDecember 2024\t\t\t\t\t\t\t\t\t\t\t\t\t\t\t\t\t\t\t\t\t<\/h4>\n\t\t\t\t\t\t\t\t\t\t\t\t\t\t\t\t\t\t\t\t\t\t\t\t\t\t\t\t<div class=\"box-description\">K\u00e4ra LP Kamrat v\u00e4nner.\nVi vill s\u00e5 h\u00e4r i slutet utav 2024 skicka en h\u00e4lsning.och en \u00f6nskan om ett God Jul och ett riktigt Gott Nytt \u00e5r.<\/div>\n\t\t\t\t\t\t\t\t\t\t\t\t\t\t\t\t\t\t<div class=\"box-button elementor-button elementor-size-xs\">L\u00e4s Mera<\/div>\t\t\t\t\t\t\t\t<\/div>\n\t\t\t\t\t\t\t<\/div>\n\t\t\t\t\t\t<\/a>\t\t\t\t\t<\/div>\n\t\t\t\t\t\t\t\t\t<div class=\"wf-cell shown\">\n\t\t\t\t\t\t<a class=\"the7-icon-box-grid box-hover\" href=\"https:\/\/lpkamrat.se\/wordpress\/oktober-2024\/\" aria-label=\"Oktober 2024\">\t\t\t\t\t\t\t<div class=\"box-content-wrapper\">\n\t\t\t\t\t\t\t\t\t\t\t\t\t\t\t\t<div class=\"box-content\">\n\t\t\t\t\t\t\t\t\t\t\t\t\t\t\t\t\t\t\t\t\t\t\t\t\t\t\t\t\t<h4 class=\"box-heading\">\n\t\t\t\t\t\t\t\t\t\t\t\t\t\t\t\t\t\t\t\t\t\t\tOktober 2024\t\t\t\t\t\t\t\t\t\t\t\t\t\t\t\t\t\t\t\t\t<\/h4>\n\t\t\t\t\t\t\t\t\t\t\t\t\t\t\t\t\t\t\t\t\t\t\t\t\t\t\t\t<div class=\"box-description\">K\u00e4ra LP Kamratv\u00e4nner,\nHoppas att ni har haft en fin sommar och f\u00e5tt m\u00f6jlighet att njuta av b\u00e5de vila och \u00e5terh\u00e4mtning! Vi \u00e4r\ns\u00e5 tacksamma f\u00f6r alla rapporter fr\u00e5n sommarl\u00e4ger och andra aktiviteter...\n<\/div>\n\t\t\t\t\t\t\t\t\t\t\t\t\t\t\t\t\t\t<div class=\"box-button elementor-button elementor-size-xs\">L\u00e4s Mera<\/div>\t\t\t\t\t\t\t\t<\/div>\n\t\t\t\t\t\t\t<\/div>\n\t\t\t\t\t\t<\/a>\t\t\t\t\t<\/div>\n\t\t\t\t\t\t\t\t\t<div class=\"wf-cell shown\">\n\t\t\t\t\t\t<a class=\"the7-icon-box-grid box-hover\" href=\"https:\/\/lpkamrat.se\/wordpress\/nyhetsbrev-juli-2024\/\" aria-label=\"Juli 2024\">\t\t\t\t\t\t\t<div class=\"box-content-wrapper\">\n\t\t\t\t\t\t\t\t\t\t\t\t\t\t\t\t<div class=\"box-content\">\n\t\t\t\t\t\t\t\t\t\t\t\t\t\t\t\t\t\t\t\t\t\t\t\t\t\t\t\t\t<h4 class=\"box-heading\">\n\t\t\t\t\t\t\t\t\t\t\t\t\t\t\t\t\t\t\t\t\t\t\tJuli 2024\t\t\t\t\t\t\t\t\t\t\t\t\t\t\t\t\t\t\t\t\t<\/h4>\n\t\t\t\t\t\t\t\t\t\t\t\t\t\t\t\t\t\t\t\t\t\t\t\t\t\t\t\t<div class=\"box-description\">S\u00e5 h\u00e4r mitt i sommaren kommer en h\u00e4lsning till alla medlemmar i LP Kamrat. Vi \u00e4r mitt i en h\u00e4rlig tid\nav semester, familj och gemenskap men ocks\u00e5 en tid d\u00e5 m\u00e5nga k\u00e4nner av ensamhet och utanf\u00f6rskap.\nM\u00e5nga organisationer och verksamheter har sommarst\u00e4ngt men hos....<\/div>\n\t\t\t\t\t\t\t\t\t\t\t\t\t\t\t\t\t\t<div class=\"box-button elementor-button elementor-size-xs\">L\u00e4s Mera<\/div>\t\t\t\t\t\t\t\t<\/div>\n\t\t\t\t\t\t\t<\/div>\n\t\t\t\t\t\t<\/a>\t\t\t\t\t<\/div>\n\t\t\t\t\t\t\t\t\t<div class=\"wf-cell shown\">\n\t\t\t\t\t\t<a class=\"the7-icon-box-grid box-hover\" href=\"https:\/\/lpkamrat.se\/wordpress\/maj-2024\/\" aria-label=\"Maj 2024\">\t\t\t\t\t\t\t<div class=\"box-content-wrapper\">\n\t\t\t\t\t\t\t\t\t\t\t\t\t\t\t\t<div class=\"box-content\">\n\t\t\t\t\t\t\t\t\t\t\t\t\t\t\t\t\t\t\t\t\t\t\t\t\t\t\t\t\t<h4 class=\"box-heading\">\n\t\t\t\t\t\t\t\t\t\t\t\t\t\t\t\t\t\t\t\t\t\t\tMaj 2024\t\t\t\t\t\t\t\t\t\t\t\t\t\t\t\t\t\t\t\t\t<\/h4>\n\t\t\t\t\t\t\t\t\t\t\t\t\t\t\t\t\t\t\t\t\t\t\t\t\t\t\t\t<div class=\"box-description\">\nS\u00e5 h\u00e4r i slutet av maj m\u00e5nad \u00e4r det ju som allra finast.\nEn tung vinter \u00e4r slut och vi g\u00e5r mot sommar med ledighet och semesteraktiviteter.\nSamtidigt vet vi att sommaren inte bara \u00e4r gl\u00e4dje.<\/div>\n\t\t\t\t\t\t\t\t\t\t\t\t\t\t\t\t\t\t<div class=\"box-button elementor-button elementor-size-xs\">L\u00e4s Mera<\/div>\t\t\t\t\t\t\t\t<\/div>\n\t\t\t\t\t\t\t<\/div>\n\t\t\t\t\t\t<\/a>\t\t\t\t\t<\/div>\n\t\t\t\t\t\t\t\t\t<div class=\"wf-cell shown\">\n\t\t\t\t\t\t<a class=\"the7-icon-box-grid box-hover\" href=\"https:\/\/lpkamrat.se\/wordpress\/maj-2024-2\/\" aria-label=\"Mars 2024\">\t\t\t\t\t\t\t<div class=\"box-content-wrapper\">\n\t\t\t\t\t\t\t\t\t\t\t\t\t\t\t\t<div class=\"box-content\">\n\t\t\t\t\t\t\t\t\t\t\t\t\t\t\t\t\t\t\t\t\t\t\t\t\t\t\t\t\t<h4 class=\"box-heading\">\n\t\t\t\t\t\t\t\t\t\t\t\t\t\t\t\t\t\t\t\t\t\t\tMars 2024\t\t\t\t\t\t\t\t\t\t\t\t\t\t\t\t\t\t\t\t\t<\/h4>\n\t\t\t\t\t\t\t\t\t\t\t\t\t\t\t\t\t\t\t\t\t\t\t\t\t\t\t\t<div class=\"box-description\">Lokala LP Kamratgrupper har p\u00e5 flera platser haft regelbunden verksamhet, bl.a \u00d6rebro\/Kumla, Finsp\u00e5ng, V\u00e4ster\u00e5s och M\u00e4rsta\/Valsta.\nBoendet H\u00f6rnstenen har fungerat bra under \u00e5ret med en j\u00e4mn och stabil bel\u00e4ggning..<\/div>\n\t\t\t\t\t\t\t\t\t\t\t\t\t\t\t\t\t\t<div class=\"box-button elementor-button elementor-size-xs\">L\u00e4s Mera<\/div>\t\t\t\t\t\t\t\t<\/div>\n\t\t\t\t\t\t\t<\/div>\n\t\t\t\t\t\t<\/a>\t\t\t\t\t<\/div>\n\t\t\t\t\t\t\t\t\t<div class=\"wf-cell shown\">\n\t\t\t\t\t\t<a class=\"the7-icon-box-grid box-hover\" href=\"https:\/\/lpkamrat.se\/wordpress\/december-2023\" aria-label=\"December 2023\">\t\t\t\t\t\t\t<div class=\"box-content-wrapper\">\n\t\t\t\t\t\t\t\t\t\t\t\t\t\t\t\t<div class=\"box-content\">\n\t\t\t\t\t\t\t\t\t\t\t\t\t\t\t\t\t\t\t\t\t\t\t\t\t\t\t\t\t<h4 class=\"box-heading\">\n\t\t\t\t\t\t\t\t\t\t\t\t\t\t\t\t\t\t\t\t\t\t\tDecember 2023\t\t\t\t\t\t\t\t\t\t\t\t\t\t\t\t\t\t\t\t\t<\/h4>\n\t\t\t\t\t\t\t\t\t\t\t\t\t\t\t\t\t\t\t\t\t\t\t\t\t\t\t\t<div class=\"box-description\">Ett nytt begrepp har b\u00f6rjat tas i bruk \"LP Kamratkontakt\". Det \u00e4r platser d\u00e4r d\u00e4r LP Kamrat har n\u00e5gon form av representation eller kontaktperson.\nDetta \u00e4r under utveckling och finns idag p\u00e5 n\u00e5gra platser. <\/div>\n\t\t\t\t\t\t\t\t\t\t\t\t\t\t\t\t\t\t<div class=\"box-button elementor-button elementor-size-xs\">L\u00e4s Mera<\/div>\t\t\t\t\t\t\t\t<\/div>\n\t\t\t\t\t\t\t<\/div>\n\t\t\t\t\t\t<\/a>\t\t\t\t\t<\/div>\n\t\t\t\t\t\t\t<\/div>\n\t\t<\/div>\t\t\t\t<\/div>\n\t\t\t\t<\/div>\n\t\t\t\t\t<\/div>\n\t\t\t\t<\/div>\n\t\t\t\t<\/div>\n\t\t","protected":false},"excerpt":{"rendered":"<p>Tidigare Medlemsbrev 28:e april 2026 B\u00e4sta LP Kamratv\u00e4nner, Jag ville skriva n\u00e5gra rader som omvald ordf\u00f6rande f\u00f6r LP Kamrat. S\u00e5 tacksam f\u00f6r f\u00f6rtroendet. L\u00c4S MERA 6:e mars 2026 LP Kamrat 20 \u00e5r I ett tidigare brev s\u00e5 ber\u00e4ttade jag om hur det sett ut fram till idag. Skulle i detta brev vilja ber\u00e4tta om hur&hellip;<\/p>\n","protected":false},"author":5,"featured_media":0,"parent":0,"menu_order":0,"comment_status":"closed","ping_status":"closed","template":"elementor_theme","meta":{"footnotes":""},"class_list":["post-17489","page","type-page","status-publish","hentry"],"aioseo_notices":[],"_links":{"self":[{"href":"https:\/\/lpkamrat.se\/wordpress\/wp-json\/wp\/v2\/pages\/17489","targetHints":{"allow":["GET"]}}],"collection":[{"href":"https:\/\/lpkamrat.se\/wordpress\/wp-json\/wp\/v2\/pages"}],"about":[{"href":"https:\/\/lpkamrat.se\/wordpress\/wp-json\/wp\/v2\/types\/page"}],"author":[{"embeddable":true,"href":"https:\/\/lpkamrat.se\/wordpress\/wp-json\/wp\/v2\/users\/5"}],"replies":[{"embeddable":true,"href":"https:\/\/lpkamrat.se\/wordpress\/wp-json\/wp\/v2\/comments?post=17489"}],"version-history":[{"count":12,"href":"https:\/\/lpkamrat.se\/wordpress\/wp-json\/wp\/v2\/pages\/17489\/revisions"}],"predecessor-version":[{"id":19398,"href":"https:\/\/lpkamrat.se\/wordpress\/wp-json\/wp\/v2\/pages\/17489\/revisions\/19398"}],"wp:attachment":[{"href":"https:\/\/lpkamrat.se\/wordpress\/wp-json\/wp\/v2\/media?parent=17489"}],"curies":[{"name":"wp","href":"https:\/\/api.w.org\/{rel}","templated":true}]}}