{"id":17223,"date":"2025-12-12T17:50:18","date_gmt":"2025-12-12T16:50:18","guid":{"rendered":"https:\/\/lpkamrat.se\/wordpress\/?page_id=17223"},"modified":"2025-12-18T18:33:37","modified_gmt":"2025-12-18T17:33:37","slug":"julhalsning-2025","status":"publish","type":"page","link":"https:\/\/lpkamrat.se\/wordpress\/julhalsning-2025\/","title":{"rendered":"Julh\u00e4lsning 2025"},"content":{"rendered":"\t\t<div data-elementor-type=\"wp-page\" data-elementor-id=\"17223\" class=\"elementor elementor-17223\" data-elementor-post-type=\"page\">\n\t\t\t\t<div class=\"elementor-element elementor-element-353f0a3 e-flex e-con-boxed e-con e-parent\" data-id=\"353f0a3\" data-element_type=\"container\" data-e-type=\"container\">\n\t\t\t\t\t<div class=\"e-con-inner\">\n\t\t\t\t<div class=\"elementor-element elementor-element-aef0986 elementor-widget elementor-widget-heading\" data-id=\"aef0986\" data-element_type=\"widget\" data-e-type=\"widget\" data-widget_type=\"heading.default\">\n\t\t\t\t<div class=\"elementor-widget-container\">\n\t\t\t\t\t<h2 class=\"elementor-heading-title elementor-size-default\">Julh\u00e4lsning 2025<\/h2>\t\t\t\t<\/div>\n\t\t\t\t<\/div>\n\t\t\t\t<div class=\"elementor-element elementor-element-93c4fd9 elementor-widget elementor-widget-spacer\" data-id=\"93c4fd9\" data-element_type=\"widget\" data-e-type=\"widget\" data-widget_type=\"spacer.default\">\n\t\t\t\t<div class=\"elementor-widget-container\">\n\t\t\t\t\t\t\t<div class=\"elementor-spacer\">\n\t\t\t<div class=\"elementor-spacer-inner\"><\/div>\n\t\t<\/div>\n\t\t\t\t\t\t<\/div>\n\t\t\t\t<\/div>\n\t\t<div class=\"elementor-element elementor-element-e9aa00d e-grid e-con-full e-con e-child\" data-id=\"e9aa00d\" data-element_type=\"container\" data-e-type=\"container\">\n\t\t\t\t<div class=\"elementor-element elementor-element-a8e0266 elementor-widget-mobile__width-initial elementor-widget elementor-widget-text-editor\" data-id=\"a8e0266\" data-element_type=\"widget\" data-e-type=\"widget\" data-widget_type=\"text-editor.default\">\n\t\t\t\t<div class=\"elementor-widget-container\">\n\t\t\t\t\t\t\t\t\t<p><em>K\u00e4ra v\u00e4nner i Kamratf\u00f6reningen<\/em><\/p>\t\t\t\t\t\t\t\t<\/div>\n\t\t\t\t<\/div>\n\t\t\t\t<div class=\"elementor-element elementor-element-eae3c73 elementor-widget-tablet__width-inherit elementor-widget elementor-widget-image\" data-id=\"eae3c73\" data-element_type=\"widget\" data-e-type=\"widget\" data-widget_type=\"image.default\">\n\t\t\t\t<div class=\"elementor-widget-container\">\n\t\t\t\t\t\t\t\t\t\t\t\t\t\t\t<img fetchpriority=\"high\" decoding=\"async\" width=\"300\" height=\"300\" src=\"https:\/\/lpkamrat.se\/wordpress\/wp-content\/uploads\/2025\/12\/julloggan-2-300x300.jpg\" class=\"attachment-medium size-medium wp-image-17241\" alt=\"\" srcset=\"https:\/\/lpkamrat.se\/wordpress\/wp-content\/uploads\/2025\/12\/julloggan-2-300x300.jpg 300w, https:\/\/lpkamrat.se\/wordpress\/wp-content\/uploads\/2025\/12\/julloggan-2-150x150.jpg 150w, https:\/\/lpkamrat.se\/wordpress\/wp-content\/uploads\/2025\/12\/julloggan-2-e1765585140598.jpg 200w\" sizes=\"(max-width: 300px) 100vw, 300px\" \/>\t\t\t\t\t\t\t\t\t\t\t\t\t\t\t<\/div>\n\t\t\t\t<\/div>\n\t\t\t\t<\/div>\n\t\t\t\t\t<\/div>\n\t\t\t\t<\/div>\n\t\t<div class=\"elementor-element elementor-element-b919dc0 e-con-full e-flex e-con e-parent\" data-id=\"b919dc0\" data-element_type=\"container\" data-e-type=\"container\">\n\t\t\t\t<div class=\"elementor-element elementor-element-595b9ba elementor-widget-mobile__width-initial elementor-widget-tablet__width-inherit elementor-widget elementor-widget-text-editor\" data-id=\"595b9ba\" data-element_type=\"widget\" data-e-type=\"widget\" data-widget_type=\"text-editor.default\">\n\t\t\t\t<div class=\"elementor-widget-container\">\n\t\t\t\t\t\t\t\t\t<p><span style=\"font-size: medium;\">Vi g\u00e5r mot slutet av ett \u00e5r d\u00e4r vi p\u00e5 m\u00e5nga s\u00e4tt f\u00e5tt se hur Gud v\u00e4lsignat LP Kamrat. Fler medlemmar, fler som kommit till v\u00e5ra sommarl\u00e4ger, fler verksamheter som har anslutit till LP Kamrat och nya verksamheter som \u00f6ppnat. Samtidigt m\u00f6ter vi hela tiden allt fler som av olika sk\u00e4l hamnat i ensamhet och utanf\u00f6rskap. M\u00e5nga kommer med behov av gemenskap och st\u00f6d men ocks\u00e5 f\u00f6r att man knappt har mat f\u00f6r dagen. Behoven \u00f6kar d\u00e4rf\u00f6r v\u00e4xer LP Kamrat och beh\u00f6vs s\u00e5 l\u00e4nge fokus \u00e4r p\u00e5 uppdraget att finnas f\u00f6r varandra. St\u00f6d och hj\u00e4lp men ocks\u00e5 gl\u00e4dje och gemenskap. <\/span><\/p><p><span style=\"font-size: medium;\">Det var lite kort och det finns mycket mer att ber\u00e4tta. Under 2026 kommer vi att g\u00f6ra nya satsningar p\u00e5 information och gemenskap, tr\u00e4ffar och m\u00f6ten, fika med LP Kamrat men ocks\u00e5 digitalt \u00f6ver n\u00e4tet. <\/span><\/p><p><span style=\"font-size: medium;\">Nu vill vi \u00f6nska er alla en riktigt V\u00e4lsignad Julhelg och ett Gott Nytt \u00c5r. <\/span><\/p><p><span style=\"font-size: medium;\">Vi ses 2026 med nya h\u00e4rliga l\u00e4ger, fester och gemenskap och st\u00f6d och omsorg om varandra. <\/span><\/p>\t\t\t\t\t\t\t\t<\/div>\n\t\t\t\t<\/div>\n\t\t\t\t<div class=\"elementor-element elementor-element-58e4161 elementor-widget elementor-widget-spacer\" data-id=\"58e4161\" data-element_type=\"widget\" data-e-type=\"widget\" data-widget_type=\"spacer.default\">\n\t\t\t\t<div class=\"elementor-widget-container\">\n\t\t\t\t\t\t\t<div class=\"elementor-spacer\">\n\t\t\t<div class=\"elementor-spacer-inner\"><\/div>\n\t\t<\/div>\n\t\t\t\t\t\t<\/div>\n\t\t\t\t<\/div>\n\t\t\t\t<\/div>\n\t\t<div class=\"elementor-element elementor-element-68dc936 e-grid e-con-boxed e-con e-parent\" data-id=\"68dc936\" data-element_type=\"container\" data-e-type=\"container\">\n\t\t\t\t\t<div class=\"e-con-inner\">\n\t\t\t\t<div class=\"elementor-element elementor-element-8af003c elementor-widget__width-auto elementor-widget elementor-widget-image\" data-id=\"8af003c\" data-element_type=\"widget\" data-e-type=\"widget\" data-widget_type=\"image.default\">\n\t\t\t\t<div class=\"elementor-widget-container\">\n\t\t\t\t\t\t\t\t\t\t\t\t\t\t\t<img decoding=\"async\" width=\"414\" height=\"414\" src=\"https:\/\/lpkamrat.se\/wordpress\/wp-content\/uploads\/2025\/12\/julljus.jpg\" class=\"attachment-medium_large size-medium_large wp-image-17237\" alt=\"\" srcset=\"https:\/\/lpkamrat.se\/wordpress\/wp-content\/uploads\/2025\/12\/julljus.jpg 414w, https:\/\/lpkamrat.se\/wordpress\/wp-content\/uploads\/2025\/12\/julljus-300x300.jpg 300w, https:\/\/lpkamrat.se\/wordpress\/wp-content\/uploads\/2025\/12\/julljus-150x150.jpg 150w\" sizes=\"(max-width: 414px) 100vw, 414px\" \/>\t\t\t\t\t\t\t\t\t\t\t\t\t\t\t<\/div>\n\t\t\t\t<\/div>\n\t\t\t\t<div class=\"elementor-element elementor-element-b0d3c1f elementor-widget elementor-widget-text-editor\" data-id=\"b0d3c1f\" data-element_type=\"widget\" data-e-type=\"widget\" data-widget_type=\"text-editor.default\">\n\t\t\t\t<div class=\"elementor-widget-container\">\n\t\t\t\t\t\t\t\t\t<p><span style=\"font-size: medium;\">M\u00e4rsta i december 2025<\/span><\/p><p><span style=\"font-size: medium;\">Varma H\u00e4lsningar,<br \/><\/span><span style=\"font-size: medium;\">Kerstin Eriksson<\/span><\/p>\t\t\t\t\t\t\t\t<\/div>\n\t\t\t\t<\/div>\n\t\t\t\t\t<\/div>\n\t\t\t\t<\/div>\n\t\t\t\t<\/div>\n\t\t","protected":false},"excerpt":{"rendered":"<p>Julh\u00e4lsning 2025 K\u00e4ra v\u00e4nner i Kamratf\u00f6reningen Vi g\u00e5r mot slutet av ett \u00e5r d\u00e4r vi p\u00e5 m\u00e5nga s\u00e4tt f\u00e5tt se hur Gud v\u00e4lsignat LP Kamrat. Fler medlemmar, fler som kommit till v\u00e5ra sommarl\u00e4ger, fler verksamheter som har anslutit till LP Kamrat och nya verksamheter som \u00f6ppnat. Samtidigt m\u00f6ter vi hela tiden allt fler som av&hellip;<\/p>\n","protected":false},"author":5,"featured_media":0,"parent":0,"menu_order":0,"comment_status":"closed","ping_status":"closed","template":"elementor_theme","meta":{"footnotes":""},"class_list":["post-17223","page","type-page","status-publish","hentry"],"aioseo_notices":[],"_links":{"self":[{"href":"https:\/\/lpkamrat.se\/wordpress\/wp-json\/wp\/v2\/pages\/17223","targetHints":{"allow":["GET"]}}],"collection":[{"href":"https:\/\/lpkamrat.se\/wordpress\/wp-json\/wp\/v2\/pages"}],"about":[{"href":"https:\/\/lpkamrat.se\/wordpress\/wp-json\/wp\/v2\/types\/page"}],"author":[{"embeddable":true,"href":"https:\/\/lpkamrat.se\/wordpress\/wp-json\/wp\/v2\/users\/5"}],"replies":[{"embeddable":true,"href":"https:\/\/lpkamrat.se\/wordpress\/wp-json\/wp\/v2\/comments?post=17223"}],"version-history":[{"count":0,"href":"https:\/\/lpkamrat.se\/wordpress\/wp-json\/wp\/v2\/pages\/17223\/revisions"}],"wp:attachment":[{"href":"https:\/\/lpkamrat.se\/wordpress\/wp-json\/wp\/v2\/media?parent=17223"}],"curies":[{"name":"wp","href":"https:\/\/api.w.org\/{rel}","templated":true}]}}