{"id":15818,"date":"2025-08-08T13:28:26","date_gmt":"2025-08-08T11:28:26","guid":{"rendered":"https:\/\/lpkamrat.se\/wordpress\/?page_id=15818"},"modified":"2025-12-19T23:45:47","modified_gmt":"2025-12-19T22:45:47","slug":"kloka-ord","status":"publish","type":"page","link":"https:\/\/lpkamrat.se\/wordpress\/kloka-ord\/","title":{"rendered":"Kloka Ord"},"content":{"rendered":"\t\t<div data-elementor-type=\"wp-page\" data-elementor-id=\"15818\" class=\"elementor elementor-15818\" data-elementor-post-type=\"page\">\n\t\t\t\t<div class=\"elementor-element elementor-element-1bc6150 e-flex e-con-boxed e-con e-parent\" data-id=\"1bc6150\" data-element_type=\"container\" data-e-type=\"container\">\n\t\t\t\t\t<div class=\"e-con-inner\">\n\t\t\t\t<div class=\"elementor-element elementor-element-4a8edce elementor-widget elementor-widget-heading\" data-id=\"4a8edce\" data-element_type=\"widget\" data-e-type=\"widget\" data-widget_type=\"heading.default\">\n\t\t\t\t<div class=\"elementor-widget-container\">\n\t\t\t\t\t<h2 class=\"elementor-heading-title elementor-size-default\">Kloka ord<\/h2>\t\t\t\t<\/div>\n\t\t\t\t<\/div>\n\t\t\t\t\t<\/div>\n\t\t\t\t<\/div>\n\t\t<div class=\"elementor-element elementor-element-eecf5b1 e-flex e-con-boxed e-con e-parent\" data-id=\"eecf5b1\" data-element_type=\"container\" data-e-type=\"container\">\n\t\t\t\t\t<div class=\"e-con-inner\">\n\t\t\t\t<div class=\"elementor-element elementor-element-d34f453 elementor-widget elementor-widget-spacer\" data-id=\"d34f453\" data-element_type=\"widget\" data-e-type=\"widget\" data-widget_type=\"spacer.default\">\n\t\t\t\t<div class=\"elementor-widget-container\">\n\t\t\t\t\t\t\t<div class=\"elementor-spacer\">\n\t\t\t<div class=\"elementor-spacer-inner\"><\/div>\n\t\t<\/div>\n\t\t\t\t\t\t<\/div>\n\t\t\t\t<\/div>\n\t\t\t\t<div class=\"elementor-element elementor-element-3e39747 elementor-widget__width-initial elementor-widget-tablet__width-initial elementor-widget elementor-widget-text-editor\" data-id=\"3e39747\" data-element_type=\"widget\" data-e-type=\"widget\" data-widget_type=\"text-editor.default\">\n\t\t\t\t<div class=\"elementor-widget-container\">\n\t\t\t\t\t\t\t\t\t<h4>Tankar i min ensamhet :<\/h4><p>Vad \u00e4r prio och vad l\u00e4gger vi focus och energi p\u00e5 som kristna?<br \/>Jesu budskap:<\/p><p>&#8221;F\u00f6lj mig&#8221; s\u00e5 skall jag g\u00f6ra er till m\u00e4nniskofiskare!<\/p><p>N\u00e4r Jesus kallade sina l\u00e4rljungar Petrus, Johannes m.fl. och sade: F\u00f6lj mig, s\u00e5 skall jag g\u00f6ra er till m\u00e4nniskofiskare&#8230;s\u00e5 l\u00e4mnade dom ALLT och f\u00f6ljde honom.<\/p><p>V\u00e5r kallelse och uppgift \u00e4r \u00e4ven idag att g\u00e5 ut i samh\u00e4llet, utanf\u00f6r kyrkan och ber\u00e4tta de goda nyheterna om Jesus och v\u00e4gen till Fr\u00e4lsning och frihet.<\/p><p>M\u00f6ta m\u00e4nniskor och behoven d\u00e4r dom finns, bygga upp f\u00f6rtroende och relationer.<br \/>&#8221;Vara kyrka p\u00e5 tv\u00e5 ben&#8221;<\/p><p>Gl\u00f6m inte att du och jag \u00e4r ett redskap som Gud vill anv\u00e4nda!<\/p><p>Det finns inga genv\u00e4gar att vinna seger f\u00f6r Guds rike!<\/p><p>Missionsbefallningen som Jesus gav sina l\u00e4rljungar i sista kapitlet i Matteus evangelium:<\/p><p>G\u00e5 ut I hela v\u00e4rlden och predika evangelium, och g\u00f6r alla folk till l\u00e4rljungar&#8230;.<\/p><p>&#8221;Sk\u00f6rden \u00e4r mogen men arbetarna f\u00e5&#8221;<br \/>Gud v\u00e4lsigne dig min v\u00e4n att vara med i arbetslaget.<\/p><p><em><strong>Glenn Antonsson<\/strong><\/em><\/p>\t\t\t\t\t\t\t\t<\/div>\n\t\t\t\t<\/div>\n\t\t\t\t\t<\/div>\n\t\t\t\t<\/div>\n\t\t<div class=\"elementor-element elementor-element-d4b0616 e-flex e-con-boxed e-con e-parent\" data-id=\"d4b0616\" data-element_type=\"container\" data-e-type=\"container\">\n\t\t\t\t\t<div class=\"e-con-inner\">\n\t\t\t\t<div class=\"elementor-element elementor-element-c9c2183 elementor-widget__width-initial elementor-widget-tablet__width-initial elementor-widget elementor-widget-text-editor\" data-id=\"c9c2183\" data-element_type=\"widget\" data-e-type=\"widget\" data-widget_type=\"text-editor.default\">\n\t\t\t\t<div class=\"elementor-widget-container\">\n\t\t\t\t\t\t\t\t\t<h4><strong><span style=\"color: #000000;\"><span style=\"font-family: Calibri, serif;\"><span style=\"font-size: large;\">Ensam mitt ibland en massa m\u00e4nniskor!?<\/span><\/span><\/span><\/strong><\/h4><p><span style=\"color: #000000;\"><span style=\"font-family: Calibri, serif;\"><span style=\"font-size: large;\">Ja,s\u00e5 kan det faktiskt k\u00e4nnas ibland. Du r\u00f6r dig p\u00e5 stan och iaff\u00e4rer med mycket m\u00e4nniskor runt omkring dig, men \u00e4nd\u00e5 k\u00e4nner du ensamheten krypa\u00a0<\/span><\/span><\/span><span style=\"color: #000000;\"><span style=\"font-family: Calibri, serif;\"><span style=\"font-size: large;\">under huden p\u00e5 dig. Till och med n\u00e4r du \u00e4r<br \/>inbjuden till en samling f\u00f6r att f\u00e5 ta del av en gemenskap, s\u00e5 k\u00e4nner du dig utanf\u00f6r.<\/span><\/span><\/span><\/p><p><span style=\"color: #000000;\"><span style=\"font-family: Calibri, serif;\"><span style=\"font-size: large;\">Varf\u00f6r \u00e4r det s\u00e5? \u00c4r det ingen som ser dig eller f\u00f6rst\u00e5r att du vill k\u00e4nna dig sedd och f\u00e5 kontakt?<\/span><\/span><\/span><\/p><p><span style=\"color: #000000;\"><span style=\"font-family: Calibri, serif;\"><span style=\"font-size: large;\"><b>Kamratf\u00f6reningen\u00a0<\/b>vill skapa gemenskaper d\u00e4r alla \u00e4r lika v\u00e4rdefulla och har n\u00e5got att ge.\u00a0<\/span><\/span><\/span><span style=\"color: #000000;\"><span style=\"font-family: Calibri, serif;\"><span style=\"font-size: large;\">Du kommer inte f\u00f6r att bli servad, utan f\u00f6r att dela med dig av vad du kan bidra med. Det \u00e4r f\u00f6rst n\u00e4r du \u00e4r med och\u00a0bidrar som\u00a0du k\u00e4nner dig beh\u00f6vd.\u00a0<\/span><\/span><\/span><span style=\"color: #000000;\"><span style=\"font-family: Calibri, serif;\"><span style=\"font-size: large;\">N\u00e4r du \u00e4r med och ger, blir det\u00a0en verklig gemenskap d\u00e4r du v\u00e4xer tillsammans med andra.<\/span><\/span><\/span><\/p><p><span style=\"color: #000000;\"><span style=\"font-family: Calibri, serif;\"><span style=\"font-size: large;\">V\u00e4lkommen in i gemenskapen \u00e4ven om du sj\u00e4lv inte tycker att du har n\u00e5got att<br \/>bidra med, men du \u00e4r viktig f\u00f6r oss andra och du har mer att bidra med \u00e4n du tror.\u00a0<\/span><\/span><\/span><\/p><p><span style=\"color: #000000;\"><span style=\"font-family: Calibri, serif;\"><span style=\"font-size: large;\">Du \u00e4r skapad f\u00f6r en \u00e4kta gemenskap!<\/span><\/span><\/span><\/p><p><span style=\"color: #000000;\"><span style=\"font-family: Calibri, serif;\"><span style=\"font-size: large;\">\u00d6nskar dig V\u00e4lkommen!<\/span><\/span><\/span><\/p><p><strong><span style=\"color: #000000;\"><span style=\"font-family: Calibri, serif;\"><span style=\"font-size: large;\">G\u00f6ran Skoog<\/span><\/span><\/span><\/strong><\/p>\t\t\t\t\t\t\t\t<\/div>\n\t\t\t\t<\/div>\n\t\t\t\t\t<\/div>\n\t\t\t\t<\/div>\n\t\t\t\t<\/div>\n\t\t","protected":false},"excerpt":{"rendered":"<p>Kloka ord Tankar i min ensamhet : Vad \u00e4r prio och vad l\u00e4gger vi focus och energi p\u00e5 som kristna?Jesu budskap: &#8221;F\u00f6lj mig&#8221; s\u00e5 skall jag g\u00f6ra er till m\u00e4nniskofiskare! N\u00e4r Jesus kallade sina l\u00e4rljungar Petrus, Johannes m.fl. och sade: F\u00f6lj mig, s\u00e5 skall jag g\u00f6ra er till m\u00e4nniskofiskare&#8230;s\u00e5 l\u00e4mnade dom ALLT och f\u00f6ljde honom.&hellip;<\/p>\n","protected":false},"author":5,"featured_media":0,"parent":0,"menu_order":0,"comment_status":"closed","ping_status":"closed","template":"","meta":{"footnotes":""},"class_list":["post-15818","page","type-page","status-publish","hentry"],"aioseo_notices":[],"_links":{"self":[{"href":"https:\/\/lpkamrat.se\/wordpress\/wp-json\/wp\/v2\/pages\/15818","targetHints":{"allow":["GET"]}}],"collection":[{"href":"https:\/\/lpkamrat.se\/wordpress\/wp-json\/wp\/v2\/pages"}],"about":[{"href":"https:\/\/lpkamrat.se\/wordpress\/wp-json\/wp\/v2\/types\/page"}],"author":[{"embeddable":true,"href":"https:\/\/lpkamrat.se\/wordpress\/wp-json\/wp\/v2\/users\/5"}],"replies":[{"embeddable":true,"href":"https:\/\/lpkamrat.se\/wordpress\/wp-json\/wp\/v2\/comments?post=15818"}],"version-history":[{"count":0,"href":"https:\/\/lpkamrat.se\/wordpress\/wp-json\/wp\/v2\/pages\/15818\/revisions"}],"wp:attachment":[{"href":"https:\/\/lpkamrat.se\/wordpress\/wp-json\/wp\/v2\/media?parent=15818"}],"curies":[{"name":"wp","href":"https:\/\/api.w.org\/{rel}","templated":true}]}}