{"id":15520,"date":"2025-06-25T18:29:12","date_gmt":"2025-06-25T16:29:12","guid":{"rendered":"https:\/\/lpkamrat.se\/wordpress\/?page_id=15520"},"modified":"2025-10-18T22:37:03","modified_gmt":"2025-10-18T20:37:03","slug":"medlemsbrev-juli-2025","status":"publish","type":"page","link":"https:\/\/lpkamrat.se\/wordpress\/medlemsbrev-juli-2025\/","title":{"rendered":"Medlemsbrev juli 2025"},"content":{"rendered":"\t\t<div data-elementor-type=\"wp-page\" data-elementor-id=\"15520\" class=\"elementor elementor-15520\" data-elementor-post-type=\"page\">\n\t\t\t\t<div class=\"elementor-element elementor-element-3b77ac6 e-flex e-con-boxed e-con e-parent\" data-id=\"3b77ac6\" data-element_type=\"container\" data-e-type=\"container\">\n\t\t\t\t\t<div class=\"e-con-inner\">\n\t\t\t\t\t<\/div>\n\t\t\t\t<\/div>\n\t\t<div class=\"elementor-element elementor-element-964df6f e-flex e-con-boxed e-con e-parent\" data-id=\"964df6f\" data-element_type=\"container\" data-e-type=\"container\">\n\t\t\t\t\t<div class=\"e-con-inner\">\n\t\t\t\t<div class=\"elementor-element elementor-element-ebc119b elementor-widget__width-initial elementor-widget elementor-widget-heading\" data-id=\"ebc119b\" data-element_type=\"widget\" data-e-type=\"widget\" data-widget_type=\"heading.default\">\n\t\t\t\t<div class=\"elementor-widget-container\">\n\t\t\t\t\t<h2 class=\"elementor-heading-title elementor-size-default\">Juni 2025<\/h2>\t\t\t\t<\/div>\n\t\t\t\t<\/div>\n\t\t\t\t\t<\/div>\n\t\t\t\t<\/div>\n\t\t<div class=\"elementor-element elementor-element-9b45059 e-flex e-con-boxed e-con e-parent\" data-id=\"9b45059\" data-element_type=\"container\" data-e-type=\"container\">\n\t\t\t\t\t<div class=\"e-con-inner\">\n\t\t\t\t<div class=\"elementor-element elementor-element-f89b530 elementor-widget elementor-widget-image\" data-id=\"f89b530\" data-element_type=\"widget\" data-e-type=\"widget\" data-widget_type=\"image.default\">\n\t\t\t\t<div class=\"elementor-widget-container\">\n\t\t\t\t\t\t\t\t\t\t\t\t\t\t\t<img decoding=\"async\" width=\"170\" height=\"153\" src=\"https:\/\/lpkamrat.se\/wordpress\/wp-content\/uploads\/2025\/06\/lpvkf-logo-blomma.jpg\" class=\"attachment-large size-large wp-image-15538\" alt=\"\" \/>\t\t\t\t\t\t\t\t\t\t\t\t\t\t\t<\/div>\n\t\t\t\t<\/div>\n\t\t\t\t<div class=\"elementor-element elementor-element-6dfa815 elementor-widget elementor-widget-spacer\" data-id=\"6dfa815\" data-element_type=\"widget\" data-e-type=\"widget\" data-widget_type=\"spacer.default\">\n\t\t\t\t<div class=\"elementor-widget-container\">\n\t\t\t\t\t\t\t<div class=\"elementor-spacer\">\n\t\t\t<div class=\"elementor-spacer-inner\"><\/div>\n\t\t<\/div>\n\t\t\t\t\t\t<\/div>\n\t\t\t\t<\/div>\n\t\t\t\t\t<\/div>\n\t\t\t\t<\/div>\n\t\t<div class=\"elementor-element elementor-element-4a60361 e-flex e-con-boxed e-con e-parent\" data-id=\"4a60361\" data-element_type=\"container\" data-e-type=\"container\">\n\t\t\t\t\t<div class=\"e-con-inner\">\n\t\t\t\t<div class=\"elementor-element elementor-element-e0c90c7 elementor-drop-cap-yes elementor-widget-tablet__width-initial elementor-drop-cap-view-default elementor-widget elementor-widget-text-editor\" data-id=\"e0c90c7\" data-element_type=\"widget\" data-e-type=\"widget\" data-settings=\"{&quot;drop_cap&quot;:&quot;yes&quot;}\" data-widget_type=\"text-editor.default\">\n\t\t\t\t<div class=\"elementor-widget-container\">\n\t\t\t\t\t\t\t\t\t<p>Efter en kall och bl\u00f6t f\u00f6rsommar hoppas vi p\u00e5 b\u00e4ttre tider n\u00e4r nu sommaren b\u00f6rjar p\u00e5 riktigt. Vi har mycket att se fram emot, sommarl\u00e4ger p\u00e5 Drakudden 9-12 juli och i Gultebo 4-7 augusti. I \u00e5r \u00e4ven t\u00e4ltvecka i Flatebyn den 23-27 juli. Mer information om dessa veckor finns p\u00e5 Facebook och p\u00e5 hemsidan www.lpkamrat.se. Det kommer att bli h\u00e4rliga veckor. \u00c4r ni inte anm\u00e4lda till l\u00e4gren finns det \u00e4nd\u00e5 m\u00f6jlighet att vara med p\u00e5 dagarna men anm\u00e4l er om ni vill delta i m\u00e5ltiderna.<\/p><p><strong>Nyheter<\/strong> <br \/>\u2022 Ny hemsida &#8211; En ny fr\u00e4sch hemsida med mycket information om LP Kamrat. <br \/>\u2022 LP Kamrat Kvinna &#8211; tar fart under 2025. Grupper \u00e4r i startgroparna, seminarier och utbildningsinsatser planeras. <br \/>\u2022 LP Kamrat Unga &#8211; fler aktiviteter \u00e4r p\u00e5 g\u00e5ng. F\u00f6rutom f\u00f6r motorintresserade \u00e4ven aktiviteter <br \/>f\u00f6r den som \u00e4r intresserad av foto och film. <br \/>\u2022 St\u00f6d- och motivationsboenden \u2013 finns nu p\u00e5 tv\u00e5 platser i LP Kamrat. H\u00f6rnstenen i M\u00e4rsta och H\u00f6rnstenen i Flatebyn.<\/p><p><strong>\u00c5rsm\u00f6tet<\/strong> <br \/>\u00c5rsm\u00f6tet h\u00f6lls i Sigtuna den 26 april. D\u00e5 valdes en ny styrelse, Kerstin Eriksson omvaldes till <br \/>ordf\u00f6rande och Marita Wallh till vice ordf\u00f6rande. \u00d6vriga ledam\u00f6ter i styrelsen \u00e4r Jan \u00c5str\u00f6m, Lotta Armanios, Jimmy Linn\u00e9r, Risto Koponen och Glenn Antonsson.<\/p><p><strong>Medlemsavgift<\/strong> <br \/>\u00c5rsm\u00f6tet beslutade om en liten h\u00f6jning av medlemsavgiften till 200 kronor per \u00e5r. Som tidigare kan styrelsen bevilja avgiftsfrihet f\u00f6r den som inte har m\u00f6jlighet att just nu betala medlemsavgiften. Med det sagt s\u00e5 \u00f6nskar vi naturligtvis att s\u00e5 m\u00e5nga som m\u00f6jligt betalar in medlemsavgiften. Det hj\u00e4lper oss att n\u00e5 ut till fler som beh\u00f6ver kontakt, st\u00f6d och gemenskap.<\/p><p>Tack f\u00f6r att du vill hj\u00e4lpa till. Plusgiro 30 93 60-6, eller Swish: 123 051 65 91.<\/p><p>Gud v\u00e4lsigne er alla, k\u00e4ra LP Kamratv\u00e4nner. Vi ser fram\u00e5t med tillf\u00f6rsikt och har f\u00f6rst\u00e5tt att v\u00e5rt uppdrag i dessa tider \u00e4r viktigare \u00e4n n\u00e5gonsin.<\/p><p>Varma H\u00e4lsningar, <br \/>Kerstin Eriksson<\/p>\t\t\t\t\t\t\t\t<\/div>\n\t\t\t\t<\/div>\n\t\t\t\t\t<\/div>\n\t\t\t\t<\/div>\n\t\t<div class=\"elementor-element elementor-element-5cdbb16 e-grid e-con-boxed e-con e-parent\" data-id=\"5cdbb16\" data-element_type=\"container\" data-e-type=\"container\">\n\t\t\t\t\t<div class=\"e-con-inner\">\n\t\t\t\t<div class=\"elementor-element elementor-element-8094651 elementor-widget elementor-widget-image\" data-id=\"8094651\" data-element_type=\"widget\" data-e-type=\"widget\" data-widget_type=\"image.default\">\n\t\t\t\t<div class=\"elementor-widget-container\">\n\t\t\t\t\t\t\t\t\t\t\t\t\t\t\t<img decoding=\"async\" width=\"398\" height=\"82\" src=\"https:\/\/lpkamrat.se\/wordpress\/wp-content\/uploads\/2025\/06\/grass.jpg\" class=\"attachment-large size-large wp-image-15524\" alt=\"\" srcset=\"https:\/\/lpkamrat.se\/wordpress\/wp-content\/uploads\/2025\/06\/grass.jpg 398w, https:\/\/lpkamrat.se\/wordpress\/wp-content\/uploads\/2025\/06\/grass-300x62.jpg 300w\" sizes=\"(max-width: 398px) 100vw, 398px\" \/>\t\t\t\t\t\t\t\t\t\t\t\t\t\t\t<\/div>\n\t\t\t\t<\/div>\n\t\t\t\t<div class=\"elementor-element elementor-element-0b936e7 elementor-widget elementor-widget-image\" data-id=\"0b936e7\" data-element_type=\"widget\" data-e-type=\"widget\" data-widget_type=\"image.default\">\n\t\t\t\t<div class=\"elementor-widget-container\">\n\t\t\t\t\t\t\t\t\t\t\t\t\t\t\t<img fetchpriority=\"high\" decoding=\"async\" width=\"1024\" height=\"599\" src=\"https:\/\/lpkamrat.se\/wordpress\/wp-content\/uploads\/2025\/06\/vit-2-1024x599.jpg\" class=\"attachment-large size-large wp-image-15523\" alt=\"\" srcset=\"https:\/\/lpkamrat.se\/wordpress\/wp-content\/uploads\/2025\/06\/vit-2-1024x599.jpg 1024w, https:\/\/lpkamrat.se\/wordpress\/wp-content\/uploads\/2025\/06\/vit-2-300x176.jpg 300w, https:\/\/lpkamrat.se\/wordpress\/wp-content\/uploads\/2025\/06\/vit-2-768x450.jpg 768w, https:\/\/lpkamrat.se\/wordpress\/wp-content\/uploads\/2025\/06\/vit-2-1536x899.jpg 1536w, https:\/\/lpkamrat.se\/wordpress\/wp-content\/uploads\/2025\/06\/vit-2.jpg 1920w\" sizes=\"(max-width: 1024px) 100vw, 1024px\" \/>\t\t\t\t\t\t\t\t\t\t\t\t\t\t\t<\/div>\n\t\t\t\t<\/div>\n\t\t\t\t\t<\/div>\n\t\t\t\t<\/div>\n\t\t\t\t<\/div>\n\t\t","protected":false},"excerpt":{"rendered":"<p>Juni 2025 Efter en kall och bl\u00f6t f\u00f6rsommar hoppas vi p\u00e5 b\u00e4ttre tider n\u00e4r nu sommaren b\u00f6rjar p\u00e5 riktigt. Vi har mycket att se fram emot, sommarl\u00e4ger p\u00e5 Drakudden 9-12 juli och i Gultebo 4-7 augusti. I \u00e5r \u00e4ven t\u00e4ltvecka i Flatebyn den 23-27 juli. Mer information om dessa veckor finns p\u00e5 Facebook och p\u00e5&hellip;<\/p>\n","protected":false},"author":5,"featured_media":0,"parent":0,"menu_order":0,"comment_status":"closed","ping_status":"closed","template":"elementor_header_footer","meta":{"footnotes":""},"class_list":["post-15520","page","type-page","status-publish","hentry"],"aioseo_notices":[],"_links":{"self":[{"href":"https:\/\/lpkamrat.se\/wordpress\/wp-json\/wp\/v2\/pages\/15520","targetHints":{"allow":["GET"]}}],"collection":[{"href":"https:\/\/lpkamrat.se\/wordpress\/wp-json\/wp\/v2\/pages"}],"about":[{"href":"https:\/\/lpkamrat.se\/wordpress\/wp-json\/wp\/v2\/types\/page"}],"author":[{"embeddable":true,"href":"https:\/\/lpkamrat.se\/wordpress\/wp-json\/wp\/v2\/users\/5"}],"replies":[{"embeddable":true,"href":"https:\/\/lpkamrat.se\/wordpress\/wp-json\/wp\/v2\/comments?post=15520"}],"version-history":[{"count":0,"href":"https:\/\/lpkamrat.se\/wordpress\/wp-json\/wp\/v2\/pages\/15520\/revisions"}],"wp:attachment":[{"href":"https:\/\/lpkamrat.se\/wordpress\/wp-json\/wp\/v2\/media?parent=15520"}],"curies":[{"name":"wp","href":"https:\/\/api.w.org\/{rel}","templated":true}]}}