{"id":1155,"date":"2019-10-18T11:04:39","date_gmt":"2019-10-18T09:04:39","guid":{"rendered":"http:\/\/utv.lpkamrat.se\/?page_id=1155"},"modified":"2025-10-17T15:09:51","modified_gmt":"2025-10-17T13:09:51","slug":"stod-oss","status":"publish","type":"page","link":"https:\/\/lpkamrat.se\/wordpress\/stod-oss\/","title":{"rendered":"St\u00f6d oss"},"content":{"rendered":"\t\t<div data-elementor-type=\"wp-page\" data-elementor-id=\"1155\" class=\"elementor elementor-1155\" data-elementor-post-type=\"page\">\n\t\t\t\t<div class=\"elementor-element elementor-element-dd2b000 e-flex e-con-boxed e-con e-parent\" data-id=\"dd2b000\" data-element_type=\"container\" data-e-type=\"container\">\n\t\t\t\t\t<div class=\"e-con-inner\">\n\t\t\t\t<div class=\"elementor-element elementor-element-524e7e8 elementor-widget elementor-widget-spacer\" data-id=\"524e7e8\" data-element_type=\"widget\" data-e-type=\"widget\" data-widget_type=\"spacer.default\">\n\t\t\t\t<div class=\"elementor-widget-container\">\n\t\t\t\t\t\t\t<div class=\"elementor-spacer\">\n\t\t\t<div class=\"elementor-spacer-inner\"><\/div>\n\t\t<\/div>\n\t\t\t\t\t\t<\/div>\n\t\t\t\t<\/div>\n\t\t\t\t\t<\/div>\n\t\t\t\t<\/div>\n\t\t<div class=\"elementor-element elementor-element-6363353 e-flex e-con-boxed e-con e-parent\" data-id=\"6363353\" data-element_type=\"container\" data-e-type=\"container\">\n\t\t\t\t\t<div class=\"e-con-inner\">\n\t\t\t\t<div class=\"elementor-element elementor-element-1ff936b elementor-widget elementor-widget-image\" data-id=\"1ff936b\" data-element_type=\"widget\" data-e-type=\"widget\" data-widget_type=\"image.default\">\n\t\t\t\t<div class=\"elementor-widget-container\">\n\t\t\t\t\t\t\t\t\t\t\t\t\t\t\t<img decoding=\"async\" src=\"https:\/\/media.licdn.com\/dms\/image\/v2\/D5612AQH7Zq0BB__80g\/article-cover_image-shrink_720_1280\/article-cover_image-shrink_720_1280\/0\/1686921534258?e=2147483647&#038;v=beta&#038;t=AVoPmzFrPa6nVJUEYKU7_OkXlyhINl21KhyqlGaIfcQ\" title=\"\" alt=\"\" loading=\"lazy\" \/>\t\t\t\t\t\t\t\t\t\t\t\t\t\t\t<\/div>\n\t\t\t\t<\/div>\n\t\t\t\t\t<\/div>\n\t\t\t\t<\/div>\n\t\t<div class=\"elementor-element elementor-element-9bb66c0 e-flex e-con-boxed e-con e-parent\" data-id=\"9bb66c0\" data-element_type=\"container\" data-e-type=\"container\">\n\t\t\t\t\t<div class=\"e-con-inner\">\n\t\t\t\t<div class=\"elementor-element elementor-element-c5bae55 elementor-widget__width-initial elementor-widget elementor-widget-elementskit-heading\" data-id=\"c5bae55\" data-element_type=\"widget\" data-e-type=\"widget\" data-widget_type=\"elementskit-heading.default\">\n\t\t\t\t<div class=\"elementor-widget-container\">\n\t\t\t\t\t<div class=\"ekit-wid-con\" ><div class=\"ekit-heading elementskit-section-title-wraper text_left   ekit_heading_tablet-   ekit_heading_mobile-\"><h3 class=\"ekit-heading--title elementskit-section-title \">Hj\u00e4lp oss att hj\u00e4lpa.<\/h3><h4 class=\"ekit-heading--subtitle elementskit-section-subtitle  \">\n\t\t\t\t\t\tSv\u00e5ra tider f\u00f6r m\u00e5nga.\n\t\t\t\t\t<\/h4>\t\t\t\t<div class='ekit-heading__description'>\n\t\t\t\t\t<p><span style=\"font-family: Calibri, sans-serif\">V\u00e5rt samh\u00e4lle f\u00f6r\u00e4ndras. <\/span><span style=\"font-family: Calibri, sans-serif\">Vi ser att samh\u00e4llets st\u00f6d till enskilda stramas \u00e5t. Det \u00e4r alltmer komplicerat att f\u00e5 f\u00f6rs\u00f6rjningsst\u00f6d f\u00f6r basala behov eller bist\u00e5nd f\u00f6r boende och andra insatser. <\/span><\/p>\n<p><span style=\"font-family: Calibri, sans-serif\">Som ideell f\u00f6rening l\u00e4gger vi \u00f6rat mot marken, lyssnar in hur behoven ser ut och arbetar f\u00f6r att hj\u00e4lpa till d\u00e4r det beh\u00f6vs. <\/span><span style=\"font-family: Calibri, sans-serif\">De stora samh\u00e4llsutmaningarna, den ekonomiska situationen, konsekvenserna av krig och oro har gjort att allt fler v\u00e4nder sig till oss f\u00f6r gemenskap men ocks\u00e5 f\u00f6r att f\u00e5 st\u00f6d f\u00f6r basala behov som mat, st\u00f6d till hyra, mediciner eller l\u00e4karv\u00e5rd<\/span><span style=\"font-family: Calibri, sans-serif\">. St\u00f6d till barnens aktiviteter, m\u00f6jlighet att komma p\u00e5 l\u00e4ger, \u00e4r exempel p\u00e5 andra insatser som LP Kamrat har kunnat bist\u00e5 med. <br \/><\/span><span style=\"font-family: Calibri, sans-serif\"><br \/>H\u00e4r beh\u00f6ver vi hj\u00e4lpas \u00e5t. Utan st\u00f6d fr\u00e5n enskilda g\u00e5vogivare, Second Handbutiker och Stiftelser kan vi inte forts\u00e4tta detta viktiga arbete. <\/span><\/p>\n\t\t\t\t<\/div>\n\t\t\t<\/div><\/div>\t\t\t\t<\/div>\n\t\t\t\t<\/div>\n\t\t\t\t\t<\/div>\n\t\t\t\t<\/div>\n\t\t<div class=\"elementor-element elementor-element-35bdeab e-grid e-con-boxed e-con e-parent\" data-id=\"35bdeab\" data-element_type=\"container\" data-e-type=\"container\">\n\t\t\t\t\t<div class=\"e-con-inner\">\n\t\t\t\t<div class=\"elementor-element elementor-element-7e90afc elementor-widget-mobile__width-initial elementor-widget elementor-widget-image\" data-id=\"7e90afc\" data-element_type=\"widget\" data-e-type=\"widget\" data-widget_type=\"image.default\">\n\t\t\t\t<div class=\"elementor-widget-container\">\n\t\t\t\t\t\t\t\t\t\t\t\t\t\t\t<img fetchpriority=\"high\" decoding=\"async\" width=\"625\" height=\"945\" src=\"https:\/\/lpkamrat.se\/wordpress\/wp-content\/uploads\/2025\/06\/swish-QR-small.png\" class=\"attachment-medium_large size-medium_large wp-image-15141\" alt=\"\" srcset=\"https:\/\/lpkamrat.se\/wordpress\/wp-content\/uploads\/2025\/06\/swish-QR-small.png 625w, https:\/\/lpkamrat.se\/wordpress\/wp-content\/uploads\/2025\/06\/swish-QR-small-198x300.png 198w\" sizes=\"(max-width: 625px) 100vw, 625px\" \/>\t\t\t\t\t\t\t\t\t\t\t\t\t\t\t<\/div>\n\t\t\t\t<\/div>\n\t\t\t\t<div class=\"elementor-element elementor-element-e7a1f6c elementor-widget elementor-widget-text-editor\" data-id=\"e7a1f6c\" data-element_type=\"widget\" data-e-type=\"widget\" data-widget_type=\"text-editor.default\">\n\t\t\t\t<div class=\"elementor-widget-container\">\n\t\t\t\t\t\t\t\t\t<h3><img decoding=\"async\" class=\"wp-image-1157 aligncenter\" src=\"https:\/\/lpkamrat.se\/wordpress\/wp-content\/uploads\/2019\/10\/swish-227x300-227x300.png\" alt=\"\" width=\"98\" height=\"130\" \/><\/h3><h4 style=\"text-align: center;\">Scanna koden eller Swisha manuellt till<br \/><strong>123 051 65 91<\/strong><\/h4><p><img decoding=\"async\" class=\"wp-image-1364 aligncenter\" src=\"https:\/\/lpkamrat.se\/wordpress\/wp-content\/uploads\/2019\/10\/pg-300x228.jpg\" alt=\"\" width=\"132\" height=\"100\" srcset=\"https:\/\/lpkamrat.se\/wordpress\/wp-content\/uploads\/2019\/10\/pg-300x228.jpg 300w, https:\/\/lpkamrat.se\/wordpress\/wp-content\/uploads\/2019\/10\/pg.jpg 550w\" sizes=\"(max-width: 132px) 100vw, 132px\" \/><\/p><h4 style=\"text-align: center;\">Du kan ocks\u00e5 anv\u00e4nda Postgironr: 30 93 60-6<\/h4>\t\t\t\t\t\t\t\t<\/div>\n\t\t\t\t<\/div>\n\t\t\t\t\t<\/div>\n\t\t\t\t<\/div>\n\t\t<div class=\"elementor-element elementor-element-d0c0265 e-flex e-con-boxed e-con e-parent\" data-id=\"d0c0265\" data-element_type=\"container\" data-e-type=\"container\">\n\t\t\t\t\t<div class=\"e-con-inner\">\n\t\t\t\t<div class=\"elementor-element elementor-element-5764045 elementor-widget elementor-widget-spacer\" data-id=\"5764045\" data-element_type=\"widget\" data-e-type=\"widget\" data-widget_type=\"spacer.default\">\n\t\t\t\t<div class=\"elementor-widget-container\">\n\t\t\t\t\t\t\t<div class=\"elementor-spacer\">\n\t\t\t<div class=\"elementor-spacer-inner\"><\/div>\n\t\t<\/div>\n\t\t\t\t\t\t<\/div>\n\t\t\t\t<\/div>\n\t\t\t\t\t<\/div>\n\t\t\t\t<\/div>\n\t\t<div class=\"elementor-element elementor-element-8796564 e-flex e-con-boxed e-con e-parent\" data-id=\"8796564\" data-element_type=\"container\" data-e-type=\"container\">\n\t\t\t\t\t<div class=\"e-con-inner\">\n\t\t\t\t<div class=\"elementor-element elementor-element-ffea8b0 elementor-widget elementor-widget-spacer\" data-id=\"ffea8b0\" data-element_type=\"widget\" data-e-type=\"widget\" data-widget_type=\"spacer.default\">\n\t\t\t\t<div class=\"elementor-widget-container\">\n\t\t\t\t\t\t\t<div class=\"elementor-spacer\">\n\t\t\t<div class=\"elementor-spacer-inner\"><\/div>\n\t\t<\/div>\n\t\t\t\t\t\t<\/div>\n\t\t\t\t<\/div>\n\t\t\t\t\t<\/div>\n\t\t\t\t<\/div>\n\t\t\t\t<\/div>\n\t\t","protected":false},"excerpt":{"rendered":"<p>Hj\u00e4lp oss att hj\u00e4lpa. Sv\u00e5ra tider f\u00f6r m\u00e5nga. V\u00e5rt samh\u00e4lle f\u00f6r\u00e4ndras. Vi ser att samh\u00e4llets st\u00f6d till enskilda stramas \u00e5t. Det \u00e4r alltmer komplicerat att f\u00e5 f\u00f6rs\u00f6rjningsst\u00f6d f\u00f6r basala behov eller bist\u00e5nd f\u00f6r boende och andra insatser. Som ideell f\u00f6rening l\u00e4gger vi \u00f6rat mot marken, lyssnar in hur behoven ser ut och arbetar f\u00f6r att&hellip;<\/p>\n","protected":false},"author":5,"featured_media":0,"parent":0,"menu_order":6,"comment_status":"closed","ping_status":"closed","template":"","meta":{"footnotes":""},"class_list":["post-1155","page","type-page","status-publish","hentry"],"aioseo_notices":[],"_links":{"self":[{"href":"https:\/\/lpkamrat.se\/wordpress\/wp-json\/wp\/v2\/pages\/1155","targetHints":{"allow":["GET"]}}],"collection":[{"href":"https:\/\/lpkamrat.se\/wordpress\/wp-json\/wp\/v2\/pages"}],"about":[{"href":"https:\/\/lpkamrat.se\/wordpress\/wp-json\/wp\/v2\/types\/page"}],"author":[{"embeddable":true,"href":"https:\/\/lpkamrat.se\/wordpress\/wp-json\/wp\/v2\/users\/5"}],"replies":[{"embeddable":true,"href":"https:\/\/lpkamrat.se\/wordpress\/wp-json\/wp\/v2\/comments?post=1155"}],"version-history":[{"count":0,"href":"https:\/\/lpkamrat.se\/wordpress\/wp-json\/wp\/v2\/pages\/1155\/revisions"}],"wp:attachment":[{"href":"https:\/\/lpkamrat.se\/wordpress\/wp-json\/wp\/v2\/media?parent=1155"}],"curies":[{"name":"wp","href":"https:\/\/api.w.org\/{rel}","templated":true}]}}