{"id":10421,"date":"2025-04-10T12:42:37","date_gmt":"2025-04-10T10:42:37","guid":{"rendered":"https:\/\/lpkamrat.se\/wordpress\/?page_id=10421"},"modified":"2026-04-18T21:06:18","modified_gmt":"2026-04-18T19:06:18","slug":"elementor-sida-10421","status":"publish","type":"page","link":"https:\/\/lpkamrat.se\/wordpress\/elementor-sida-10421\/","title":{"rendered":"Vem kan bli medlem"},"content":{"rendered":"\t\t<div data-elementor-type=\"wp-page\" data-elementor-id=\"10421\" class=\"elementor elementor-10421\" data-elementor-post-type=\"page\">\n\t\t\t\t<div class=\"elementor-element elementor-element-f6cd41f e-flex e-con-boxed e-con e-parent\" data-id=\"f6cd41f\" data-element_type=\"container\" data-e-type=\"container\">\n\t\t\t\t\t<div class=\"e-con-inner\">\n\t\t\t\t<div class=\"elementor-element elementor-element-bc4953c elementor-widget elementor-widget-spacer\" data-id=\"bc4953c\" data-element_type=\"widget\" data-e-type=\"widget\" data-widget_type=\"spacer.default\">\n\t\t\t\t<div class=\"elementor-widget-container\">\n\t\t\t\t\t\t\t<div class=\"elementor-spacer\">\n\t\t\t<div class=\"elementor-spacer-inner\"><\/div>\n\t\t<\/div>\n\t\t\t\t\t\t<\/div>\n\t\t\t\t<\/div>\n\t\t\t\t\t<\/div>\n\t\t\t\t<\/div>\n\t\t<div class=\"elementor-element elementor-element-ee3c25b e-flex e-con-boxed e-con e-parent\" data-id=\"ee3c25b\" data-element_type=\"container\" data-e-type=\"container\">\n\t\t\t\t\t<div class=\"e-con-inner\">\n\t\t\t\t<div class=\"elementor-element elementor-element-e30ea94 elementor-widget elementor-widget-image\" data-id=\"e30ea94\" data-element_type=\"widget\" data-e-type=\"widget\" data-widget_type=\"image.default\">\n\t\t\t\t<div class=\"elementor-widget-container\">\n\t\t\t\t\t\t\t\t\t\t\t\t\t\t\t<img fetchpriority=\"high\" decoding=\"async\" width=\"768\" height=\"282\" src=\"https:\/\/lpkamrat.se\/wordpress\/wp-content\/uploads\/2025\/04\/freepik__the-style-is-candid-image-photography-with-natural__57533-e1744302968176-768x282.png\" class=\"attachment-medium_large size-medium_large wp-image-10444\" alt=\"\" srcset=\"https:\/\/lpkamrat.se\/wordpress\/wp-content\/uploads\/2025\/04\/freepik__the-style-is-candid-image-photography-with-natural__57533-e1744302968176-768x282.png 768w, https:\/\/lpkamrat.se\/wordpress\/wp-content\/uploads\/2025\/04\/freepik__the-style-is-candid-image-photography-with-natural__57533-e1744302968176-300x110.png 300w, https:\/\/lpkamrat.se\/wordpress\/wp-content\/uploads\/2025\/04\/freepik__the-style-is-candid-image-photography-with-natural__57533-e1744302968176-1024x376.png 1024w, https:\/\/lpkamrat.se\/wordpress\/wp-content\/uploads\/2025\/04\/freepik__the-style-is-candid-image-photography-with-natural__57533-e1744302968176.png 1344w\" sizes=\"(max-width: 768px) 100vw, 768px\" \/>\t\t\t\t\t\t\t\t\t\t\t\t\t\t\t<\/div>\n\t\t\t\t<\/div>\n\t\t\t\t\t<\/div>\n\t\t\t\t<\/div>\n\t\t<div class=\"elementor-element elementor-element-f0a007e e-flex e-con-boxed e-con e-parent\" data-id=\"f0a007e\" data-element_type=\"container\" data-e-type=\"container\">\n\t\t\t\t\t<div class=\"e-con-inner\">\n\t\t\t\t\t<\/div>\n\t\t\t\t<\/div>\n\t\t<div class=\"elementor-element elementor-element-d873588 e-flex e-con-boxed e-con e-parent\" data-id=\"d873588\" data-element_type=\"container\" data-e-type=\"container\">\n\t\t\t\t\t<div class=\"e-con-inner\">\n\t\t\t\t<div class=\"elementor-element elementor-element-73ab086 elementor-widget elementor-widget-spacer\" data-id=\"73ab086\" data-element_type=\"widget\" data-e-type=\"widget\" data-widget_type=\"spacer.default\">\n\t\t\t\t<div class=\"elementor-widget-container\">\n\t\t\t\t\t\t\t<div class=\"elementor-spacer\">\n\t\t\t<div class=\"elementor-spacer-inner\"><\/div>\n\t\t<\/div>\n\t\t\t\t\t\t<\/div>\n\t\t\t\t<\/div>\n\t\t<div class=\"elementor-element elementor-element-40c8afc e-grid e-con-full e-con e-child\" data-id=\"40c8afc\" data-element_type=\"container\" data-e-type=\"container\">\n\t\t\t\t<div class=\"elementor-element elementor-element-1962dea elementor-widget__width-initial elementor-widget elementor-widget-text-editor\" data-id=\"1962dea\" data-element_type=\"widget\" data-e-type=\"widget\" data-widget_type=\"text-editor.default\">\n\t\t\t\t<div class=\"elementor-widget-container\">\n\t\t\t\t\t\t\t\t\t<p><span style=\"font-size: x-large;\"><b>Medlemskap<\/b><\/span><\/p><p><span style=\"font-size: large;\"><b>Vem kan bli medlem<\/b><\/span><\/p><p><span style=\"font-family: Calibri, sans-serif;\"><span style=\"font-size: large;\"><span style=\"color: #040a19;\">LP Kamrat, \u00e4r en allm\u00e4nnyttig ideell f\u00f6rening som bildades 2006 med syfte att utifr\u00e5n en kristen v\u00e4rdegrund vara en kamratst\u00f6djande gemenskap f\u00f6r personer med social problematik av olika slag och deras anh\u00f6riga. <\/span><\/span><\/span><\/p><p><span style=\"font-family: Calibri, sans-serif;\"><span style=\"font-size: large;\">Medlem i LP Kamrat kan den bli som \u00e4r i behov av gemenskap och st\u00f6d eller som vill vara med i en gemenskap som st\u00f6ttar personer med olika former av social problematik.<\/span><\/span><\/p><p><span style=\"font-family: Calibri, sans-serif;\"><span style=\"font-size: large;\"><span style=\"color: #040a19;\">Medlem i f\u00f6reningen eller som deltagare i aktiviteter ska ha som m\u00e5ls\u00e4ttning att leva utan droger.<\/span><\/span><\/span><\/p><p><span style=\"font-size: large;\"><b>Hur blir man medlem<\/b><\/span><\/p><p><span style=\"font-family: Calibri, sans-serif;\"><span style=\"font-size: large;\">Du ans\u00f6ker om medlemskap i formul\u00e4ret h\u00e4r intill. Eller p\u00e5 en blankett som finns p\u00e5 v\u00e5ra olika verksamheter. Ifylld blankett l\u00e4mnas till ansvariga p\u00e5 platsen. <\/span><\/span><\/p><p><span style=\"font-family: Calibri, sans-serif;\"><span style=\"font-size: large;\">Medlemskapet beviljas sedan av styrelsen och du f\u00e5r ett v\u00e4lkomstbrev. <\/span><\/span><\/p><p><span style=\"font-size: large;\"><b>Vad kostar det att vara medlem<\/b><\/span><\/p><p><span style=\"font-family: Calibri, sans-serif;\"><span style=\"font-size: large;\">Medlemsavgiften \u00e4r 200 kronor per \u00e5r. Styrelsen har m\u00f6jlighet att bevilja avgiftsbefrielse om n\u00e5gon vill bli medlem men har sv\u00e5rt att betala. <\/span><\/span><\/p>\t\t\t\t\t\t\t\t<\/div>\n\t\t\t\t<\/div>\n\t\t<div class=\"elementor-element elementor-element-48fc210 e-grid e-con-full e-con e-child\" data-id=\"48fc210\" data-element_type=\"container\" data-e-type=\"container\">\n\t\t\t\t<div class=\"elementor-element elementor-element-a59a520 elementor-widget-mobile__width-initial elementor-widget elementor-widget-text-editor\" data-id=\"a59a520\" data-element_type=\"widget\" data-e-type=\"widget\" data-widget_type=\"text-editor.default\">\n\t\t\t\t<div class=\"elementor-widget-container\">\n\t\t\t\t\t\t\t\t\t<p>Ans\u00f6k om medlemsskap via formul\u00e4ret<\/p>\t\t\t\t\t\t\t\t<\/div>\n\t\t\t\t<\/div>\n\t\t\t\t<div class=\"elementor-element elementor-element-33b2fa2 elementor-widget elementor-widget-html\" data-id=\"33b2fa2\" data-element_type=\"widget\" data-e-type=\"widget\" data-widget_type=\"html.default\">\n\t\t\t\t<div class=\"elementor-widget-container\">\n\t\t\t\t\t<style>\r\n    @import url(\"https:\/\/fonts.googleapis.com\/css2?family=Figtree:ital,wght@0,300..900;1,300..900&family=Poppins:ital,wght@0,100;0,200;0,300;0,400;0,500;0,600;0,700;0,800;0,900;1,100;1,200;1,300;1,400;1,500;1,600;1,700;1,800;1,900&display=swap\");\r\n\r\n\/** Variables **\/\r\n\r\n:root {\r\n  --color-background: #e7e7e7;\r\n  --color-background-alt: #888888;\r\n  --color-border-active: #da7105;\r\n  --color-border-default: #d1d1d1;\r\n  --color-highlight: #fdcf4c;\r\n  --color-primary: #b64e08;\r\n  --color-primary-active: #79320e;\r\n  --color-text-default: #262626;\r\n  --color-text-muted: #4f4f4f;\r\n\r\n  --font-family-body: \"Figtree\", system-ui, sans-serif;\r\n  --font-family-display: \"Poppins\", system-ui, sans-serif;\r\n}\r\n\r\n\/** Base **\/\r\n\r\n*,\r\n::before,\r\n::after {\r\n  box-sizing: border-box;\r\n}\r\n\r\n* {\r\n  border: 0;\r\n  margin: 0;\r\n  padding: 0;\r\n}\r\n\r\nbody {\r\n  -webkit-font-smoothing: antialiased;\r\n  font-family: var(--font-family-body);\r\n  font-optical-sizing: auto;\r\n  font-style: normal;\r\n}\r\n\r\nbutton,\r\ninput,\r\noptgroup,\r\nselect,\r\ntextarea {\r\n  font-family: inherit;\r\n  font-feature-settings: inherit;\r\n  font-variation-settings: inherit;\r\n  font-size: 100%;\r\n  font-weight: inherit;\r\n  line-height: inherit;\r\n  color: inherit;\r\n  margin: 0;\r\n  padding: 0;\r\n}\r\n\r\n[type=\"checkbox\"],\r\n[type=\"radio\"],\r\n[type=\"range\"] {\r\n  appearance: none;\r\n  flex-shrink: 0;\r\n  padding: 0;\r\n  user-select: none;\r\n}\r\n\r\n[type=\"checkbox\"]:focus,\r\n[type=\"radio\"]:focus,\r\n[type=\"range\"]:focus {\r\n  outline: none;\r\n}\r\n\r\n\/** Components **\/\r\n\r\n.fs-form {\r\n  display: grid;\r\n  row-gap: 1.5rem;\r\n}\r\n\r\n.fs-form:where(.fs-layout__2-column) {\r\n  column-gap: 1.5rem;\r\n  grid-template-columns: 1fr 1fr;\r\n}\r\n\r\nfieldset {\r\n  display: grid;\r\n  margin: 1.5rem 0;\r\n  row-gap: 1.5rem;\r\n}\r\n\r\n.fs-form:where(.fs-layout__2-column) fieldset {\r\n  column-gap: 1.5rem;\r\n  grid-template-columns: 1fr 1fr;\r\n  grid-column: 1 \/ -1;\r\n}\r\n\r\n.fs-fieldset-title {\r\n  color: var(--color-text-default);\r\n  font-family: var(--font-family-display);\r\n  font-size: 1.25rem;\r\n  line-height: 1.75rem;\r\n  margin-bottom: 1.5rem;\r\n  grid-column: 1 \/ -1;\r\n}\r\n\r\n.fs-field {\r\n  display: flex;\r\n  flex-direction: column;\r\n  row-gap: 0.5rem;\r\n}\r\n\r\n.fs-label {\r\n  color: var(--color-text-default);\r\n  display: block;\r\n  font-family: var(--font-family-display);\r\n  font-size: 1rem;\r\n  line-height: 1.25rem;\r\n}\r\n\r\n.fs-description {\r\n  color: var(--color-text-muted);\r\n  display: block;\r\n  font-size: 1rem;\r\n  line-height: 1.25rem;\r\n}\r\n\r\n.fs-button-group {\r\n  display: flex;\r\n  flex-direction: row-reverse;\r\n  column-gap: 1.5rem;\r\n}\r\n\r\n.fs-form:where(.fs-layout__2-column) .fs-button-group {\r\n  grid-column: 1 \/ -1;\r\n}\r\n\r\n.fs-button {\r\n  background-color: var(--color-primary);\r\n  border-radius: 9999px;\r\n  color: white;\r\n  cursor: pointer;\r\n  font-size: 1.125rem;\r\n  font-weight: 600;\r\n  line-height: 1.5rem;\r\n  padding: 0.75rem 2rem;\r\n  transition-duration: 200ms;\r\n  transition-property: background-color;\r\n  transition-timing-function: cubic-bezier(0.4, 0, 0.2, 1);\r\n}\r\n\r\n.fs-button:hover {\r\n  background-color: var(--color-primary-active);\r\n}\r\n\r\n.fs-button:focus-visible {\r\n  background-color: var(--color-primary-active);\r\n  outline: 4px solid var(--color-highlight);\r\n}\r\n\r\n.fs-input,\r\n.fs-select {\r\n  appearance: none;\r\n  border-radius: 9999px;\r\n  border-width: 0;\r\n  box-shadow: var(--color-border-default) 0 0 0 1px inset;\r\n  color: var(--color-text-default);\r\n  font-size: 1rem;\r\n  height: 3rem;\r\n  line-height: 1.5rem;\r\n  outline: none;\r\n  padding-left: 1rem;\r\n  padding-right: 1rem;\r\n}\r\n\r\n.fs-input:focus-visible,\r\n.fs-select:focus-visible {\r\n  box-shadow: var(--color-border-active) 0 0 0 1px inset;\r\n}\r\n\r\n.fs-input::placeholder {\r\n  color: var(--color-text-muted);\r\n}\r\n\r\n.fs-checkbox-group,\r\n.fs-radio-group {\r\n  display: flex;\r\n  flex-direction: column;\r\n  row-gap: 1rem;\r\n}\r\n\r\n.fs-checkbox-field,\r\n.fs-radio-field {\r\n  column-gap: 0.5rem;\r\n  display: flex;\r\n}\r\n\r\n:is(.fs-checkbox-field, .fs-radio-field) .fs-label + .fs-description {\r\n  margin-top: 0.25rem;\r\n}\r\n\r\n.fs-checkbox-wrapper,\r\n.fs-radio-wrapper {\r\n  align-items: center;\r\n  display: flex;\r\n  height: 1.25rem;\r\n}\r\n\r\n.fs-checkbox,\r\n.fs-radio {\r\n  background-color: #fff;\r\n  border: 1px solid var(--color-border-default);\r\n  height: 1.25rem;\r\n  width: 1.25rem;\r\n}\r\n\r\n.fs-checkbox {\r\n  border-radius: 0.25rem;\r\n}\r\n\r\n.fs-radio {\r\n  border-radius: 100%;\r\n}\r\n\r\n.fs-checkbox:checked,\r\n.fs-radio:checked {\r\n  background-color: var(--color-primary);\r\n  background-position: center;\r\n  background-repeat: no-repeat;\r\n  background-size: 100% 100%;\r\n  border-color: transparent;\r\n}\r\n\r\n.fs-checkbox:checked {\r\n  background-image: url(\"data:image\/svg+xml,%3csvg viewBox='0 0 16 16' fill='white' xmlns='http:\/\/www.w3.org\/2000\/svg'%3e%3cpath d='M12.207 4.793a1 1 0 010 1.414l-5 5a1 1 0 01-1.414 0l-2-2a1 1 0 011.414-1.414L6.5 9.086l4.293-4.293a1 1 0 011.414 0z'\/%3e%3c\/svg%3e\");\r\n}\r\n\r\n.fs-radio:checked {\r\n  background-image: url(\"data:image\/svg+xml,%3csvg viewBox='0 0 16 16' fill='white' xmlns='http:\/\/www.w3.org\/2000\/svg'%3e%3ccircle cx='8' cy='8' r='3'\/%3e%3c\/svg%3e\");\r\n}\r\n\r\n.fs-checkbox:focus-visible,\r\n.fs-radio:focus-visible {\r\n  border-color: var(--color-border-active);\r\n  outline: 4px solid var(--color-highlight);\r\n  outline-offset: 0;\r\n}\r\n\r\n.fs-checkbox:checked:focus-visible,\r\n.fs-radio:checked:focus-visible {\r\n  border-color: transparent;\r\n}\r\n\r\n.fs-select {\r\n  background-color: #fff;\r\n  background-image: url(\"data:image\/svg+xml,%3csvg xmlns='http:\/\/www.w3.org\/2000\/svg' fill='none' viewBox='0 0 20 20'%3e%3cpath stroke='%236b7280' stroke-linecap='round' stroke-linejoin='round' stroke-width='1.5' d='M6 8l4 4 4-4'\/%3e%3c\/svg%3e\");\r\n  background-position: right 0.75rem center;\r\n  background-repeat: no-repeat;\r\n  background-size: 1.625em 1.625em;\r\n  padding-right: 2.875rem;\r\n}\r\n\r\n.fs-slider {\r\n  background: transparent;\r\n  cursor: pointer;\r\n  height: 1.25rem;\r\n  width: 100%;\r\n}\r\n\r\n.fs-slider::-moz-range-track {\r\n  background-color: var(--color-background);\r\n  border-radius: 0.5rem;\r\n  height: 0.5rem;\r\n}\r\n\r\n.fs-slider::-webkit-slider-runnable-track {\r\n  background-color: var(--color-background);\r\n  border-radius: 0.5rem;\r\n  height: 0.5rem;\r\n}\r\n\r\n.fs-slider::-moz-range-thumb {\r\n  background-color: var(--color-primary);\r\n  border: none; \/* Removes extra border that FF applies *\/\r\n  border-radius: 50%;\r\n  height: 1.25rem;\r\n  width: 1.25rem;\r\n}\r\n\r\n.fs-slider::-webkit-slider-thumb {\r\n  appearance: none;\r\n  background-color: var(--color-primary);\r\n  border-radius: 50%;\r\n  height: 1.25rem;\r\n  margin-top: -0.375rem; \/* Centers thumb on the track *\/\r\n  width: 1.25rem;\r\n}\r\n\r\n.fs-slider:focus-visible::-moz-range-thumb {\r\n  outline: 2px solid var(--color-primary);\r\n  outline-offset: 2px;\r\n}\r\n\r\n.fs-slider:focus-visible::-webkit-slider-thumb {\r\n  outline: 2px solid var(--color-primary);\r\n  outline-offset: 2px;\r\n}\r\n\r\n.fs-switch {\r\n  background-color: var(--color-background-alt);\r\n  background-image: url(\"data:image\/svg+xml,%3csvg xmlns='http:\/\/www.w3.org\/2000\/svg' viewBox='-4 -4 8 8'%3e%3ccircle r='2.75' fill='white'\/%3e%3c\/svg%3e\");\r\n  background-position: left center;\r\n  background-repeat: no-repeat;\r\n  border-radius: 1.25rem;\r\n  cursor: pointer;\r\n  height: 1.25rem;\r\n  transition-duration: 200ms;\r\n  transition-property: background-color, background-position;\r\n  transition-timing-function: cubic-bezier(0.4, 0, 0.2, 1);\r\n  width: 2.5rem;\r\n}\r\n\r\n.fs-switch:checked {\r\n  background-color: var(--color-primary);\r\n  background-position: right center;\r\n}\r\n\r\n.fs-switch:focus-visible {\r\n  outline: 4px solid var(--color-highlight);\r\n  outline-offset: 0;\r\n}\r\n\r\n.fs-textarea {\r\n  appearance: none;\r\n  border-radius: 0.75rem;\r\n  border-width: 0;\r\n  box-shadow: var(--color-border-default) 0 0 0 1px inset;\r\n  color: var(--color-text-default);\r\n  font-size: 1rem;\r\n  line-height: 1.5rem;\r\n  outline: none;\r\n  padding: 0.5rem 0.75rem;\r\n  resize: vertical;\r\n}\r\n\r\n.fs-textarea:focus-visible {\r\n  box-shadow: var(--color-border-active) 0 0 0 1px inset;\r\n}\r\n\r\n.fs-textarea::placeholder {\r\n  color: var(--color-text-muted);\r\n}\r\n\r\n\/** Utilities **\/\r\n\r\n.col-span-full {\r\n  grid-column: 1 \/ -1;\r\n}\r\n\r\n.fs-textarea::placeholder {\r\n  color: var(--color-text-muted);\r\n}\r\n\r\n.slider-label-container {\r\n  display: flex;\r\n  justify-content: space-between;\r\n  width: 100%;\r\n  margin-top: 0.25rem;\r\n}\r\n\r\n.slider-label-text {\r\n  font-size: 0.75rem;\r\n  color: var(--color-text-muted);\r\n  text-align: center;\r\n  white-space: nowrap;\r\n}\r\n<\/style>\r\n\r\n<form\r\n  action=\"https:\/\/formspree.io\/f\/mzdyrbae\"\r\n  class=\"fs-form\"\r\n  target=\"_top\"\r\n  method=\"POST\"\r\n>\r\n  <div class=\"fs-field\">\r\n    <label class=\"fs-label\" for=\"name\">Ditt namn<\/label>\r\n    <input class=\"fs-input\" id=\"name\" name=\"name\" required \/>\r\n  <\/div>\r\n  <div class=\"fs-field\">\r\n    <label class=\"fs-label\" for=\"email\">Email<\/label>\r\n    <input class=\"fs-input\" id=\"email\" name=\"email\" required \/>\r\n    <p class=\"fs-description\">\r\n      F\u00f6r att vi skall kunna svara dig..\r\n    <\/p>\r\n  <\/div>\r\n  <div class=\"fs-field\">\r\n    <label class=\"fs-label\" for=\"message\">Meddelande<\/label>\r\n    <textarea\r\n      class=\"fs-textarea\"\r\n      id=\"message\"\r\n      name=\"message\"\r\n      required\r\n    ><\/textarea>\r\n    <p class=\"fs-description\">Var s\u00e5 tydlig du kan i ditt meddelande<\/p>\r\n  <\/div>\r\n  <div class=\"fs-button-group\">\r\n    <button class=\"fs-button\" type=\"submit\">Skicka<\/button>\r\n  <\/div>\r\n<\/form>\t\t\t\t<\/div>\n\t\t\t\t<\/div>\n\t\t\t\t<\/div>\n\t\t\t\t<\/div>\n\t\t\t\t\t<\/div>\n\t\t\t\t<\/div>\n\t\t\t\t<\/div>\n\t\t","protected":false},"excerpt":{"rendered":"<p>Medlemskap Vem kan bli medlem LP Kamrat, \u00e4r en allm\u00e4nnyttig ideell f\u00f6rening som bildades 2006 med syfte att utifr\u00e5n en kristen v\u00e4rdegrund vara en kamratst\u00f6djande gemenskap f\u00f6r personer med social problematik av olika slag och deras anh\u00f6riga. Medlem i LP Kamrat kan den bli som \u00e4r i behov av gemenskap och st\u00f6d eller som vill&hellip;<\/p>\n","protected":false},"author":5,"featured_media":0,"parent":0,"menu_order":0,"comment_status":"closed","ping_status":"closed","template":"","meta":{"footnotes":""},"class_list":["post-10421","page","type-page","status-publish","hentry"],"aioseo_notices":[],"_links":{"self":[{"href":"https:\/\/lpkamrat.se\/wordpress\/wp-json\/wp\/v2\/pages\/10421","targetHints":{"allow":["GET"]}}],"collection":[{"href":"https:\/\/lpkamrat.se\/wordpress\/wp-json\/wp\/v2\/pages"}],"about":[{"href":"https:\/\/lpkamrat.se\/wordpress\/wp-json\/wp\/v2\/types\/page"}],"author":[{"embeddable":true,"href":"https:\/\/lpkamrat.se\/wordpress\/wp-json\/wp\/v2\/users\/5"}],"replies":[{"embeddable":true,"href":"https:\/\/lpkamrat.se\/wordpress\/wp-json\/wp\/v2\/comments?post=10421"}],"version-history":[{"count":0,"href":"https:\/\/lpkamrat.se\/wordpress\/wp-json\/wp\/v2\/pages\/10421\/revisions"}],"wp:attachment":[{"href":"https:\/\/lpkamrat.se\/wordpress\/wp-json\/wp\/v2\/media?parent=10421"}],"curies":[{"name":"wp","href":"https:\/\/api.w.org\/{rel}","templated":true}]}}